{"id":1549,"date":"2024-10-25T11:15:58","date_gmt":"2024-10-25T11:15:58","guid":{"rendered":"https:\/\/valfrids.com\/1549-2\/"},"modified":"2025-04-30T23:00:53","modified_gmt":"2025-04-30T23:00:53","slug":"hificare-eng","status":"publish","type":"page","link":"https:\/\/valfrids.com\/en\/hificare-eng\/","title":{"rendered":"Tandbergista Hifi Care"},"content":{"rendered":"\n\t<div class=\"img has-hover x md-x lg-x y md-y lg-y\" id=\"image_944162680\">\n\t\t\t\t\t\t\t\t<div class=\"img-inner dark\" >\n\t\t\t<img loading=\"lazy\" decoding=\"async\" width=\"1020\" height=\"677\" src=\"https:\/\/valfrids.com\/wp-content\/uploads\/2024\/10\/4618425_orig.jpg\" class=\"attachment-large size-large\" alt=\"\" srcset=\"https:\/\/valfrids.com\/wp-content\/uploads\/2024\/10\/4618425_orig.jpg 1100w, https:\/\/valfrids.com\/wp-content\/uploads\/2024\/10\/4618425_orig-603x400.jpg 603w, https:\/\/valfrids.com\/wp-content\/uploads\/2024\/10\/4618425_orig-768x510.jpg 768w, https:\/\/valfrids.com\/wp-content\/uploads\/2024\/10\/4618425_orig-600x398.jpg 600w\" sizes=\"auto, (max-width: 1020px) 100vw, 1020px\" \/>\t\t\t\t\t\t\n\t\t\t\t\t<\/div>\n\t\t\t\t\t\t\t\t\n<style>\n#image_944162680 {\n  width: 100%;\n}\n<\/style>\n\t<\/div>\n\t\n\n\t<section class=\"section show-for-small\" id=\"section_123566425\">\n\t\t<div class=\"bg section-bg fill bg-fill  \" >\n\n\t\t\t\n\t\t\t\n\t\t\t\n\n\t\t<\/div>\n\n\t\t\n\n\t\t<div class=\"section-content relative\">\n\t\t\t\n\n\t<div class=\"img has-hover hidden x md-x lg-x y md-y lg-y\" id=\"image_1466580748\">\n\t\t\t\t\t\t\t\t<div class=\"img-inner dark\" >\n\t\t\t<img loading=\"lazy\" decoding=\"async\" width=\"980\" height=\"326\" src=\"https:\/\/valfrids.com\/wp-content\/uploads\/2024\/10\/Tandbergista-logo-V5.jpg\" class=\"attachment-large size-large\" alt=\"Tandbergista hifi care logo\" srcset=\"https:\/\/valfrids.com\/wp-content\/uploads\/2024\/10\/Tandbergista-logo-V5.jpg 980w, https:\/\/valfrids.com\/wp-content\/uploads\/2024\/10\/Tandbergista-logo-V5-800x266.jpg 800w, https:\/\/valfrids.com\/wp-content\/uploads\/2024\/10\/Tandbergista-logo-V5-768x255.jpg 768w, https:\/\/valfrids.com\/wp-content\/uploads\/2024\/10\/Tandbergista-logo-V5-600x200.jpg 600w\" sizes=\"auto, (max-width: 980px) 100vw, 980px\" \/>\t\t\t\t\t\t\n\t\t\t\t\t<\/div>\n\t\t\t\t\t\t\t\t\n<style>\n#image_1466580748 {\n  width: 48%;\n}\n<\/style>\n\t<\/div>\n\t\n\n\n\t\t<\/div>\n\n\t\t\n<style>\n#section_123566425 {\n  padding-top: 58px;\n  padding-bottom: 58px;\n  margin-bottom: -22px;\n  min-height: 0px;\n}\n#section_123566425 .section-bg.bg-loaded {\n  background-image: url(https:\/\/valfrids.com\/wp-content\/uploads\/2024\/10\/Tandbergista-logo-V5.jpg);\n}\n@media (min-width:550px) {\n  #section_123566425 {\n    padding-top: 149px;\n    padding-bottom: 149px;\n  }\n}\n<\/style>\n\t<\/section>\n\t\n\t<section class=\"section hide-for-small\" id=\"section_203952201\">\n\t\t<div class=\"bg section-bg fill bg-fill  bg-loaded\" >\n\n\t\t\t\n\t\t\t\n\t\t\t\n\n\t\t<\/div>\n\n\t\t\n\n\t\t<div class=\"section-content relative\">\n\t\t\t\n\n\t<div class=\"img has-hover x md-x lg-x y md-y lg-y\" id=\"image_275778748\">\n\t\t\t\t\t\t\t\t<div class=\"img-inner dark\" >\n\t\t\t<img loading=\"lazy\" decoding=\"async\" width=\"980\" height=\"326\" src=\"https:\/\/valfrids.com\/wp-content\/uploads\/2024\/10\/Tandbergista-logo-V5.jpg\" class=\"attachment-large size-large\" alt=\"Tandbergista hifi care logo\" srcset=\"https:\/\/valfrids.com\/wp-content\/uploads\/2024\/10\/Tandbergista-logo-V5.jpg 980w, https:\/\/valfrids.com\/wp-content\/uploads\/2024\/10\/Tandbergista-logo-V5-800x266.jpg 800w, https:\/\/valfrids.com\/wp-content\/uploads\/2024\/10\/Tandbergista-logo-V5-768x255.jpg 768w, https:\/\/valfrids.com\/wp-content\/uploads\/2024\/10\/Tandbergista-logo-V5-600x200.jpg 600w\" sizes=\"auto, (max-width: 980px) 100vw, 980px\" \/>\t\t\t\t\t\t\n\t\t\t\t\t<\/div>\n\t\t\t\t\t\t\t\t\n<style>\n#image_275778748 {\n  width: 48%;\n}\n<\/style>\n\t<\/div>\n\t\n\n\n\t\t<\/div>\n\n\t\t\n<style>\n#section_203952201 {\n  padding-top: 0px;\n  padding-bottom: 0px;\n  margin-bottom: -11px;\n}\n<\/style>\n\t<\/section>\n\t\n\t<div id=\"gap-1833116678\" class=\"gap-element clearfix\" style=\"display:block; height:auto;\">\n\t\t\n<style>\n#gap-1833116678 {\n  padding-top: 30px;\n}\n<\/style>\n\t<\/div>\n\t\n\n<div class=\"container section-title-container\" ><h3 class=\"section-title section-title-normal\"><b><\/b><span class=\"section-title-main\" >Tandbergista Hifi Care - det b\u00e4sta f\u00f6r din vintage hifi<\/span><b><\/b><\/h3><\/div>\n\n<p><span style=\"color: #333333;\"><span style=\"color: #282828;\">F\u00f6r hifi fr\u00e5n den gyllene eran med fantastiska receivers och h\u00f6gtalare, n\u00e4r man lyssnade p\u00e5 vinyl. Ofta har de ju paneler av tr\u00e4. Och klassiska h\u00f6gtalare med tr\u00e4chassis, f\u00f6r deras sk\u00f6tsel erbjuder vi Tandbergistas produkter. <\/span><\/p>\n<p><span style=\"color: #282828;\">Grunden i Tandbergista Hifi Care \u00e4r tr\u00e4oljan, en mycket fin och naturlig olja f\u00f6r tr\u00e4 som du verkligen \u00e4r r\u00e4dd om &#8211; f\u00f6r h\u00f6gtalare och tr\u00e4paneler p\u00e5 klassiska f\u00f6rst\u00e4rkare och skivspelare.<\/span><br \/><span style=\"color: #282828;\">Det finns naturligtvis \u00e4ven nutida hifi som beh\u00f6ver omsorg, t ex Harbeth h\u00f6gtalare, s\u00e5 det \u00e4r inte uteslutande f\u00f6r vintage f\u00f6rst\u00e5s.<\/span><\/p>\n<p><span style=\"color: #282828;\">Tandbergista Hifi Oil fungerar \u00e4ven f\u00f6r m\u00f6bler och annat i hemmet som du \u00e4r r\u00e4dd om. Utan l\u00f6sningsmedel och helt naturlig.<\/span><\/p>\n<p><span style=\"color: #282828;\">Tandbergista \u00e4r en blog om hifi fr\u00e5n den gyllene eran, med fokus p\u00e5 Norska Tandberg:<\/span> <a href=\"https:\/\/tandbergista.home.blog\/\" target=\"_blank\" rel=\"noopener\">Tandbergista<\/a>.<\/p>\n<p><\/span><\/p>\n\t\n  \n    <div class=\"row large-columns-4 medium-columns-3 small-columns-2 row-small\" >\n  \n\t     <div class=\"product-small col has-hover product type-product post-1490 status-publish first instock product_cat-all-products product_cat-hifi-care-en product_cat-home-and-furniture has-post-thumbnail taxable shipping-taxable purchasable product-type-simple\">\n\t<div class=\"col-inner\">\n\t\n<div class=\"badge-container absolute left top z-1\">\n\n<\/div>\n\t<div class=\"product-small box \">\n\t\t<div class=\"box-image\">\n\t\t\t<div class=\"image-fade_in_back\">\n\t\t\t\t<a href=\"https:\/\/valfrids.com\/en\/produkt\/tandbergista-hifi-and-wood-oil\/\" aria-label=\"Tandbergista hifi and wood oil 25 ml\">\n\t\t\t\t\t<img loading=\"lazy\" decoding=\"async\" width=\"300\" height=\"300\" src=\"https:\/\/valfrids.com\/wp-content\/uploads\/2024\/10\/IMG_3489-rot-c-niv-1000x800-1-300x300.jpg\" class=\"attachment-woocommerce_thumbnail size-woocommerce_thumbnail\" alt=\"Tandbergista speaker and furniture oil, photo of bottle in front of stereo receiver\" srcset=\"https:\/\/valfrids.com\/wp-content\/uploads\/2024\/10\/IMG_3489-rot-c-niv-1000x800-1-300x300.jpg 300w, https:\/\/valfrids.com\/wp-content\/uploads\/2024\/10\/IMG_3489-rot-c-niv-1000x800-1-280x280.jpg 280w, https:\/\/valfrids.com\/wp-content\/uploads\/2024\/10\/IMG_3489-rot-c-niv-1000x800-1-100x100.jpg 100w\" sizes=\"auto, (max-width: 300px) 100vw, 300px\" \/><img loading=\"lazy\" decoding=\"async\" width=\"300\" height=\"300\" src=\"https:\/\/valfrids.com\/wp-content\/uploads\/2024\/10\/Fore-o-efter-ett-lager-Tandbergista-olja-En-300x300.jpg\" class=\"show-on-hover absolute fill hide-for-small back-image\" alt=\"Photo of Tandbergista speaker and furniture oil applied to a Tandberg S\u00f6lvsuper 4 tube radio\" srcset=\"https:\/\/valfrids.com\/wp-content\/uploads\/2024\/10\/Fore-o-efter-ett-lager-Tandbergista-olja-En-300x300.jpg 300w, https:\/\/valfrids.com\/wp-content\/uploads\/2024\/10\/Fore-o-efter-ett-lager-Tandbergista-olja-En-280x280.jpg 280w, https:\/\/valfrids.com\/wp-content\/uploads\/2024\/10\/Fore-o-efter-ett-lager-Tandbergista-olja-En-100x100.jpg 100w\" sizes=\"auto, (max-width: 300px) 100vw, 300px\" \/>\t\t\t\t<\/a>\n\t\t\t<\/div>\n\t\t\t<div class=\"image-tools is-small top right show-on-hover\">\n\t\t\t\t\t\t\t<\/div>\n\t\t\t<div class=\"image-tools is-small hide-for-small bottom left show-on-hover\">\n\t\t\t\t\t\t\t<\/div>\n\t\t\t<div class=\"image-tools grid-tools text-center hide-for-small bottom hover-slide-in show-on-hover\">\n\t\t\t\t  <a class=\"quick-view\" data-prod=\"1490\" href=\"#quick-view\">Quick View<\/a>\t\t\t<\/div>\n\t\t\t\t\t<\/div>\n\n\t\t<div class=\"box-text box-text-products\">\n\t\t\t<div class=\"title-wrapper\">\t\t<p class=\"category uppercase is-smaller no-text-overflow product-cat op-7\">\n\t\t\tAll products\t\t<\/p>\n\t<p class=\"name product-title woocommerce-loop-product__title\"><a href=\"https:\/\/valfrids.com\/en\/produkt\/tandbergista-hifi-and-wood-oil\/\" class=\"woocommerce-LoopProduct-link woocommerce-loop-product__link\">Tandbergista hifi and wood oil 25 ml<\/a><\/p><\/div><div class=\"price-wrapper\">\n\t<span class=\"price\"><span class=\"woocommerce-Price-amount amount\"><bdi><span class=\"woocommerce-Price-currencySymbol\">&#36;<\/span>22.99<\/bdi><\/span><\/span>\n<\/div>\t\t<\/div>\n\t<\/div>\n\t\t<\/div>\n<\/div><\/div>\n\n\t<section class=\"section hide-for-small\" id=\"section_212970612\">\n\t\t<div class=\"bg section-bg fill bg-fill  bg-loaded\" >\n\n\t\t\t\n\t\t\t\n\t\t\t\n\n\t\t<\/div>\n\n\t\t\n\n\t\t<div class=\"section-content relative\">\n\t\t\t\n\n\t<div class=\"img has-hover x md-x lg-x y md-y lg-y\" id=\"image_2124239129\">\n\t\t<a class=\"\" href=\"https:\/\/tandbergista.home.blog\/\" target=\"_blank\" rel=\"noopener\">\t\t\t\t\t\t<div class=\"img-inner dark\" >\n\t\t\t<img loading=\"lazy\" decoding=\"async\" width=\"941\" height=\"800\" src=\"https:\/\/valfrids.com\/wp-content\/uploads\/2024\/10\/tandberg-tr-2075-hifiaudiovintagewordpresscom-fix-3-med-V-logo-TBista-4-941x800.jpg\" class=\"attachment-large size-large\" alt=\"Valfrids hifi care, bild p\u00e5 Tandberg TR-2075 receiver.\" srcset=\"https:\/\/valfrids.com\/wp-content\/uploads\/2024\/10\/tandberg-tr-2075-hifiaudiovintagewordpresscom-fix-3-med-V-logo-TBista-4-941x800.jpg 941w, https:\/\/valfrids.com\/wp-content\/uploads\/2024\/10\/tandberg-tr-2075-hifiaudiovintagewordpresscom-fix-3-med-V-logo-TBista-4-471x400.jpg 471w, https:\/\/valfrids.com\/wp-content\/uploads\/2024\/10\/tandberg-tr-2075-hifiaudiovintagewordpresscom-fix-3-med-V-logo-TBista-4-768x653.jpg 768w, https:\/\/valfrids.com\/wp-content\/uploads\/2024\/10\/tandberg-tr-2075-hifiaudiovintagewordpresscom-fix-3-med-V-logo-TBista-4-1536x1306.jpg 1536w, https:\/\/valfrids.com\/wp-content\/uploads\/2024\/10\/tandberg-tr-2075-hifiaudiovintagewordpresscom-fix-3-med-V-logo-TBista-4-600x510.jpg 600w, https:\/\/valfrids.com\/wp-content\/uploads\/2024\/10\/tandberg-tr-2075-hifiaudiovintagewordpresscom-fix-3-med-V-logo-TBista-4.jpg 1600w\" sizes=\"auto, (max-width: 941px) 100vw, 941px\" \/>\t\t\t\t\t\t\n\t\t\t\t\t<\/div>\n\t\t\t\t\t\t<\/a>\t\t\n<style>\n#image_2124239129 {\n  width: 64%;\n}\n<\/style>\n\t<\/div>\n\t\n\n\n\t\t<\/div>\n\n\t\t\n<style>\n#section_212970612 {\n  padding-top: 30px;\n  padding-bottom: 30px;\n}\n<\/style>\n\t<\/section>\n\t\n\t<section class=\"section show-for-small\" id=\"section_1740271798\">\n\t\t<div class=\"bg section-bg fill bg-fill  bg-loaded\" >\n\n\t\t\t\n\t\t\t\n\t\t\t\n\n\t\t<\/div>\n\n\t\t\n\n\t\t<div class=\"section-content relative\">\n\t\t\t\n\n\t<div class=\"img has-hover x md-x lg-x y md-y lg-y\" id=\"image_1376061250\">\n\t\t\t\t\t\t\t\t<div class=\"img-inner dark\" >\n\t\t\t<img loading=\"lazy\" decoding=\"async\" width=\"941\" height=\"800\" src=\"https:\/\/valfrids.com\/wp-content\/uploads\/2024\/10\/tandberg-tr-2075-hifiaudiovintagewordpresscom-fix-3-med-V-logo-TBista-4-941x800.jpg\" class=\"attachment-large size-large\" alt=\"Valfrids hifi care, bild p\u00e5 Tandberg TR-2075 receiver.\" srcset=\"https:\/\/valfrids.com\/wp-content\/uploads\/2024\/10\/tandberg-tr-2075-hifiaudiovintagewordpresscom-fix-3-med-V-logo-TBista-4-941x800.jpg 941w, https:\/\/valfrids.com\/wp-content\/uploads\/2024\/10\/tandberg-tr-2075-hifiaudiovintagewordpresscom-fix-3-med-V-logo-TBista-4-471x400.jpg 471w, https:\/\/valfrids.com\/wp-content\/uploads\/2024\/10\/tandberg-tr-2075-hifiaudiovintagewordpresscom-fix-3-med-V-logo-TBista-4-768x653.jpg 768w, https:\/\/valfrids.com\/wp-content\/uploads\/2024\/10\/tandberg-tr-2075-hifiaudiovintagewordpresscom-fix-3-med-V-logo-TBista-4-1536x1306.jpg 1536w, https:\/\/valfrids.com\/wp-content\/uploads\/2024\/10\/tandberg-tr-2075-hifiaudiovintagewordpresscom-fix-3-med-V-logo-TBista-4-600x510.jpg 600w, https:\/\/valfrids.com\/wp-content\/uploads\/2024\/10\/tandberg-tr-2075-hifiaudiovintagewordpresscom-fix-3-med-V-logo-TBista-4.jpg 1600w\" sizes=\"auto, (max-width: 941px) 100vw, 941px\" \/>\t\t\t\t\t\t\n\t\t\t\t\t<\/div>\n\t\t\t\t\t\t\t\t\n<style>\n#image_1376061250 {\n  width: 100%;\n}\n@media (min-width:550px) {\n  #image_1376061250 {\n    width: 64%;\n  }\n}\n<\/style>\n\t<\/div>\n\t\n\n\n\t\t<\/div>\n\n\t\t\n<style>\n#section_1740271798 {\n  padding-top: 27px;\n  padding-bottom: 27px;\n}\n@media (min-width:550px) {\n  #section_1740271798 {\n    padding-top: 30px;\n    padding-bottom: 30px;\n  }\n}\n<\/style>\n\t<\/section>\n\t\n\n","protected":false},"excerpt":{"rendered":"","protected":false},"author":1,"featured_media":0,"parent":0,"menu_order":0,"comment_status":"closed","ping_status":"closed","template":"","meta":{"footnotes":""},"class_list":["post-1549","page","type-page","status-publish","hentry"],"_links":{"self":[{"href":"https:\/\/valfrids.com\/en\/wp-json\/wp\/v2\/pages\/1549","targetHints":{"allow":["GET"]}}],"collection":[{"href":"https:\/\/valfrids.com\/en\/wp-json\/wp\/v2\/pages"}],"about":[{"href":"https:\/\/valfrids.com\/en\/wp-json\/wp\/v2\/types\/page"}],"author":[{"embeddable":true,"href":"https:\/\/valfrids.com\/en\/wp-json\/wp\/v2\/users\/1"}],"replies":[{"embeddable":true,"href":"https:\/\/valfrids.com\/en\/wp-json\/wp\/v2\/comments?post=1549"}],"version-history":[{"count":19,"href":"https:\/\/valfrids.com\/en\/wp-json\/wp\/v2\/pages\/1549\/revisions"}],"predecessor-version":[{"id":1736,"href":"https:\/\/valfrids.com\/en\/wp-json\/wp\/v2\/pages\/1549\/revisions\/1736"}],"wp:attachment":[{"href":"https:\/\/valfrids.com\/en\/wp-json\/wp\/v2\/media?parent=1549"}],"curies":[{"name":"wp","href":"https:\/\/api.w.org\/{rel}","templated":true}]}}