{"id":1307,"date":"2024-08-05T13:56:25","date_gmt":"2024-08-05T13:56:25","guid":{"rendered":"https:\/\/valfrids.com\/terms-of-purchase\/"},"modified":"2024-12-02T18:25:03","modified_gmt":"2024-12-02T18:25:03","slug":"terms-of-purchase","status":"publish","type":"page","link":"https:\/\/valfrids.com\/en\/terms-of-purchase\/","title":{"rendered":"Terms of purchase"},"content":{"rendered":"\n\t<section class=\"section\" id=\"section_298078140\">\n\t\t<div class=\"bg section-bg fill bg-fill  bg-loaded\" >\n\n\t\t\t\n\t\t\t<div class=\"section-bg-overlay absolute fill\"><\/div>\n\t\t\t\n\n\t\t<\/div>\n\n\t\t\n\n\t\t<div class=\"section-content relative\">\n\t\t\t\n\n<div class=\"row row-large align-middle\"  id=\"row-339711288\">\n\n\n\t<div id=\"col-286248779\" class=\"col medium-6 small-12 large-6\"  >\n\t\t\t\t<div class=\"col-inner text-left\"  >\n\t\t\t\n\t\t\t\n\n<h1>Terms of purchase<\/h1>\n<h3>Shipping and delivery<\/h3>\n<p><span style=\"color: #423e3e;\">We ship goods from our warehouse in T\u00e4by outside Stockholm every weekday.<\/span><br><span style=\"color: #423e3e;\">For delivery within Sweden, depending on where you live, delivery usually takes 2-3 days.<br>We normally ship with DHL to agents, but can sometimes choose Postnord for smaller shipments.<\/span><br><span style=\"color: #423e3e;\">The notification from DHL says Valfrids \/ Logcare AB.<\/span><\/p>\n<p><span style=\"color: #423e3e;\">What is the cost of shipping?<\/span><br><span style=\"color: #423e3e;\">Sweden over 500 SEK &#8211; free of charge.<\/span><br><span style=\"color: #423e3e;\">Sweden under 500 kr &#8211; 49 kr.<\/span><br><span style=\"color: #423e3e;\">Scandinavia and the Baltics &#8211; free over 600 kr, otherwise 79 kr.<\/span><br><span style=\"color: #423e3e;\">EU &#8211; 89 kr<\/span><br><span style=\"color: #423e3e;\">Rest of the world &#8211; 195 kr.<\/span><\/p>\n<p><span style=\"color: #423e3e;\">We ship all over the world.  <\/span><br><span style=\"color: #423e3e;\">If you live in Norway or outside the EU, you may have to pay customs duties.<\/span><\/p>\n\n\t\t<\/div>\n\t\t\t\t\n<style>\n#col-286248779 > .col-inner {\n  padding: 0px 0px 0px 13px;\n  margin: 0px 0px 0px 6px;\n}\n<\/style>\n\t<\/div>\n\n\t\n\n\t<div id=\"col-1669510372\" class=\"col medium-6 small-12 large-6\"  >\n\t\t\t\t<div class=\"col-inner text-center\"  >\n\t\t\t\n\t\t\t\n\n\t<div class=\"img has-hover x md-x lg-x y md-y lg-y\" id=\"image_1594666509\">\n\t\t\t\t\t\t\t\t<div class=\"img-inner dark\" >\n\t\t\t<img loading=\"lazy\" decoding=\"async\" width=\"480\" height=\"720\" src=\"https:\/\/valfrids.com\/wp-content\/uploads\/2024\/08\/driving-katten.jpg\" class=\"attachment-large size-large\" alt=\"En cool katt med orange solglas\u00f6gon k\u00f6r en \u00f6ppen orange sportbil p\u00e5 en motorv\u00e4g ute p\u00e5 landet, solen skiner\" srcset=\"https:\/\/valfrids.com\/wp-content\/uploads\/2024\/08\/driving-katten.jpg 480w, https:\/\/valfrids.com\/wp-content\/uploads\/2024\/08\/driving-katten-267x400.jpg 267w\" sizes=\"auto, (max-width: 480px) 100vw, 480px\" \/>\t\t\t\t\t\t\n\t\t\t\t\t<\/div>\n\t\t\t\t\t\t\t\t\n<style>\n#image_1594666509 {\n  width: 72%;\n}\n<\/style>\n\t<\/div>\n\t\n\n\n\t\t<\/div>\n\t\t\t\t\t<\/div>\n\n\t\n\n<\/div>\n\n\t\t<\/div>\n\n\t\t\n<style>\n#section_298078140 {\n  padding-top: 0px;\n  padding-bottom: 0px;\n  margin-bottom: 0px;\n  background-color: rgb(193, 193, 193);\n}\n#section_298078140 .section-bg-overlay {\n  background-color: rgba(255, 255, 255, 0.85);\n}\n<\/style>\n\t<\/section>\n\t\n\t<section class=\"section\" id=\"section_524156303\">\n\t\t<div class=\"bg section-bg fill bg-fill  bg-loaded\" >\n\n\t\t\t\n\t\t\t<div class=\"section-bg-overlay absolute fill\"><\/div>\n\t\t\t\n\n\t\t<\/div>\n\n\t\t\n\n\t\t<div class=\"section-content relative\">\n\t\t\t\n\n<section id=\"section_698846005\" class=\"section hide-for-medium\">\n<div class=\"section-content relative\">\n<div id=\"text-4094024025\" class=\"text\">\n<div id=\"col-1164368040\" class=\"col medium-9 small-12 large-9\">\n<div class=\"col-inner\">\n<h3>Pay<\/h3>\n<p><span style=\"color: #423e3e;\">You can pay with:<\/span><br><span style=\"color: #423e3e;\">1) Cards, via Payson.<\/span><br><span style=\"color: #423e3e;\">2) Invoice (invoice comes from Payson\/Svea).<\/span><br><span style=\"color: #423e3e;\">3) Swish &#8211; Note that Svea Bank AB is listed as the recipient on Swish.<\/span><\/p>\n<p><span style=\"color: #423e3e;\">At checkout, your address details are automatically downloaded.\nIf the data is incorrect or you want to fill it in yourself, you can clear the loaded information and enter it yourself. <\/span><\/p>\n<p><span style=\"color: #423e3e;\">The payments are handled by <a href=\"https:\/\/www.payson.se\/sv\/\" target=\"_blank\" rel=\"noopener\">Payson<\/a>, which is one of the large and reputable payment solutions in Scandinavia.<\/span><br><span style=\"color: #423e3e;\">We do not process any card details.\nNor do we store any data. <\/span><\/p>\n<h3>Help!<\/h3>\n<p><span style=\"color: #423e3e;\">Personalized service!\nDon&#8217;t hesitate to ask.\nWe will help you.\nTelephone 010 205 00 12.\nOr email (you can find the address under    <\/span> <a href=\"https:\/\/hildestahl.com\/kontakt\/\" target=\"_blank\" rel=\"noopener\">Contact<\/a>).<br><span style=\"color: #423e3e;\">If you would like help shopping on our webshop, call us and we can guide you through.\nBut it is very easy to shop with us. <\/span><\/p>\n<h3><span style=\"color: #423e3e;\">Prices<\/span><\/h3>\n<p><span style=\"color: #423e3e;\">Is in SEK.\nVAT 25%. <\/span><br><span style=\"color: #423e3e;\">You can shop with cards from other countries, the currency is converted to your currency.<\/span><\/p>\n<p><span style=\"color: #423e3e;\">&#8220;What you see is what you get&#8221;.\nWhat you see on the webshop is exactly what you get when you order. <\/span><\/p>\n<h3>Online or physical store?<\/h3>\n<p><span style=\"color: #333333;\">&#8220;Do you have a physical store?&#8221;, we are sometimes asked.\nNo, unfortunately not at the moment.\nWe are only available online.\nHowever, it is possible to pick up directly from our warehouse, if you live in Stockholm, as we are located in T\u00e4by.\nPlease contact us in that case.    <\/span><\/p>\n<h3>Do you regret it?<\/h3>\n<p><span style=\"color: #423e3e;\">You can return an item if you have changed your mind for any reason within 14 days.\nIt must be unopened\/unused of course. <\/span><br><span style=\"color: #423e3e;\">If we have sent the wrong product or made a mistake, we will of course correct it.<\/span><br><span style=\"color: #423e3e;\">Once we receive the returned goods, we will send you the money back as quickly as possible.<\/span><\/p>\n<p><span style=\"color: #423e3e;\"><strong>If you want to return something &#8211; contact us first!<\/strong> We&#8217;ll send you <strong>a return slip<\/strong> and we&#8217;ll pay the shipping.<\/span><\/p>\n<p><span style=\"color: #423e3e;\">Valfrids.com is operated by Hildest\u00e5hl Grosshandel.<\/span><br><span style=\"color: #423e3e;\">Midg\u00e5rdsv\u00e4gen 16<\/span><br><span style=\"color: #423e3e;\">18774 T\u00e4by<\/span><br><span style=\"color: #423e3e;\">Tel 010 205 00 12<\/span><br><span style=\"color: #423e3e;\">Org nr 710325-0192<\/span><\/p>\n<\/div>\n<\/div>\n<\/div>\n<\/div>\n<\/section>\n\n\t\t<\/div>\n\n\t\t\n<style>\n#section_524156303 {\n  padding-top: 0px;\n  padding-bottom: 0px;\n  margin-bottom: 0px;\n  background-color: rgb(204, 204, 204);\n}\n#section_524156303 .section-bg-overlay {\n  background-color: rgba(255, 255, 255, 0.85);\n}\n@media (min-width:850px) {\n  #section_524156303 {\n    padding-top: 0px;\n    padding-bottom: 0px;\n  }\n}\n<\/style>\n\t<\/section>\n\t\n\n","protected":false},"excerpt":{"rendered":"","protected":false},"author":1,"featured_media":0,"parent":0,"menu_order":0,"comment_status":"closed","ping_status":"closed","template":"","meta":{"footnotes":""},"class_list":["post-1307","page","type-page","status-publish","hentry"],"_links":{"self":[{"href":"https:\/\/valfrids.com\/en\/wp-json\/wp\/v2\/pages\/1307","targetHints":{"allow":["GET"]}}],"collection":[{"href":"https:\/\/valfrids.com\/en\/wp-json\/wp\/v2\/pages"}],"about":[{"href":"https:\/\/valfrids.com\/en\/wp-json\/wp\/v2\/types\/page"}],"author":[{"embeddable":true,"href":"https:\/\/valfrids.com\/en\/wp-json\/wp\/v2\/users\/1"}],"replies":[{"embeddable":true,"href":"https:\/\/valfrids.com\/en\/wp-json\/wp\/v2\/comments?post=1307"}],"version-history":[{"count":4,"href":"https:\/\/valfrids.com\/en\/wp-json\/wp\/v2\/pages\/1307\/revisions"}],"predecessor-version":[{"id":1893,"href":"https:\/\/valfrids.com\/en\/wp-json\/wp\/v2\/pages\/1307\/revisions\/1893"}],"wp:attachment":[{"href":"https:\/\/valfrids.com\/en\/wp-json\/wp\/v2\/media?parent=1307"}],"curies":[{"name":"wp","href":"https:\/\/api.w.org\/{rel}","templated":true}]}}