{"id":1105,"date":"2024-07-23T17:27:56","date_gmt":"2024-07-23T17:27:56","guid":{"rendered":"https:\/\/valfrids.com\/about-valfrids\/"},"modified":"2025-04-30T23:03:16","modified_gmt":"2025-04-30T23:03:16","slug":"about-valfrids","status":"publish","type":"page","link":"https:\/\/valfrids.com\/en\/about-valfrids\/","title":{"rendered":"About Valfrids"},"content":{"rendered":"\n<div class=\"container section-title-container\" ><h3 class=\"section-title section-title-center\"><b><\/b><span class=\"section-title-main\" >About Valfrids<\/span><b><\/b><\/h3><\/div>\n\n<p><span style=\"font-size: 115%;\"><strong><span style=\"color: #333333;\">Leather and wood are like your skin, you don&#8217;t want to use solvents and toxic chemicals on them!<\/span><\/strong><\/span><\/p>\n<p><span style=\"color: #333333;\">It all started back in 2008, when Valfrids founder Jens, was going to oil a teak table &#8211; with a solvent-based wood oil. It was done indoors, the smell was unbearable and caused headaches. This led to the realization that solvent-based and chemical products are not so good, neither for the wood nor for the people who use them.<\/span><\/p>\n<p><span style=\"color: #663423;\"><em>&#8221; With a large collection of vintage boots from the 70s, it was then natural to ask, what to use on them, if you don&#8217;t want to use the cheap and thinner smelling creams you find in shoe stores? With little experience of such chemicals, and a growing collection of boots that are 50 years old, made from really high quality leather, it was a matter of choosing the right one.  <\/em><\/span><\/p>\n<p><span style=\"color: #663423;\"><em>The search for the ultimate in quality footwear products led to Tapir in Germany. Leather is a natural product and you don&#8217;t want to <span style=\"color: #663423;\">use<\/span> petrochemical solvents on it. After using Tapir privately for many years, on my collection of vintage boots and leather jackets, I ended up selling them in Scandinavia and introducing these great products to others.<\/em><\/span><\/p>\n<p><span style=\"color: #663423;\">In addition, I used to run the bag brand <strong><em><a style=\"color: #663423;\" href=\"https:\/\/hildestahl-leathergoods.com\/\" target=\"_blank\" rel=\"noopener\">Hildest\u00e5hl<\/a><\/em>,<\/strong> with a collection of handmade leather bags, using leather from top quality European tanneries. There, the appreciation for craftsmanship, natural materials and artisanal traditional production was awakened. And of course, caring for them properly. &#8220;<\/span><\/p>\n<p><span style=\"color: #333333;\">Since then, the Valfrids range has grown to include products for furniture, antiques, home, car and outdoor life.<br><\/span><span style=\"color: #333333;\">Valfrids started with Tapir. Read more about Tapir&#8217;s history <a href=\"https:\/\/valfrids.com\/en\/about-tapir\/\">here.<\/a><br><\/span><\/p>\n<div class=\"slider-wrapper relative\" id=\"slider-1448059372\" >\n    <div class=\"slider slider-nav-circle slider-nav-normal slider-nav-light slider-style-normal slider-show-nav\"\n        data-flickity-options='{\n            \"cellAlign\": \"center\",\n            \"imagesLoaded\": true,\n            \"lazyLoad\": 1,\n            \"freeScroll\": false,\n            \"wrapAround\": true,\n            \"autoPlay\": 1000,\n            \"pauseAutoPlayOnHover\" : true,\n            \"prevNextButtons\": true,\n            \"contain\" : true,\n            \"adaptiveHeight\" : true,\n            \"dragThreshold\" : 10,\n            \"percentPosition\": true,\n            \"pageDots\": true,\n            \"rightToLeft\": false,\n            \"draggable\": true,\n            \"selectedAttraction\": 0.1,\n            \"parallax\" : 0,\n            \"friction\": 0.6        }'\n        >\n        \n\n\t<div class=\"img has-hover x md-x lg-x y md-y lg-y\" id=\"image_1459274783\">\n\t\t\t\t\t\t\t\t<div class=\"img-inner dark\" >\n\t\t\t<img loading=\"lazy\" decoding=\"async\" width=\"550\" height=\"594\" src=\"https:\/\/valfrids.com\/wp-content\/uploads\/2024\/10\/Hildestahl_Weekend2.jpg\" class=\"attachment-large size-large\" alt=\"\" srcset=\"https:\/\/valfrids.com\/wp-content\/uploads\/2024\/10\/Hildestahl_Weekend2.jpg 550w, https:\/\/valfrids.com\/wp-content\/uploads\/2024\/10\/Hildestahl_Weekend2-370x400.jpg 370w\" sizes=\"auto, (max-width: 550px) 100vw, 550px\" \/>\t\t\t\t\t\t\n\t\t\t\t\t<\/div>\n\t\t\t\t\t\t\t\t\n<style>\n#image_1459274783 {\n  width: 100%;\n}\n<\/style>\n\t<\/div>\n\t\n\n\t<div class=\"img has-hover x md-x lg-x y md-y lg-y\" id=\"image_969643773\">\n\t\t\t\t\t\t\t\t<div class=\"img-inner dark\" >\n\t\t\t<img loading=\"lazy\" decoding=\"async\" width=\"550\" height=\"594\" src=\"https:\/\/valfrids.com\/wp-content\/uploads\/2024\/10\/Hildestahl_Valfrid_Tote6.jpg\" class=\"attachment-large size-large\" alt=\"\" srcset=\"https:\/\/valfrids.com\/wp-content\/uploads\/2024\/10\/Hildestahl_Valfrid_Tote6.jpg 550w, https:\/\/valfrids.com\/wp-content\/uploads\/2024\/10\/Hildestahl_Valfrid_Tote6-370x400.jpg 370w\" sizes=\"auto, (max-width: 550px) 100vw, 550px\" \/>\t\t\t\t\t\t\n\t\t\t\t\t<\/div>\n\t\t\t\t\t\t\t\t\n<style>\n#image_969643773 {\n  width: 100%;\n}\n<\/style>\n\t<\/div>\n\t\n\n\t<div class=\"img has-hover x md-x lg-x y md-y lg-y\" id=\"image_1061920884\">\n\t\t\t\t\t\t\t\t<div class=\"img-inner dark\" >\n\t\t\t<img loading=\"lazy\" decoding=\"async\" width=\"550\" height=\"594\" src=\"https:\/\/valfrids.com\/wp-content\/uploads\/2024\/10\/Hildestahl_Weekend1.jpg\" class=\"attachment-large size-large\" alt=\"\" srcset=\"https:\/\/valfrids.com\/wp-content\/uploads\/2024\/10\/Hildestahl_Weekend1.jpg 550w, https:\/\/valfrids.com\/wp-content\/uploads\/2024\/10\/Hildestahl_Weekend1-370x400.jpg 370w\" sizes=\"auto, (max-width: 550px) 100vw, 550px\" \/>\t\t\t\t\t\t\n\t\t\t\t\t<\/div>\n\t\t\t\t\t\t\t\t\n<style>\n#image_1061920884 {\n  width: 100%;\n}\n<\/style>\n\t<\/div>\n\t\n\n\t<div class=\"img has-hover x md-x lg-x y md-y lg-y\" id=\"image_1084641903\">\n\t\t\t\t\t\t\t\t<div class=\"img-inner dark\" >\n\t\t\t<img loading=\"lazy\" decoding=\"async\" width=\"550\" height=\"594\" src=\"https:\/\/valfrids.com\/wp-content\/uploads\/2024\/10\/Hildestahl_Medium1_Duffel5.jpg\" class=\"attachment-large size-large\" alt=\"\" srcset=\"https:\/\/valfrids.com\/wp-content\/uploads\/2024\/10\/Hildestahl_Medium1_Duffel5.jpg 550w, https:\/\/valfrids.com\/wp-content\/uploads\/2024\/10\/Hildestahl_Medium1_Duffel5-370x400.jpg 370w\" sizes=\"auto, (max-width: 550px) 100vw, 550px\" \/>\t\t\t\t\t\t\n\t\t\t\t\t<\/div>\n\t\t\t\t\t\t\t\t\n<style>\n#image_1084641903 {\n  width: 100%;\n}\n<\/style>\n\t<\/div>\n\t\n\n\t<div class=\"img has-hover x md-x lg-x y md-y lg-y\" id=\"image_1136304758\">\n\t\t\t\t\t\t\t\t<div class=\"img-inner dark\" >\n\t\t\t<img loading=\"lazy\" decoding=\"async\" width=\"550\" height=\"594\" src=\"https:\/\/valfrids.com\/wp-content\/uploads\/2024\/10\/Hildestahl_Valfrid_Tote2.jpg\" class=\"attachment-large size-large\" alt=\"\" srcset=\"https:\/\/valfrids.com\/wp-content\/uploads\/2024\/10\/Hildestahl_Valfrid_Tote2.jpg 550w, https:\/\/valfrids.com\/wp-content\/uploads\/2024\/10\/Hildestahl_Valfrid_Tote2-370x400.jpg 370w\" sizes=\"auto, (max-width: 550px) 100vw, 550px\" \/>\t\t\t\t\t\t\n\t\t\t\t\t<\/div>\n\t\t\t\t\t\t\t\t\n<style>\n#image_1136304758 {\n  width: 100%;\n}\n<\/style>\n\t<\/div>\n\t\n\n\t<div class=\"img has-hover x md-x lg-x y md-y lg-y\" id=\"image_1816582058\">\n\t\t\t\t\t\t\t\t<div class=\"img-inner dark\" >\n\t\t\t<img loading=\"lazy\" decoding=\"async\" width=\"550\" height=\"594\" src=\"https:\/\/valfrids.com\/wp-content\/uploads\/2024\/10\/Hildestahl_Medium2_Duffel1.jpg\" class=\"attachment-large size-large\" alt=\"\" srcset=\"https:\/\/valfrids.com\/wp-content\/uploads\/2024\/10\/Hildestahl_Medium2_Duffel1.jpg 550w, https:\/\/valfrids.com\/wp-content\/uploads\/2024\/10\/Hildestahl_Medium2_Duffel1-370x400.jpg 370w\" sizes=\"auto, (max-width: 550px) 100vw, 550px\" \/>\t\t\t\t\t\t\n\t\t\t\t\t<\/div>\n\t\t\t\t\t\t\t\t\n<style>\n#image_1816582058 {\n  width: 100%;\n}\n<\/style>\n\t<\/div>\n\t\n\n\t<div class=\"img has-hover x md-x lg-x y md-y lg-y\" id=\"image_1413279688\">\n\t\t\t\t\t\t\t\t<div class=\"img-inner dark\" >\n\t\t\t<img loading=\"lazy\" decoding=\"async\" width=\"550\" height=\"594\" src=\"https:\/\/valfrids.com\/wp-content\/uploads\/2024\/10\/Hildestahl_Medium1_Duffel1.jpg\" class=\"attachment-large size-large\" alt=\"\" srcset=\"https:\/\/valfrids.com\/wp-content\/uploads\/2024\/10\/Hildestahl_Medium1_Duffel1.jpg 550w, https:\/\/valfrids.com\/wp-content\/uploads\/2024\/10\/Hildestahl_Medium1_Duffel1-370x400.jpg 370w\" sizes=\"auto, (max-width: 550px) 100vw, 550px\" \/>\t\t\t\t\t\t\n\t\t\t\t\t<\/div>\n\t\t\t\t\t\t\t\t\n<style>\n#image_1413279688 {\n  width: 100%;\n}\n<\/style>\n\t<\/div>\n\t\n\n\t<div class=\"img has-hover x md-x lg-x y md-y lg-y\" id=\"image_1391928190\">\n\t\t\t\t\t\t\t\t<div class=\"img-inner dark\" >\n\t\t\t<img loading=\"lazy\" decoding=\"async\" width=\"550\" height=\"594\" src=\"https:\/\/valfrids.com\/wp-content\/uploads\/2024\/10\/Hildestahl_Medium1_Duffel3.jpg\" class=\"attachment-large size-large\" alt=\"\" srcset=\"https:\/\/valfrids.com\/wp-content\/uploads\/2024\/10\/Hildestahl_Medium1_Duffel3.jpg 550w, https:\/\/valfrids.com\/wp-content\/uploads\/2024\/10\/Hildestahl_Medium1_Duffel3-370x400.jpg 370w\" sizes=\"auto, (max-width: 550px) 100vw, 550px\" \/>\t\t\t\t\t\t\n\t\t\t\t\t<\/div>\n\t\t\t\t\t\t\t\t\n<style>\n#image_1391928190 {\n  width: 100%;\n}\n<\/style>\n\t<\/div>\n\t\n\n\t<div class=\"img has-hover x md-x lg-x y md-y lg-y\" id=\"image_995052211\">\n\t\t\t\t\t\t\t\t<div class=\"img-inner dark\" >\n\t\t\t<img loading=\"lazy\" decoding=\"async\" width=\"550\" height=\"594\" src=\"https:\/\/valfrids.com\/wp-content\/uploads\/2024\/10\/Hildestahl_Medium1_Duffel4.jpg\" class=\"attachment-large size-large\" alt=\"\" srcset=\"https:\/\/valfrids.com\/wp-content\/uploads\/2024\/10\/Hildestahl_Medium1_Duffel4.jpg 550w, https:\/\/valfrids.com\/wp-content\/uploads\/2024\/10\/Hildestahl_Medium1_Duffel4-370x400.jpg 370w\" sizes=\"auto, (max-width: 550px) 100vw, 550px\" \/>\t\t\t\t\t\t\n\t\t\t\t\t<\/div>\n\t\t\t\t\t\t\t\t\n<style>\n#image_995052211 {\n  width: 100%;\n}\n<\/style>\n\t<\/div>\n\t\n\n\t<div class=\"img has-hover x md-x lg-x y md-y lg-y\" id=\"image_629044433\">\n\t\t\t\t\t\t\t\t<div class=\"img-inner dark\" >\n\t\t\t<img loading=\"lazy\" decoding=\"async\" width=\"550\" height=\"594\" src=\"https:\/\/valfrids.com\/wp-content\/uploads\/2024\/10\/Hildestahl_Medium1_Duffel2.jpg\" class=\"attachment-large size-large\" alt=\"\" srcset=\"https:\/\/valfrids.com\/wp-content\/uploads\/2024\/10\/Hildestahl_Medium1_Duffel2.jpg 550w, https:\/\/valfrids.com\/wp-content\/uploads\/2024\/10\/Hildestahl_Medium1_Duffel2-370x400.jpg 370w\" sizes=\"auto, (max-width: 550px) 100vw, 550px\" \/>\t\t\t\t\t\t\n\t\t\t\t\t<\/div>\n\t\t\t\t\t\t\t\t\n<style>\n#image_629044433 {\n  width: 100%;\n}\n<\/style>\n\t<\/div>\n\t\n\n\t<div class=\"img has-hover x md-x lg-x y md-y lg-y\" id=\"image_151903761\">\n\t\t\t\t\t\t\t\t<div class=\"img-inner dark\" >\n\t\t\t<img loading=\"lazy\" decoding=\"async\" width=\"550\" height=\"594\" src=\"https:\/\/valfrids.com\/wp-content\/uploads\/2024\/10\/Hildestahl_Laholm_Duffel1.jpg\" class=\"attachment-large size-large\" alt=\"\" srcset=\"https:\/\/valfrids.com\/wp-content\/uploads\/2024\/10\/Hildestahl_Laholm_Duffel1.jpg 550w, https:\/\/valfrids.com\/wp-content\/uploads\/2024\/10\/Hildestahl_Laholm_Duffel1-370x400.jpg 370w\" sizes=\"auto, (max-width: 550px) 100vw, 550px\" \/>\t\t\t\t\t\t\n\t\t\t\t\t<\/div>\n\t\t\t\t\t\t\t\t\n<style>\n#image_151903761 {\n  width: 100%;\n}\n<\/style>\n\t<\/div>\n\t\n\n\t<div class=\"img has-hover x md-x lg-x y md-y lg-y\" id=\"image_442740084\">\n\t\t\t\t\t\t\t\t<div class=\"img-inner dark\" >\n\t\t\t<img loading=\"lazy\" decoding=\"async\" width=\"550\" height=\"594\" src=\"https:\/\/valfrids.com\/wp-content\/uploads\/2024\/10\/Hildestahl_Laholm_Duffel2.jpg\" class=\"attachment-large size-large\" alt=\"\" srcset=\"https:\/\/valfrids.com\/wp-content\/uploads\/2024\/10\/Hildestahl_Laholm_Duffel2.jpg 550w, https:\/\/valfrids.com\/wp-content\/uploads\/2024\/10\/Hildestahl_Laholm_Duffel2-370x400.jpg 370w\" sizes=\"auto, (max-width: 550px) 100vw, 550px\" \/>\t\t\t\t\t\t\n\t\t\t\t\t<\/div>\n\t\t\t\t\t\t\t\t\n<style>\n#image_442740084 {\n  width: 100%;\n}\n<\/style>\n\t<\/div>\n\t\n\n\n     <\/div>\n\n     <div class=\"loading-spin dark large centered\"><\/div>\n\n\t\n<style>\n#slider-1448059372 .flickity-slider > * {\n  max-width: 348px!important;\n}\n<\/style>\n<\/div>\n\n\n\t<section class=\"section\" id=\"section_866607366\">\n\t\t<div class=\"bg section-bg fill bg-fill  bg-loaded\" >\n\n\t\t\t\n\t\t\t\n\t\t\t\n\n\t\t<\/div>\n\n\t\t\n\n\t\t<div class=\"section-content relative\">\n\t\t\t\n\n<p><span style=\"color: #333333;\"><strong><span style=\"font-size: 130%;\">Valfrids philosophy<\/span><\/strong><\/span><\/p>\n<p><span style=\"color: #333333;\">&#8220;Buy cheap and buy twice&#8221;, they say. Valfrids advocates instead &#8211; buy quality, buy fewer things and take care of them.  <br>Taking care of something of quality also gives you a sense of satisfaction.  <br>It is also a &#8220;boot&#8221; to the throwaway society, where much of what is sold is actually just junk.<br><\/span><\/p>\n\n\t\t<\/div>\n\n\t\t\n<style>\n#section_866607366 {\n  padding-top: 28px;\n  padding-bottom: 28px;\n}\n<\/style>\n\t<\/section>\n\t\n\t<div class=\"img has-hover x md-x lg-x y md-y lg-y\" id=\"image_1709517786\">\n\t\t\t\t\t\t\t\t<div class=\"img-inner dark\" style=\"margin:0px 0px 0px 0px;\">\n\t\t\t<img loading=\"lazy\" decoding=\"async\" width=\"999\" height=\"527\" src=\"https:\/\/valfrids.com\/wp-content\/uploads\/2024\/07\/jia-ye-_D7x0SJjiSs-unsplash-rs-c2.jpg\" class=\"attachment-large size-large\" alt=\"L\u00e4derboots av chelsea boots typ, v\u00e4l anv\u00e4nda, st\u00e5r placerade p\u00e5 ett golv\" srcset=\"https:\/\/valfrids.com\/wp-content\/uploads\/2024\/07\/jia-ye-_D7x0SJjiSs-unsplash-rs-c2.jpg 999w, https:\/\/valfrids.com\/wp-content\/uploads\/2024\/07\/jia-ye-_D7x0SJjiSs-unsplash-rs-c2-758x400.jpg 758w, https:\/\/valfrids.com\/wp-content\/uploads\/2024\/07\/jia-ye-_D7x0SJjiSs-unsplash-rs-c2-768x405.jpg 768w, https:\/\/valfrids.com\/wp-content\/uploads\/2024\/07\/jia-ye-_D7x0SJjiSs-unsplash-rs-c2-600x317.jpg 600w\" sizes=\"auto, (max-width: 999px) 100vw, 999px\" \/>\t\t\t\t\t\t\n\t\t\t\t\t<\/div>\n\t\t\t\t\t\t\t\t\n<style>\n#image_1709517786 {\n  width: 100%;\n}\n<\/style>\n\t<\/div>\n\t\n\n\n","protected":false},"excerpt":{"rendered":"","protected":false},"author":1,"featured_media":0,"parent":0,"menu_order":0,"comment_status":"closed","ping_status":"closed","template":"","meta":{"footnotes":""},"class_list":["post-1105","page","type-page","status-publish","hentry"],"_links":{"self":[{"href":"https:\/\/valfrids.com\/en\/wp-json\/wp\/v2\/pages\/1105","targetHints":{"allow":["GET"]}}],"collection":[{"href":"https:\/\/valfrids.com\/en\/wp-json\/wp\/v2\/pages"}],"about":[{"href":"https:\/\/valfrids.com\/en\/wp-json\/wp\/v2\/types\/page"}],"author":[{"embeddable":true,"href":"https:\/\/valfrids.com\/en\/wp-json\/wp\/v2\/users\/1"}],"replies":[{"embeddable":true,"href":"https:\/\/valfrids.com\/en\/wp-json\/wp\/v2\/comments?post=1105"}],"version-history":[{"count":6,"href":"https:\/\/valfrids.com\/en\/wp-json\/wp\/v2\/pages\/1105\/revisions"}],"predecessor-version":[{"id":1742,"href":"https:\/\/valfrids.com\/en\/wp-json\/wp\/v2\/pages\/1105\/revisions\/1742"}],"wp:attachment":[{"href":"https:\/\/valfrids.com\/en\/wp-json\/wp\/v2\/media?parent=1105"}],"curies":[{"name":"wp","href":"https:\/\/api.w.org\/{rel}","templated":true}]}}