{"id":2183,"date":"2025-06-25T10:37:51","date_gmt":"2025-06-25T10:37:51","guid":{"rendered":"https:\/\/valfrids.com\/?post_type=product&#038;p=2183"},"modified":"2025-06-25T10:43:36","modified_gmt":"2025-06-25T10:43:36","slug":"grona-gredelina-lavendel-viridis-seife-500-ml-kopia","status":"publish","type":"product","link":"https:\/\/valfrids.com\/de\/produkt\/grona-gredelina-lavendel-viridis-seife-500-ml-kopia\/","title":{"rendered":"Gr\u00f6na Gredelina Lavendel Viridis Seife 500 ml (kopia)"},"content":{"rendered":"<p><strong>Gr\u00f6na GredelinaSeife Lavande Viridis von , Duft von Lavendel Test.<\/strong><\/p>\n<p>Bio-Seife, nat\u00fcrlich und auf pflanzlicher Basis. Hergestellt mit Oliven- und Lorbeer\u00f6l. Ohne synthetische Duft- und Farbstoffe.<br \/>\nF\u00fcr eine sanfte, aber effektive Reinigung. Leicht parf\u00fcmiert mit \u00e4therischem Bio-Lavendel\u00f6l.<br \/>\nKann auf allen Oberfl\u00e4chen im Haus verwendet werden. Besonders f\u00fcr Holz und nat\u00fcrliche Materialien und im Badezimmer.<\/p>\n<p>Haben Sie noch nie nat\u00fcrliche Seife ausprobiert? Probieren Sie es aus, Sie werden nicht mehr zu den chemischen Reinigern zur\u00fcckkehren. Die Oberfl\u00e4chen bleiben l\u00e4nger sauber.<\/p>\n<p>Die Seife ist dickfl\u00fcssig und wirksam und Sie k\u00f6nnen w\u00e4hlen, ob Sie sie mit Wasser verd\u00fcnnen oder ein Konzentrat verwenden m\u00f6chten. Ja, sie ist wirklich z\u00e4hfl\u00fcssig, was sich ungewohnt anf\u00fchlen mag, wenn Sie eher kommerzielle Seife gewohnt sind. Sie k\u00f6nnen aber auch 25 ml in 10 Litern Wasser verd\u00fcnnen oder es konzentriert verwenden, wenn Sie m\u00f6chten.<\/p>\n<p>Zutaten: destilliertes Wasser, Natriumolivat (verseiftes Oliven\u00f6l)*, Natriumlaurat (verseiftes Lorbeer\u00f6l)*, Schalen\u00f6l von Citrus medica limonum (\u00e4therisches Zitronen\u00f6l)*, destilliertes Schalen\u00f6l von Citrus aurantifolia (\u00e4therisches Limetten\u00f6l)*, Schalen\u00f6l von Citrus paradisi (\u00e4therisches Grapefruit\u00f6l)*, Natriumchlorid (Mineralsalz)*.<br \/>\n*\u00f6kologischer Ursprung.<\/p>\n<p>500ml<\/p>\n","protected":false},"excerpt":{"rendered":"<p>Nat\u00fcrliche Seife.<br \/>\nDuftet nach \u00e4therischem Lavendel\u00f6l. <\/p>\n","protected":false},"featured_media":2187,"comment_status":"open","ping_status":"closed","template":"","meta":[],"product_brand":[],"product_cat":[81,89,97],"product_tag":[],"class_list":{"0":"post-2183","1":"product","2":"type-product","3":"status-publish","4":"has-post-thumbnail","6":"product_cat-alle-produkte","7":"product_cat-haus-und-mobel","8":"product_cat-sauberes-zuhause","10":"first","11":"instock","12":"taxable","13":"shipping-taxable","14":"purchasable","15":"product-type-simple"},"_links":{"self":[{"href":"https:\/\/valfrids.com\/de\/wp-json\/wp\/v2\/product\/2183","targetHints":{"allow":["GET"]}}],"collection":[{"href":"https:\/\/valfrids.com\/de\/wp-json\/wp\/v2\/product"}],"about":[{"href":"https:\/\/valfrids.com\/de\/wp-json\/wp\/v2\/types\/product"}],"replies":[{"embeddable":true,"href":"https:\/\/valfrids.com\/de\/wp-json\/wp\/v2\/comments?post=2183"}],"wp:featuredmedia":[{"embeddable":true,"href":"https:\/\/valfrids.com\/de\/wp-json\/wp\/v2\/media\/2187"}],"wp:attachment":[{"href":"https:\/\/valfrids.com\/de\/wp-json\/wp\/v2\/media?parent=2183"}],"wp:term":[{"taxonomy":"product_brand","embeddable":true,"href":"https:\/\/valfrids.com\/de\/wp-json\/wp\/v2\/product_brand?post=2183"},{"taxonomy":"product_cat","embeddable":true,"href":"https:\/\/valfrids.com\/de\/wp-json\/wp\/v2\/product_cat?post=2183"},{"taxonomy":"product_tag","embeddable":true,"href":"https:\/\/valfrids.com\/de\/wp-json\/wp\/v2\/product_tag?post=2183"}],"curies":[{"name":"wp","href":"https:\/\/api.w.org\/{rel}","templated":true}]}}