{"id":1518,"date":"2024-10-07T14:04:41","date_gmt":"2024-10-07T14:04:41","guid":{"rendered":"https:\/\/valfrids.com\/product\/gallseife-fest\/"},"modified":"2025-06-10T02:03:44","modified_gmt":"2025-06-10T02:03:44","slug":"gallseife-fest","status":"publish","type":"product","link":"https:\/\/valfrids.com\/de\/produkt\/gallseife-fest\/","title":{"rendered":"Gallseife fest"},"content":{"rendered":"<p><b>Feste Gallseife 100 gr<\/b><\/p>\n<p>Gall Soap Solid Cleaning and Stain Remover Soap ist ein Muss f\u00fcr jeden, der eine praktische Seife f\u00fcr alle Arten von Reinigung und W\u00e4sche sucht. Empfohlen f\u00fcr jeden Haushalt! <\/p>\n<p>Wahrscheinlich kennen Sie die Gallseife schon? Es ist keine Seife f\u00fcr die Dusche, sondern zum Waschen und Reinigen. Wir bei Valfrids halten sie f\u00fcr ein fantastisches Produkt, ja f\u00fcr unverzichtbar. Wir verwenden die feste Seife oder die fl\u00fcssige Version zum Waschen, aber auch f\u00fcr alle Arten von Fleckenentfernung. Die feste Seife war diejenige, die wir pers\u00f6nlich zu verwenden begannen. Perfekt, um kleine, aber hartn\u00e4ckige Flecken zu entfernen, zum Beispiel auf Hemdkragen oder Tischt\u00fcchern.     <\/p>\n<p>Sie enth\u00e4lt Ochsengalle und Chlorophyll, die gegen \u00d6l und Fett sowie gegen Flecken von Gras, Beeren, Obst und Gem\u00fcse wirksam sind. Die Seife enth\u00e4lt keine chemischen Substanzen, nur nat\u00fcrliche Stoffe (keine genetisch ver\u00e4nderten Rohstoffe) und ist daher auch biologisch abbaubar. Die Gallseife wurde selbstverst\u00e4ndlich nicht an Tieren getestet. Zertifiziert mit Good Environmental Choice   <\/p>\n<h3>Die Geschichte von Gallsoap &#8211; Das Familienunternehmen w\u00e4chst mit der Liebe zur Natur, erz\u00e4hlt von Valfrids:<\/h3>\n<p>Vor 25 Jahren begann Annica in einer kleinen Garage voller Ideen und Leidenschaft etwas, das die Art und Weise, wie wir die Fleckenentfernung betrachten, ver\u00e4ndern sollte. Mit dem Ziel, ein Produkt zu entwickeln, das nicht nur Flecken hervorragend entfernt, sondern auch die Umwelt und die Menschen schont, wurde Gall Soap geboren. Annica war fest davon \u00fcberzeugt, dass die Kr\u00e4fte der Natur besser sind als Chemikalien. Sie wollte das Beste aus der Natur nutzen, um eines der l\u00e4stigsten Probleme des Alltags zu l\u00f6sen &#8211; hartn\u00e4ckige Flecken! Heute, ein Vierteljahrhundert sp\u00e4ter, stehen Annicas Sohn Erik und seine Frau Anna am Ruder, aber die Philosophie des Unternehmens ist immer noch dieselbe: &#8222;Wir vertrauen immer noch auf die Kraft der Natur, um sowohl die Kleidung als auch den Planeten sauber zu halten. Wir entwickeln unsere bestehenden und neuen Produkte weiterhin mit dem gleichen Fokus auf Nachhaltigkeit und Qualit\u00e4t, damit Sie als Verbraucher einen Beitrag zu einem besseren Planeten leisten k\u00f6nnen.&#8220; Die Reise von Galltv\u00e5l hat sich von der kleinen Garage in Pite\u00e5 bis zu den Haushalten im ganzen Land erstreckt, und wir freuen uns auf viele weitere Jahre der Innovation, Nachhaltigkeit und fleckenfreien Kleidung. Willkommen in der Gallsoap-Familie &#8211; wo jeder Fleck eine Gelegenheit ist, die Welt ein wenig sauberer zu machen! \/ Erik &amp; Anna, Galltv\u00e5l Sverige AB<\/p>\n","protected":false},"excerpt":{"rendered":"<p>Flecken entfernen, waschen und reinigen. Gallseife fixiert den Fleck. <\/p>\n","protected":false},"featured_media":1431,"comment_status":"open","ping_status":"closed","template":"","meta":[],"product_brand":[],"product_cat":[81,97],"product_tag":[],"class_list":{"0":"post-1518","1":"product","2":"type-product","3":"status-publish","4":"has-post-thumbnail","6":"product_cat-alle-produkte","7":"product_cat-sauberes-zuhause","9":"first","10":"instock","11":"taxable","12":"shipping-taxable","13":"purchasable","14":"product-type-simple"},"_links":{"self":[{"href":"https:\/\/valfrids.com\/de\/wp-json\/wp\/v2\/product\/1518","targetHints":{"allow":["GET"]}}],"collection":[{"href":"https:\/\/valfrids.com\/de\/wp-json\/wp\/v2\/product"}],"about":[{"href":"https:\/\/valfrids.com\/de\/wp-json\/wp\/v2\/types\/product"}],"replies":[{"embeddable":true,"href":"https:\/\/valfrids.com\/de\/wp-json\/wp\/v2\/comments?post=1518"}],"wp:featuredmedia":[{"embeddable":true,"href":"https:\/\/valfrids.com\/de\/wp-json\/wp\/v2\/media\/1431"}],"wp:attachment":[{"href":"https:\/\/valfrids.com\/de\/wp-json\/wp\/v2\/media?parent=1518"}],"wp:term":[{"taxonomy":"product_brand","embeddable":true,"href":"https:\/\/valfrids.com\/de\/wp-json\/wp\/v2\/product_brand?post=1518"},{"taxonomy":"product_cat","embeddable":true,"href":"https:\/\/valfrids.com\/de\/wp-json\/wp\/v2\/product_cat?post=1518"},{"taxonomy":"product_tag","embeddable":true,"href":"https:\/\/valfrids.com\/de\/wp-json\/wp\/v2\/product_tag?post=1518"}],"curies":[{"name":"wp","href":"https:\/\/api.w.org\/{rel}","templated":true}]}}