{"id":1510,"date":"2024-10-10T10:45:25","date_gmt":"2024-10-10T10:45:25","guid":{"rendered":"https:\/\/valfrids.com\/?post_type=product&#038;p=1510"},"modified":"2025-06-03T00:11:55","modified_gmt":"2025-06-03T00:11:55","slug":"tandbergista-hifi-und-holzol-60-ml-kopia","status":"publish","type":"product","link":"https:\/\/valfrids.com\/de\/produkt\/tandbergista-hifi-und-holzol-60-ml-kopia\/","title":{"rendered":"Valfrids Gewehrschaft\u00f6l 25 ml"},"content":{"rendered":"<p><strong>Valfrids Gewehrschaft\u00f6l \u00d6l &#8211; 25 ml<\/strong><\/p>\n<p>Valfrid&#8217;s gun stock oil ist ein sehr feines und v\u00f6llig nat\u00fcrliches \u00d6l f\u00fcr unbehandelte Holzoberfl\u00e4chen von Waffensch\u00e4ften.<strong><br \/>\n<\/strong>Es sch\u00fctzt und befeuchtet das Holz, bewahrt seine nat\u00fcrliche Oberfl\u00e4che und hinterl\u00e4sst keine gewachste oder harte Oberfl\u00e4che. Sch\u00fctzt vor Feuchtigkeit und Austrocknung.<br \/>\nIn vielen F\u00e4llen m\u00f6chten Sie die nat\u00fcrliche Holzoberfl\u00e4che erhalten und Valfrids \u00d6l ist daf\u00fcr perfekt geeignet. Es muss nicht nachpoliert werden und hinterl\u00e4sst keinen Hochglanz. Es dringt relativ schnell in das Holz ein und gibt ihm seinen nat\u00fcrlichen Glanz zur\u00fcck.<\/p>\n<p>Es ist f\u00fcr alle unbehandelten Holzoberfl\u00e4chen geeignet, einschlie\u00dflich M\u00f6bel und Schneidebretter. Da es v\u00f6llig nat\u00fcrlich ist, brauchen Sie keine Schutzhandschuhe zu tragen oder sich Sorgen zu machen, wenn Sie es in der K\u00fcche verwenden, zum Beispiel auf einem Holzschneidebrett. Riecht gut nach Zitrone. Erw\u00e4rmen Sie es leicht in einem Wasserbad oder in der Hand, damit es sich leichter auftragen l\u00e4sst, wenn es bei der Verwendung z\u00e4hfl\u00fcssig ist (es h\u00e4rtet bei K\u00e4lte leicht aus). Nicht f\u00fcr lackierte Oberfl\u00e4chen geeignet.<\/p>\n<p>Enth\u00e4lt nur nat\u00fcrliche Substanzen (keine L\u00f6sungsmittel, kein Silikon).<\/p>\n<p><strong>Verwenden Sie:<\/strong><br \/>\nTragen Sie es mit einem fusselfreien Lappen oder Baumwolltuch auf. Lassen Sie das \u00d6l einziehen und tragen Sie es bei Bedarf nach einer Weile erneut auf. Sehen Sie, wie viel das Holz absorbiert. Verwenden Sie nur die richtige Menge (die Oberfl\u00e4che darf nicht durchn\u00e4sst werden). Denken Sie daran, dass es eine gewisse Menge an Lein\u00f6l enth\u00e4lt. Entsorgen Sie die Lappen daher auf die gleiche Weise wie mit Lein\u00f6l getr\u00e4nkte Lappen, obwohl das Risiko einer Selbstentz\u00fcndung minimal ist.<\/p>\n<p>Um die nat\u00fcrliche Sch\u00f6nheit und Frische des Holzes zu erhalten, sollten Sie es regelm\u00e4\u00dfig, d.h. alle sechs Monate oder ein Jahr, behandeln. Es h\u00e4ngt vom Zustand des Holzes ab, wie viel es absorbiert. Manchmal ben\u00f6tigen Sie mehrere Anwendungen, z.B. bei sehr trockenem Holz. F\u00fcr die Pflege reicht eine kleine Menge und eine einmalige Anwendung aus.<\/p>\n<p>In Handarbeit in Schweden f\u00fcr Valfrids hergestellt.<br \/>\n25 ml in einer Glasflasche.<\/p>\n<p>Inhalt:<br \/>\nCarnaubawachs, Bienenwachs, Lein\u00f6l, Paraffin\u00f6l, Citrusterpentin (aus kleinen italienischen Bio-Zitronen).<\/p>\n<p>&nbsp;<\/p>\n","protected":false},"excerpt":{"rendered":"<p>F\u00fcr die Waffenkammer, die Ihnen wichtig ist. Ein 100% nat\u00fcrliches und l\u00f6sungsmittelfreies \u00d6l.<\/p>\n","protected":false},"featured_media":1522,"comment_status":"open","ping_status":"closed","template":"","meta":[],"product_brand":[],"product_cat":[81,99],"product_tag":[],"class_list":{"0":"post-1510","1":"product","2":"type-product","3":"status-publish","4":"has-post-thumbnail","6":"product_cat-alle-produkte","7":"product_cat-freizeitgestaltung-und-jagd","9":"first","10":"instock","11":"taxable","12":"shipping-taxable","13":"purchasable","14":"product-type-simple"},"_links":{"self":[{"href":"https:\/\/valfrids.com\/de\/wp-json\/wp\/v2\/product\/1510","targetHints":{"allow":["GET"]}}],"collection":[{"href":"https:\/\/valfrids.com\/de\/wp-json\/wp\/v2\/product"}],"about":[{"href":"https:\/\/valfrids.com\/de\/wp-json\/wp\/v2\/types\/product"}],"replies":[{"embeddable":true,"href":"https:\/\/valfrids.com\/de\/wp-json\/wp\/v2\/comments?post=1510"}],"wp:featuredmedia":[{"embeddable":true,"href":"https:\/\/valfrids.com\/de\/wp-json\/wp\/v2\/media\/1522"}],"wp:attachment":[{"href":"https:\/\/valfrids.com\/de\/wp-json\/wp\/v2\/media?parent=1510"}],"wp:term":[{"taxonomy":"product_brand","embeddable":true,"href":"https:\/\/valfrids.com\/de\/wp-json\/wp\/v2\/product_brand?post=1510"},{"taxonomy":"product_cat","embeddable":true,"href":"https:\/\/valfrids.com\/de\/wp-json\/wp\/v2\/product_cat?post=1510"},{"taxonomy":"product_tag","embeddable":true,"href":"https:\/\/valfrids.com\/de\/wp-json\/wp\/v2\/product_tag?post=1510"}],"curies":[{"name":"wp","href":"https:\/\/api.w.org\/{rel}","templated":true}]}}