{"id":1465,"date":"2024-10-09T10:45:22","date_gmt":"2024-10-09T10:45:22","guid":{"rendered":"https:\/\/valfrids.com\/product\/tawashi-michiko-patch-zum-abwaschen-und-reinigen\/"},"modified":"2025-06-10T02:05:08","modified_gmt":"2025-06-10T02:05:08","slug":"tawashi-michiko-patch-zum-abwaschen-und-reinigen","status":"publish","type":"product","link":"https:\/\/valfrids.com\/de\/produkt\/tawashi-michiko-patch-zum-abwaschen-und-reinigen\/","title":{"rendered":"Tawashi \/ &#8222;Michiko Patch&#8220; zum Abwaschen und Reinigen"},"content":{"rendered":"<p><strong>Waschen und reinigen Sie sparsamer und schonender mit unserem japanischen Geschirrtuch.<\/strong><\/p>\n<p>Der Michiko-Schwamm ist ein handgestricktes kleines Pflaster zum Waschen und Reinigen von feinem Porzellan, Glas, Kristall usw. und zum Reinigen z.B. im Badezimmer.<br \/>\nEs ist vielseitig einsetzbar und macht den Gebrauch von Sp\u00fclmitteln \u00fcberfl\u00fcssig. Im Aronia-Laden verwenden wir sie f\u00fcr die &#8222;Feinw\u00e4sche&#8220; und die Reinigung von K\u00fcche und Bad.<br \/>\nIdeal zum Beispiel f\u00fcr Kristallgl\u00e4ser, die Sie nicht in die Sp\u00fclmaschine stellen m\u00f6chten. Au\u00dferdem lassen sich Rotweinflecken, Fettflecken und Fingerabdr\u00fccke nur schwer entfernen.<\/p>\n<p>Hervorragend f\u00fcr das Badezimmer &#8211; Waschbecken und Fliesen bleiben sauber und ordentlich. K\u00fcchensp\u00fcle und Waschbecken und auch andere Stellen in der K\u00fcche, die sich leicht abwischen lassen.<br \/>\nWarum nicht der Kronleuchter? Oder f\u00fcr diejenigen, die ein Boot, einen Wohnwagen oder einen Campingplatz haben &#8211; einfach mit einem feuchten Michiko-Schwamm abwischen.<\/p>\n<p>Es wird f\u00fcr uns in Japan mit viel Liebe aus einem speziellen Acrylgarn handgestrickt.<br \/>\nIn Japan hei\u00dfen sie <strong>Tawashi<\/strong>. Sie sind beliebt, weil sie f\u00fcr so viele Dinge verwendet werden k\u00f6nnen, lange halten und kein Sp\u00fclmittel mehr ben\u00f6tigen.<\/p>\n<p>Sie werden in verschiedenen Farben hergestellt. Wenn Sie bestellen, erhalten Sie eine zuf\u00e4llig ausgew\u00e4hlte Variante! Jedes St\u00fcck ist anders, weil es handgefertigt ist.<br \/>\nSie messen zwischen 8-10 cm.<\/p>\n<p>Verwenden Sie es nur mit lauwarmem Wasser. Sie ben\u00f6tigen kein Reinigungsmittel. Hinterl\u00e4sst keine Kratzer auf empfindlichen Materialien.<br \/>\nSie k\u00f6nnen es von Zeit zu Zeit in Sp\u00fclmittel aussp\u00fclen.<\/p>\n<p><img loading=\"lazy\" decoding=\"async\" class=\"alignnone size-medium wp-image-1450\" src=\"https:\/\/valfrids.com\/wp-content\/uploads\/2024\/10\/IMG_3109-kurv-mattn-c-507x400.jpg\" alt=\"\" width=\"507\" height=\"400\" srcset=\"https:\/\/valfrids.com\/wp-content\/uploads\/2024\/10\/IMG_3109-kurv-mattn-c-507x400.jpg 507w, https:\/\/valfrids.com\/wp-content\/uploads\/2024\/10\/IMG_3109-kurv-mattn-c-1013x800.jpg 1013w, https:\/\/valfrids.com\/wp-content\/uploads\/2024\/10\/IMG_3109-kurv-mattn-c-768x606.jpg 768w, https:\/\/valfrids.com\/wp-content\/uploads\/2024\/10\/IMG_3109-kurv-mattn-c-1536x1213.jpg 1536w, https:\/\/valfrids.com\/wp-content\/uploads\/2024\/10\/IMG_3109-kurv-mattn-c-600x474.jpg 600w, https:\/\/valfrids.com\/wp-content\/uploads\/2024\/10\/IMG_3109-kurv-mattn-c.jpg 1824w\" sizes=\"auto, (max-width: 507px) 100vw, 507px\" \/><\/p>\n","protected":false},"excerpt":{"rendered":"<p>Waschen und reinigen Sie sparsamer und schonender mit unserem japanischen Geschirrtuch.<\/p>\n","protected":false},"featured_media":1449,"comment_status":"open","ping_status":"closed","template":"","meta":[],"product_brand":[],"product_cat":[81,97],"product_tag":[],"class_list":{"0":"post-1465","1":"product","2":"type-product","3":"status-publish","4":"has-post-thumbnail","6":"product_cat-alle-produkte","7":"product_cat-sauberes-zuhause","9":"first","10":"instock","11":"taxable","12":"shipping-taxable","13":"purchasable","14":"product-type-simple"},"_links":{"self":[{"href":"https:\/\/valfrids.com\/de\/wp-json\/wp\/v2\/product\/1465","targetHints":{"allow":["GET"]}}],"collection":[{"href":"https:\/\/valfrids.com\/de\/wp-json\/wp\/v2\/product"}],"about":[{"href":"https:\/\/valfrids.com\/de\/wp-json\/wp\/v2\/types\/product"}],"replies":[{"embeddable":true,"href":"https:\/\/valfrids.com\/de\/wp-json\/wp\/v2\/comments?post=1465"}],"wp:featuredmedia":[{"embeddable":true,"href":"https:\/\/valfrids.com\/de\/wp-json\/wp\/v2\/media\/1449"}],"wp:attachment":[{"href":"https:\/\/valfrids.com\/de\/wp-json\/wp\/v2\/media?parent=1465"}],"wp:term":[{"taxonomy":"product_brand","embeddable":true,"href":"https:\/\/valfrids.com\/de\/wp-json\/wp\/v2\/product_brand?post=1465"},{"taxonomy":"product_cat","embeddable":true,"href":"https:\/\/valfrids.com\/de\/wp-json\/wp\/v2\/product_cat?post=1465"},{"taxonomy":"product_tag","embeddable":true,"href":"https:\/\/valfrids.com\/de\/wp-json\/wp\/v2\/product_tag?post=1465"}],"curies":[{"name":"wp","href":"https:\/\/api.w.org\/{rel}","templated":true}]}}