{"id":1445,"date":"2024-10-09T10:45:22","date_gmt":"2024-10-09T10:45:22","guid":{"rendered":"https:\/\/valfrids.com\/?post_type=product&#038;p=1445"},"modified":"2025-07-18T10:32:40","modified_gmt":"2025-07-18T10:32:40","slug":"gallseife-aktiv-flussigwaschmittel-750-ml-kopia","status":"publish","type":"product","link":"https:\/\/valfrids.com\/de\/produkt\/gallseife-aktiv-flussigwaschmittel-750-ml-kopia\/","title":{"rendered":"Tandbergista HiFi- und Holz\u00f6l 25 ml"},"content":{"rendered":"<h2><span style=\"font-size: 85%;\"><strong>Tandbergista Hifi, Lautsprecherboxen und Holz\u00f6l &#8211; f\u00fcr alle nat\u00fcrlichen Holzoberfl\u00e4chen, die Ihnen am Herzen liegen.<\/strong><\/span><\/h2>\n<p>Das Holz\u00f6l von Tandbergista wurde urspr\u00fcnglich f\u00fcr den Einsatz auf HiFi-Ger\u00e4ten entwickelt, insbesondere auf Lautsprechergeh\u00e4usen und Holzverkleidungen von Vintage- und High-End-Stereoanlagen, die Ihnen am Herzen liegen. Es sch\u00fctzt und befeuchtet das Holz, bewahrt seine nat\u00fcrliche Oberfl\u00e4che und hinterl\u00e4sst kein gewachstes Finish. In vielen F\u00e4llen m\u00f6chten Sie die nat\u00fcrliche Holzoberfl\u00e4che erhalten und daf\u00fcr ist Tandbergista \u00d6l perfekt geeignet. Es muss nicht nachpoliert werden und hinterl\u00e4sst keinen Hochglanz. Es dringt relativ schnell in das Holz ein und gibt ihm seinen nat\u00fcrlichen Glanz zur\u00fcck.<\/p>\n<p>Es ist f\u00fcr alle unbehandelten Holzoberfl\u00e4chen geeignet, einschlie\u00dflich M\u00f6bel und Schneidebretter. Da es v\u00f6llig nat\u00fcrlich ist, brauchen Sie keine Schutzhandschuhe zu tragen oder sich Sorgen zu machen, wenn Sie es in der K\u00fcche verwenden, zum Beispiel auf einem Holzschneidebrett. Riecht gut nach Zitrone. Erw\u00e4rmen Sie es leicht in einem Wasserbad oder in der Hand, damit es sich leichter auftragen l\u00e4sst, wenn es bei der Verwendung z\u00e4hfl\u00fcssig ist (es h\u00e4rtet bei K\u00e4lte leicht aus).<\/p>\n<p>Ein Tweak f\u00fcr Ihre Lautsprecher? &#8211; Wir haben von Anwendern geh\u00f6rt, dass &#8222;meine Lautsprecher nach der Verwendung des \u00d6ls besser klingen&#8220;. Nun, das ist gar nicht so unm\u00f6glich, denn ein gesundes und befeuchtetes Holz hat eine andere Resonanz als spr\u00f6des und trockenes! Selbst wenn wir das \u00d6l nur auf ein paar Millimeter d\u00fcnnes Furnier auftragen.<\/p>\n<p><strong>Verwenden Sie:<\/strong><br \/>\nTragen Sie es mit einem fusselfreien Lappen oder Baumwolltuch auf. Lassen Sie das \u00d6l einziehen und tragen Sie es bei Bedarf nach einer Weile erneut auf. Sehen Sie, wie viel das Holz absorbiert. Verwenden Sie nur die richtige Menge (die Oberfl\u00e4che darf nicht durchn\u00e4sst werden). Denken Sie daran, dass es eine gewisse Menge an Lein\u00f6l enth\u00e4lt. Entsorgen Sie die Lappen daher auf die gleiche Weise wie mit Lein\u00f6l getr\u00e4nkte Lappen, obwohl das Risiko einer Selbstentz\u00fcndung in diesem Fall gering ist.<\/p>\n<p>Um die nat\u00fcrliche Sch\u00f6nheit und Frische des Holzes zu erhalten, sollten Sie es regelm\u00e4\u00dfig, d.h. alle sechs Monate oder ein Jahr, behandeln. Es h\u00e4ngt vom Zustand des Holzes ab, wie viel es absorbiert. Manchmal sind mehrere Anwendungen erforderlich, zum Beispiel bei brandneuem Furnier oder sehr trockenem Holz. F\u00fcr die Pflege reicht eine kleine Menge und eine einmalige Anwendung aus.<\/p>\n<p>Tandbergista ist ein Blogger, der die Seite <a href=\"https:\/\/tandbergista.home.blog\/\" target=\"_blank\" rel=\"noopener\">Tandbergista<\/a>betreibt, der sich mit der Restaurierung von Vintage-Hifi-Ger\u00e4ten befasst, mit Schwerpunkt auf der norwegischen Marke Tandberg. Tandbergista Valfrids ist auch der Gr\u00fcnder von . Man k\u00f6nnte also sagen, dass dies unser eigenes Produkt ist, das wir selbst verwenden und mit dem wir langj\u00e4hrige Erfahrung haben. Tandbergista Das liegt daran, dass die Tandberg-Ger\u00e4te, die Sie restaurieren, oft ein sehr sch\u00f6nes, nat\u00fcrliches (nicht lackiertes oder hartgewachstes) Furnier haben, das Sie erhalten m\u00f6chten, und dann ist dieses \u00d6l das beste, das es gibt.<\/p>\n<p>Tandbergista ValfridsHandgefertigt in Schweden f\u00fcr und .<br \/>\n25 ml in einer Glasflasche.<\/p>\n<p>Inhalt:<br \/>\nCarnaubawachs, Bienenwachs, Lein\u00f6l, Paraffin\u00f6l, Citrusterpentin (aus kleinen italienischen Bio-Zitronen).<\/p>\n<p><img loading=\"lazy\" decoding=\"async\" class=\"alignnone wp-image-1495\" src=\"https:\/\/valfrids.com\/wp-content\/uploads\/2024\/10\/Tandbergista-logo-V7-800x250-1.jpg\" alt=\"\" width=\"483\" height=\"152\" srcset=\"https:\/\/valfrids.com\/wp-content\/uploads\/2024\/10\/Tandbergista-logo-V7-800x250-1.jpg 800w, https:\/\/valfrids.com\/wp-content\/uploads\/2024\/10\/Tandbergista-logo-V7-800x250-1-768x242.jpg 768w, https:\/\/valfrids.com\/wp-content\/uploads\/2024\/10\/Tandbergista-logo-V7-800x250-1-600x189.jpg 600w\" sizes=\"auto, (max-width: 483px) 100vw, 483px\" \/><\/p>\n<p><img loading=\"lazy\" decoding=\"async\" class=\"alignnone wp-image-2330\" src=\"https:\/\/valfrids.com\/wp-content\/uploads\/2024\/10\/IMG_4154-fore-efter-2-med-text-315x400.jpg\" alt=\"\" width=\"700\" height=\"888\" srcset=\"https:\/\/valfrids.com\/wp-content\/uploads\/2024\/10\/IMG_4154-fore-efter-2-med-text-315x400.jpg 315w, https:\/\/valfrids.com\/wp-content\/uploads\/2024\/10\/IMG_4154-fore-efter-2-med-text-630x800.jpg 630w, https:\/\/valfrids.com\/wp-content\/uploads\/2024\/10\/IMG_4154-fore-efter-2-med-text-768x975.jpg 768w, https:\/\/valfrids.com\/wp-content\/uploads\/2024\/10\/IMG_4154-fore-efter-2-med-text-1210x1536.jpg 1210w, https:\/\/valfrids.com\/wp-content\/uploads\/2024\/10\/IMG_4154-fore-efter-2-med-text-1613x2048.jpg 1613w, https:\/\/valfrids.com\/wp-content\/uploads\/2024\/10\/IMG_4154-fore-efter-2-med-text-600x762.jpg 600w, https:\/\/valfrids.com\/wp-content\/uploads\/2024\/10\/IMG_4154-fore-efter-2-med-text-scaled.jpg 2017w\" sizes=\"auto, (max-width: 700px) 100vw, 700px\" \/><\/p>\n","protected":false},"excerpt":{"rendered":"<p>F\u00fcr nat\u00fcrliche, saubere Holzoberfl\u00e4chen, f\u00fcr alles, was Ihnen wirklich wichtig ist &#8211; Stereoanlagen, Lautsprecher, M\u00f6bel, Antiquit\u00e4ten.<\/p>\n","protected":false},"featured_media":1493,"comment_status":"open","ping_status":"closed","template":"","meta":[],"product_brand":[],"product_cat":[81,89,163],"product_tag":[],"class_list":{"0":"post-1445","1":"product","2":"type-product","3":"status-publish","4":"has-post-thumbnail","6":"product_cat-alle-produkte","7":"product_cat-haus-und-mobel","8":"product_cat-hifi-pflege","10":"first","11":"instock","12":"taxable","13":"shipping-taxable","14":"purchasable","15":"product-type-simple"},"_links":{"self":[{"href":"https:\/\/valfrids.com\/de\/wp-json\/wp\/v2\/product\/1445","targetHints":{"allow":["GET"]}}],"collection":[{"href":"https:\/\/valfrids.com\/de\/wp-json\/wp\/v2\/product"}],"about":[{"href":"https:\/\/valfrids.com\/de\/wp-json\/wp\/v2\/types\/product"}],"replies":[{"embeddable":true,"href":"https:\/\/valfrids.com\/de\/wp-json\/wp\/v2\/comments?post=1445"}],"wp:featuredmedia":[{"embeddable":true,"href":"https:\/\/valfrids.com\/de\/wp-json\/wp\/v2\/media\/1493"}],"wp:attachment":[{"href":"https:\/\/valfrids.com\/de\/wp-json\/wp\/v2\/media?parent=1445"}],"wp:term":[{"taxonomy":"product_brand","embeddable":true,"href":"https:\/\/valfrids.com\/de\/wp-json\/wp\/v2\/product_brand?post=1445"},{"taxonomy":"product_cat","embeddable":true,"href":"https:\/\/valfrids.com\/de\/wp-json\/wp\/v2\/product_cat?post=1445"},{"taxonomy":"product_tag","embeddable":true,"href":"https:\/\/valfrids.com\/de\/wp-json\/wp\/v2\/product_tag?post=1445"}],"curies":[{"name":"wp","href":"https:\/\/api.w.org\/{rel}","templated":true}]}}