{"id":1417,"date":"2024-10-07T13:52:08","date_gmt":"2024-10-07T13:52:08","guid":{"rendered":"https:\/\/valfrids.com\/?post_type=product&#038;p=1417"},"modified":"2024-10-24T08:12:01","modified_gmt":"2024-10-24T08:12:01","slug":"seife-lavendel-viridis-grun-gredelina-500-ml-kopia","status":"publish","type":"product","link":"https:\/\/valfrids.com\/de\/produkt\/seife-lavendel-viridis-grun-gredelina-500-ml-kopia\/","title":{"rendered":"Gallseife fl\u00fcssig 500 ml"},"content":{"rendered":"<p><b>Fl\u00fcssige Gallenseife 500 ml<\/b><\/p>\n<p>Gall Soap Fl\u00fcssige Reinigungs- und Fleckenentfernungsseife ist eine rein nat\u00fcrliche Seife, die f\u00fcr alle Arten von Reinigung geeignet ist.<br \/>\nEs enth\u00e4lt Chlorophyll und Ochsengalle, die gegen Gras-, Beeren-, Obst-, Gem\u00fcse-, \u00d6l- und Fettflecken wirksam sind.<br \/>\nDie Seife ist biologisch abbaubar und enth\u00e4lt keine Konservierungsmittel, Parf\u00fcmstoffe oder andere chemische Substanzen.<br \/>\nEs wurde nicht an Tieren getestet und enth\u00e4lt keine genetisch ver\u00e4nderten Zutaten. Zertifiziert mit Good Environmental Choice.<\/p>\n<p>Jeder kennt Gallseife, oder? Wir von Valfrids halten es f\u00fcr ein fantastisches Produkt, das in der Tat unverzichtbar ist. Wir verwenden die harte Seife oder diese fl\u00fcssige Version zum Waschen, aber auch f\u00fcr alle Arten von Fleckenentfernung.<\/p>\n<div>\n<div>\n<h3>Die Geschichte von Gallsoap &#8211; Das Familienunternehmen w\u00e4chst mit der Liebe zur Natur, erz\u00e4hlt von Valfrids:<\/h3>\n<p>Vor 25 Jahren begann Annica in einer kleinen Garage voller Ideen und Leidenschaft etwas, das die Art und Weise, wie wir die Fleckenentfernung betrachten, ver\u00e4ndern sollte. Mit dem Ziel, ein Produkt zu entwickeln, das nicht nur Flecken hervorragend entfernt, sondern auch die Umwelt und die Menschen schont, wurde Gall Soap geboren. Annica war fest davon \u00fcberzeugt, dass die Kr\u00e4fte der Natur besser sind als Chemikalien. Sie wollte das Beste aus der Natur nutzen, um eines der l\u00e4stigsten Probleme des Alltags zu l\u00f6sen &#8211; hartn\u00e4ckige Flecken! Heute, ein Vierteljahrhundert sp\u00e4ter, stehen Annicas Sohn Erik und seine Frau Anna am Ruder, aber die Philosophie des Unternehmens ist immer noch dieselbe: &#8222;Wir vertrauen immer noch auf die Kraft der Natur, um sowohl die Kleidung als auch den Planeten sauber zu halten. Wir entwickeln unsere bestehenden und neuen Produkte weiterhin mit dem gleichen Fokus auf Nachhaltigkeit und Qualit\u00e4t, damit Sie als Verbraucher einen Beitrag zu einem besseren Planeten leisten k\u00f6nnen.&#8220; Die Reise von Galltv\u00e5l hat sich von der kleinen Garage in Pite\u00e5 bis zu den Haushalten im ganzen Land erstreckt, und wir freuen uns auf viele weitere Jahre der Innovation, Nachhaltigkeit und fleckenfreien Kleidung. Willkommen in der Gallsoap-Familie &#8211; wo jeder Fleck eine Gelegenheit ist, die Welt ein wenig sauberer zu machen! \/ Erik &amp; Anna, Galltv\u00e5l Sverige AB  <\/p>\n<\/div>\n<\/div>\n<p>&nbsp;<\/p>\n<p>&nbsp;<\/p>\n","protected":false},"excerpt":{"rendered":"<p>Allzweckreiniger mit viel Kraft.<\/p>\n","protected":false},"featured_media":1421,"comment_status":"open","ping_status":"closed","template":"","meta":[],"product_brand":[],"product_cat":[81,97],"product_tag":[],"class_list":{"0":"post-1417","1":"product","2":"type-product","3":"status-publish","4":"has-post-thumbnail","6":"product_cat-alle-produkte","7":"product_cat-sauberes-zuhause","9":"first","10":"instock","11":"taxable","12":"shipping-taxable","13":"purchasable","14":"product-type-simple"},"_links":{"self":[{"href":"https:\/\/valfrids.com\/de\/wp-json\/wp\/v2\/product\/1417","targetHints":{"allow":["GET"]}}],"collection":[{"href":"https:\/\/valfrids.com\/de\/wp-json\/wp\/v2\/product"}],"about":[{"href":"https:\/\/valfrids.com\/de\/wp-json\/wp\/v2\/types\/product"}],"replies":[{"embeddable":true,"href":"https:\/\/valfrids.com\/de\/wp-json\/wp\/v2\/comments?post=1417"}],"wp:featuredmedia":[{"embeddable":true,"href":"https:\/\/valfrids.com\/de\/wp-json\/wp\/v2\/media\/1421"}],"wp:attachment":[{"href":"https:\/\/valfrids.com\/de\/wp-json\/wp\/v2\/media?parent=1417"}],"wp:term":[{"taxonomy":"product_brand","embeddable":true,"href":"https:\/\/valfrids.com\/de\/wp-json\/wp\/v2\/product_brand?post=1417"},{"taxonomy":"product_cat","embeddable":true,"href":"https:\/\/valfrids.com\/de\/wp-json\/wp\/v2\/product_cat?post=1417"},{"taxonomy":"product_tag","embeddable":true,"href":"https:\/\/valfrids.com\/de\/wp-json\/wp\/v2\/product_tag?post=1417"}],"curies":[{"name":"wp","href":"https:\/\/api.w.org\/{rel}","templated":true}]}}