{"id":1221,"date":"2024-07-26T18:43:56","date_gmt":"2024-07-26T18:43:56","guid":{"rendered":"https:\/\/valfrids.com\/product\/lederpflegemittel-braun-tapir\/"},"modified":"2024-07-26T18:43:56","modified_gmt":"2024-07-26T18:43:56","slug":"lederpflegemittel-braun-tapir","status":"publish","type":"product","link":"https:\/\/valfrids.com\/de\/produkt\/lederpflegemittel-braun-tapir\/","title":{"rendered":"Lederpflegemittel braun Tapir"},"content":{"rendered":"<p><strong>Tapir Leather Conditioner ist eine hochgl\u00e4nzende Schuhcreme f\u00fcr Lederschuhe, wasserabweisend und leicht feuchtigkeitsspendend<\/strong><em>&#8230; Tapir Leather Conditioner sorgt f\u00fcr Glanz!<\/em> Tapir Leather Conditioner ist genau das richtige Produkt, um Lederschuhen, die nicht nur gut gepflegt werden m\u00fcssen, sondern auch gl\u00e4nzen sollen, Glanz zu verleihen.<br \/>\nEgal, ob es sich um Damen-, Herren- oder Kinderschuhe handelt, es erzeugt eine Wachsschicht, die Sie mit einer Glanzb\u00fcrste oder sogar einer Ziegenhaarb\u00fcrste auf Hochglanz polieren k\u00f6nnen.<br \/>\nEine Schuhcreme f\u00fcr echte Profis.<br \/>\nDer angenehme Duft der nat\u00fcrlichen Inhaltsstoffe macht das Putzen Ihrer Schuhe zu einem wahren Vergn\u00fcgen.<br \/>\nBei dem Wort Conditioner denken Sie vielleicht nicht an Hochglanz, aber das tut es!<br \/>\nEine bessere \u00dcbersetzung aus dem Deutschen h\u00e4tten wir uns nicht vorstellen k\u00f6nnen.<br \/>\nErh\u00e4ltlich in transparent\/farblos, braun und schwarz. <strong>Gebrauchsanweisung:<\/strong> Es gilt die Regel: &#8222;Weniger ist mehr&#8220;, oder &#8222;weniger ist mehr&#8220;, wie man in Deutschland sagt.<br \/>\nVerwenden Sie den Balsam sparsam, da er sehr dickfl\u00fcssig ist.<br \/>\nTragen Sie ein wenig Balsam auf und nach kurzer Zeit kann der Schuh mit einer Polierb\u00fcrste ordentlich poliert werden.<br \/>\nDadurch erh\u00e4lt die Oberfl\u00e4che einen sch\u00f6nen Glanz.<br \/>\nAuf diese Weise behandelte Schuhe k\u00f6nnen noch mehrere Male poliert werden.<br \/>\nTragen Sie nur dann neue Pflege auf, wenn der Glanz verschwindet. <strong>Produktmerkmale:<\/strong> Impr\u00e4gnierende und hochgl\u00e4nzende Schuhcreme f\u00fcr Glattlederschuhe Handgefertigt in Deutschland Inhalt: 85 ml im Wei\u00dfblechtiegel Vollst\u00e4ndig biologisch Hergestellt aus nat\u00fcrlichen Rohstoffen (keine petrochemischen Inhaltsstoffe oder stinkende L\u00f6sungsmittel!) NCP-Zertifizierung ZUTATEN: Bienenwachs, Zuckerrohrwachs, Schellackwachs, Candelillawachs, Carnaubawachs*, Rizinus\u00f6l*, Orangen\u00f6l, Erdfarbpigmente.<br \/>\n* aus kontrolliert biologischem Anbau Denken Sie daran, das Glas nach dem Gebrauch fest zu verschlie\u00dfen!<br \/>\nF\u00fcr die regelm\u00e4\u00dfige Schuhpflege: <a href=\"https:\/\/valfrids.com\/de\/produkt\/schuhcreme-lederpflegecreme-farblos-tapir\/\">Hier empfehlen wir unsere Lederpflegecreme<\/a>, die das Leder n\u00e4hrt und die richtige Wahl f\u00fcr die t\u00e4gliche Pflege von Lederschuhen ist.<br \/>\nSie l\u00e4sst sich leicht auftragen und ist auch das richtige Produkt f\u00fcr Kinderschuhe.              <\/p>\n","protected":false},"excerpt":{"rendered":"<p>F\u00fcr Hochglanz.<br \/>\nSch\u00fctzend.<br \/>\n85 ml.  <\/p>\n","protected":false},"featured_media":920,"comment_status":"open","ping_status":"closed","template":"","meta":[],"product_brand":[],"product_cat":[81,82],"product_tag":[84],"class_list":{"0":"post-1221","1":"product","2":"type-product","3":"status-publish","4":"has-post-thumbnail","6":"product_cat-alle-produkte","7":"product_cat-forstwirtschaft","8":"product_tag-forstwirtschaft","10":"first","11":"instock","12":"taxable","13":"shipping-taxable","14":"purchasable","15":"product-type-simple"},"_links":{"self":[{"href":"https:\/\/valfrids.com\/de\/wp-json\/wp\/v2\/product\/1221","targetHints":{"allow":["GET"]}}],"collection":[{"href":"https:\/\/valfrids.com\/de\/wp-json\/wp\/v2\/product"}],"about":[{"href":"https:\/\/valfrids.com\/de\/wp-json\/wp\/v2\/types\/product"}],"replies":[{"embeddable":true,"href":"https:\/\/valfrids.com\/de\/wp-json\/wp\/v2\/comments?post=1221"}],"wp:featuredmedia":[{"embeddable":true,"href":"https:\/\/valfrids.com\/de\/wp-json\/wp\/v2\/media\/920"}],"wp:attachment":[{"href":"https:\/\/valfrids.com\/de\/wp-json\/wp\/v2\/media?parent=1221"}],"wp:term":[{"taxonomy":"product_brand","embeddable":true,"href":"https:\/\/valfrids.com\/de\/wp-json\/wp\/v2\/product_brand?post=1221"},{"taxonomy":"product_cat","embeddable":true,"href":"https:\/\/valfrids.com\/de\/wp-json\/wp\/v2\/product_cat?post=1221"},{"taxonomy":"product_tag","embeddable":true,"href":"https:\/\/valfrids.com\/de\/wp-json\/wp\/v2\/product_tag?post=1221"}],"curies":[{"name":"wp","href":"https:\/\/api.w.org\/{rel}","templated":true}]}}