{"id":1219,"date":"2024-07-26T19:10:16","date_gmt":"2024-07-26T19:10:16","guid":{"rendered":"https:\/\/valfrids.com\/product\/moebelpolitur-koendringer\/"},"modified":"2024-07-26T19:10:16","modified_gmt":"2024-07-26T19:10:16","slug":"moebelpolitur-koendringer","status":"publish","type":"product","link":"https:\/\/valfrids.com\/de\/produkt\/moebelpolitur-koendringer\/","title":{"rendered":"M\u00f6belpolitur K\u00f6ndringer"},"content":{"rendered":"<p><strong>K\u00f6ndringer M\u00f6belpolitur, nat\u00fcrliche Pflege f\u00fcr Holzm\u00f6bel.<\/strong>  M\u00f6belpolitur reinigt und pflegt lackierte, polierte und gewachste Holzm\u00f6bel.<br \/>\nF\u00fcr alle Holzoberfl\u00e4chen, wie<br \/>\nHolztische, Antiquit\u00e4ten, Holzst\u00fchle und Schr\u00e4nke.<br \/>\nHergestellt aus nat\u00fcrlichen Rohstoffen, ohne scharfe petrochemische L\u00f6sungsmittel!<br \/>\nEs reinigt und pflegt gleichzeitig Ihre Holzoberfl\u00e4chen.<br \/>\nSeine erfrischende Wirkung verleiht lasierten, polierten und lackierten Holzm\u00f6beln und Antiquit\u00e4ten einen neuen Glanz.<br \/>\nDie nat\u00fcrliche Maserung des Holzes wird hervorgehoben und die M\u00f6bel erstrahlen in einem seidigen Glanz.<br \/>\nIdeal auch f\u00fcr Steinobjekte &#8211; das \u00d6l verleiht ihnen einen seidigen Glanz und sch\u00fctzt sie wirksam. <strong>Produkteigenschaften:<\/strong> F\u00fcr Holzm\u00f6bel und Antiquit\u00e4ten, f\u00fcr alle Ihre wertvollen Gegenst\u00e4nde.<br \/>\nHandgefertigt in Deutschland.<br \/>\nHohe Qualit\u00e4t durch die kleine und sorgf\u00e4ltige Produktion von Tapir.<br \/>\nKonsequent biologisch: Hergestellt aus nat\u00fcrlichen Rohstoffen, umweltfreundlich und nachhaltig NCP-Zertifizierung: H\u00f6chster Standard f\u00fcr Bioprodukte.<br \/>\nVegan: Keine tierischen Bestandteile.<br \/>\nKein Naphtha oder andere unangenehme L\u00f6sungsmittel.<br \/>\nNach dem Originalrezept des Restaurators Peter Haas &#8211; Experte f\u00fcr traditionelle Handwerkskunst und Restaurierung von Holzm\u00f6beln und Antiquit\u00e4ten. <strong>Anwendung: <\/strong>Die Anwendung ist einfach!<br \/>\nSch\u00fctteln Sie die Flasche gut, tragen Sie die Politur mit einem weichen Poliertuch d\u00fcnn auf und polieren Sie sie nach einer kurzen Einwirkzeit.<br \/>\nDas Ergebnis: strahlend sch\u00f6ne, gesch\u00fctzte Oberfl\u00e4chen.<br \/>\nZutaten: Lein\u00f6l*, Essig*, Orangen\u00f6l.<br \/>\n(*aus kontrolliert biologischem Anbau)<br \/>\nInhalt: 200 ml in Glasflasche.                    <em>\u00dcber die W\u00e4hlerschaft von Tapir bei Rohstoffen:<\/em><br \/>\n<em>Ein Beispiel daf\u00fcr, wie sorgf\u00e4ltig Tapir mit den Zutaten umgeht: Als wir bei Valfrids die Fabrik besuchten, erz\u00e4hlten sie uns, dass sie zuvor versucht hatten, Leinsamen\u00f6l auf dem europ\u00e4ischen Markt zu kaufen, und zwar in gro\u00dfen Mengen.<br \/>\nObwohl es sich um Bio-Lein\u00f6l handelte, schwankte die Qualit\u00e4t zu stark, so dass sie sich nicht darauf verlassen konnten, dass das Rohmaterial von gleichbleibender Qualit\u00e4t war.<br \/>\nAlso fanden sie einen \u00f6rtlichen Landwirt und unterzeichneten einen Vertrag, um Bio-Lein\u00f6l ausschlie\u00dflich von ihm zu kaufen, auch wenn es teurer war.<br \/>\nEr konnte eine gleichbleibende und extrem hohe Qualit\u00e4t garantieren, Tapir konnte die Bestellmenge garantieren.<br \/>\nDas zeigt, wie wichtig die Rohstoffe sind.<br \/>\nEs handelt sich also um Produkte der Spitzenklasse.     <\/em><\/p>\n<p><em>K\u00f6ndringer M\u00f6belpolitur &#8211; f\u00fcr einen nat\u00fcrlichen Glanz auf Ihren wertvollen M\u00f6beln.<br \/>\nWie eine M\u00f6belpolitur sein sollte &#8211; nat\u00fcrliche Inhaltsstoffe f\u00fcr nat\u00fcrliche Materialien.   <\/em><\/p>\n","protected":false},"excerpt":{"rendered":"<p>F\u00fcr Holzm\u00f6bel, Antiquit\u00e4ten und Stein.<br \/>\nNach einem traditionellen Rezept.<br \/>\nWenn der Antiquit\u00e4tenexperte und Restaurator w\u00e4hlen kann.  <\/p>\n","protected":false},"featured_media":930,"comment_status":"open","ping_status":"closed","template":"","meta":[],"product_brand":[],"product_cat":[81,89],"product_tag":[102,101,117],"class_list":{"0":"post-1219","1":"product","2":"type-product","3":"status-publish","4":"has-post-thumbnail","6":"product_cat-alle-produkte","7":"product_cat-haus-und-mobel","8":"product_tag-antiquitaten","9":"product_tag-mobelpflege","10":"product_tag-stein","12":"first","13":"instock","14":"taxable","15":"shipping-taxable","16":"purchasable","17":"product-type-simple"},"_links":{"self":[{"href":"https:\/\/valfrids.com\/de\/wp-json\/wp\/v2\/product\/1219","targetHints":{"allow":["GET"]}}],"collection":[{"href":"https:\/\/valfrids.com\/de\/wp-json\/wp\/v2\/product"}],"about":[{"href":"https:\/\/valfrids.com\/de\/wp-json\/wp\/v2\/types\/product"}],"replies":[{"embeddable":true,"href":"https:\/\/valfrids.com\/de\/wp-json\/wp\/v2\/comments?post=1219"}],"wp:featuredmedia":[{"embeddable":true,"href":"https:\/\/valfrids.com\/de\/wp-json\/wp\/v2\/media\/930"}],"wp:attachment":[{"href":"https:\/\/valfrids.com\/de\/wp-json\/wp\/v2\/media?parent=1219"}],"wp:term":[{"taxonomy":"product_brand","embeddable":true,"href":"https:\/\/valfrids.com\/de\/wp-json\/wp\/v2\/product_brand?post=1219"},{"taxonomy":"product_cat","embeddable":true,"href":"https:\/\/valfrids.com\/de\/wp-json\/wp\/v2\/product_cat?post=1219"},{"taxonomy":"product_tag","embeddable":true,"href":"https:\/\/valfrids.com\/de\/wp-json\/wp\/v2\/product_tag?post=1219"}],"curies":[{"name":"wp","href":"https:\/\/api.w.org\/{rel}","templated":true}]}}