{"id":1218,"date":"2024-07-26T20:53:32","date_gmt":"2024-07-26T20:53:32","guid":{"rendered":"https:\/\/valfrids.com\/product\/moebelwachs-koendringer\/"},"modified":"2024-07-26T20:53:32","modified_gmt":"2024-07-26T20:53:32","slug":"moebelwachs-koendringer","status":"publish","type":"product","link":"https:\/\/valfrids.com\/de\/produkt\/moebelwachs-koendringer\/","title":{"rendered":"M\u00f6belwachs K\u00f6ndringer"},"content":{"rendered":"<p><strong>K\u00f6ndringer Pflegewachs &#8211; nat\u00fcrliches Wachs zum Schutz und zur Pflege von Holzb\u00f6den, Holzm\u00f6beln oder Antiquit\u00e4ten.<\/strong>  Pflegewachs bedeutet pflegendes Wachs.<br \/>\nEs wird aus nat\u00fcrlichen Zutaten hergestellt und ist ideal f\u00fcr die Pflege und den Schutz von Holzb\u00f6den, Holzm\u00f6beln und Antiquit\u00e4ten.<br \/>\nEs sch\u00fctzt Oberfl\u00e4chen und verleiht ihnen einen seidigen Glanz.<br \/>\nUnser Tipp!<br \/>\nAuch Linoleum, Kork und Marmor k\u00f6nnen mit dem Wachs behandelt werden.<br \/>\nWir empfehlen zur Vorbehandlung dieser Oberfl\u00e4chen die K\u00f6ndringer M\u00f6belpolitur von Tapir. <strong>Eigenschaften des Wachses:<\/strong> Geeignet f\u00fcr Holzm\u00f6bel, Antiquit\u00e4ten und Holzb\u00f6den.<br \/>\nNat\u00fcrliche und ungiftige Pflege und Schutz von Holzm\u00f6beln und -b\u00f6den.<br \/>\nVerleiht Glanz und Schimmer.<br \/>\nHergestellt aus nat\u00fcrlichen Rohstoffen &#8211; ohne L\u00f6sungsmittel, Naphtha oder andere sch\u00e4dliche Chemikalien.<br \/>\nKonsequent biologisch und NCP-zertifiziert.<br \/>\nNach dem Originalrezept des Gastronomen Dr. Peter Haas.<br \/>\nHandgefertigt in Deutschland. <strong>Anwendung:<\/strong> Tragen Sie das Wachs d\u00fcnn und gleichm\u00e4\u00dfig mit einem Tuch oder einer B\u00fcrste auf und polieren Sie es dann direkt mit einer Polierb\u00fcrste auf einen seidigen Glanz.<br \/>\nMit einem Poliertuch nachpolieren, um den Glanz zu verst\u00e4rken.<br \/>\nL\u00fcften Sie gro\u00dfe Oberfl\u00e4chen gut.<br \/>\nStark saugende Oberfl\u00e4chen wie Weichholz, Kork und Linoleum behandeln Sie am besten vorher mit \u00d6l (K\u00f6ndringer M\u00f6bel\u00f6l).<br \/>\nUnlackierte Holzoberfl\u00e4chen sehen besonders sch\u00f6n aus, wenn sie vor dem Wachsen mit einem Schleifvlies abgeschliffen werden.<br \/>\nZutaten: Bienenwachs, Carnaubawachs*, Schellackwachs, Zuckerrohrwachs, Lein\u00f6l* und Orangen\u00f6l * aus kontrolliert biologischem Anbau \/ Wachs aus biologischem Anbau Inhalt: 200 ml in einer klassischen Blechdose.                  <em>\u00dcber die W\u00e4hlerschaft von Tapir bei Rohstoffen:<\/em><br \/>\n<em>Ein Beispiel daf\u00fcr, wie sorgf\u00e4ltig Tapir mit den Zutaten umgeht: Als wir bei Valfrids die Fabrik besuchten, erz\u00e4hlten sie uns, dass sie zuvor versucht hatten, Leinsamen\u00f6l auf dem europ\u00e4ischen Markt zu kaufen, und zwar in gro\u00dfen Mengen.<br \/>\nObwohl es sich um Bio-Lein\u00f6l handelte, schwankte die Qualit\u00e4t zu stark, so dass sie sich nicht darauf verlassen konnten, dass das Rohmaterial von gleichbleibender Qualit\u00e4t war.<br \/>\nAlso fanden sie einen \u00f6rtlichen Landwirt und schlossen einen Vertrag mit ihm, um ausschlie\u00dflich Bio-Lein\u00f6l von ihm zu kaufen, auch wenn es teurer war.<br \/>\nEr konnte eine gleichbleibende und extrem hohe Qualit\u00e4t garantieren, Tapir konnte die Bestellmenge garantieren.<br \/>\nDas zeigt, wie wichtig die Rohstoffe sind.<br \/>\nEs handelt sich also um Produkte der Spitzenklasse.     <\/em><\/p>\n<p><em>Wie ein M\u00f6belwachs sein sollte &#8211; nat\u00fcrliche Inhaltsstoffe f\u00fcr nat\u00fcrliche Materialien.  <\/em><\/p>\n","protected":false},"excerpt":{"rendered":"<p>F\u00fcr Holzm\u00f6bel, Antiquit\u00e4ten, Linoleum, Kork und Marmor.<br \/>\nNach einem traditionellen Rezept. <\/p>\n","protected":false},"featured_media":932,"comment_status":"open","ping_status":"closed","template":"","meta":[],"product_brand":[],"product_cat":[81,89],"product_tag":[102,119,118,120,101,117],"class_list":{"0":"post-1218","1":"product","2":"type-product","3":"status-publish","4":"has-post-thumbnail","6":"product_cat-alle-produkte","7":"product_cat-haus-und-mobel","8":"product_tag-antiquitaten","9":"product_tag-kork-de","10":"product_tag-linoleum-de","11":"product_tag-marmor-de","12":"product_tag-mobelpflege","13":"product_tag-stein","15":"first","16":"instock","17":"taxable","18":"shipping-taxable","19":"purchasable","20":"product-type-simple"},"_links":{"self":[{"href":"https:\/\/valfrids.com\/de\/wp-json\/wp\/v2\/product\/1218","targetHints":{"allow":["GET"]}}],"collection":[{"href":"https:\/\/valfrids.com\/de\/wp-json\/wp\/v2\/product"}],"about":[{"href":"https:\/\/valfrids.com\/de\/wp-json\/wp\/v2\/types\/product"}],"replies":[{"embeddable":true,"href":"https:\/\/valfrids.com\/de\/wp-json\/wp\/v2\/comments?post=1218"}],"wp:featuredmedia":[{"embeddable":true,"href":"https:\/\/valfrids.com\/de\/wp-json\/wp\/v2\/media\/932"}],"wp:attachment":[{"href":"https:\/\/valfrids.com\/de\/wp-json\/wp\/v2\/media?parent=1218"}],"wp:term":[{"taxonomy":"product_brand","embeddable":true,"href":"https:\/\/valfrids.com\/de\/wp-json\/wp\/v2\/product_brand?post=1218"},{"taxonomy":"product_cat","embeddable":true,"href":"https:\/\/valfrids.com\/de\/wp-json\/wp\/v2\/product_cat?post=1218"},{"taxonomy":"product_tag","embeddable":true,"href":"https:\/\/valfrids.com\/de\/wp-json\/wp\/v2\/product_tag?post=1218"}],"curies":[{"name":"wp","href":"https:\/\/api.w.org\/{rel}","templated":true}]}}