{"id":1217,"date":"2024-08-13T13:14:27","date_gmt":"2024-08-13T13:14:27","guid":{"rendered":"https:\/\/valfrids.com\/product\/shampoo-1-0-autopflege\/"},"modified":"2024-10-23T13:14:56","modified_gmt":"2024-10-23T13:14:56","slug":"shampoo-1-0-autopflege","status":"publish","type":"product","link":"https:\/\/valfrids.com\/de\/produkt\/shampoo-1-0-autopflege\/","title":{"rendered":"Shampoo 1.0 Autopflege"},"content":{"rendered":"<p>Shampoo 1.0 entfernt Schmutz von Fahrzeuglacken. Besonders geeignet f\u00fcr die erste Reinigung von verschmutzten Lackoberfl\u00e4chen zur Vorbereitung weiterer Anwendungen.<\/p>\n<p>ANWENDUNG:<br \/>\nGie\u00dfen Sie 2-3 Verschlusskappen Shampoo 1.0 in einen Eimer mit etwa 6 Litern Wasser.<br \/>\nBefeuchten Sie einen sauberen Schwamm mit dem Wasser und geben Sie eine weitere Kappe Shampoo 1.0 auf den Schwamm und sch\u00e4umen Sie ihn mit massierenden Bewegungen auf.<br \/>\nReiben Sie damit eine gro\u00dfe Fl\u00e4che des Autolacks ein. Sp\u00fclen Sie den benutzten Schwamm h\u00e4ufig in einem zweiten Eimer mit sauberem Wasser aus.<br \/>\nWiederholen Sie den Vorgang. Sp\u00fclen Sie das Fahrzeug nach einer kurzen Einwirkzeit mit sauberem Wasser ab.<\/p>\n<p>WICHTIG!<br \/>\nArbeiten Sie beim Waschen immer von oben nach unten.<br \/>\nWaschen Sie leicht l\u00f6slichen Schmutz mit einer Autowaschb\u00fcrste unter flie\u00dfendem Wasser ab.<br \/>\nSp\u00fclen Sie den Schwamm \u00f6fters gr\u00fcndlich mit klarem Wasser aus, um zu vermeiden, dass Schmutzpartikel den Lack zerkratzen.<br \/>\nVerwenden Sie immer gen\u00fcgend Waschwasser.<br \/>\nUm Streifen zu vermeiden, waschen Sie das Produkt nie in direktem Sonnenlicht oder auf hei\u00dfer Farbe.<\/p>\n<p>ZUTATEN:<br \/>\nZuckertensid, Panamarindenextrakt, Wasser<\/p>\n<p>LAGERUNG:<br \/>\nLagern Sie sie an einem frostfreien Ort.<\/p>\n","protected":false},"excerpt":{"rendered":"<p>Entfernt Schmutz von Fahrzeuglacken.<br \/>\nBesonders geeignet zum Waschen verschmutzter Lackoberfl\u00e4chen als Vorbereitung f\u00fcr den n\u00e4chsten Schritt. <\/p>\n","protected":false},"featured_media":944,"comment_status":"open","ping_status":"closed","template":"","meta":[],"product_brand":[],"product_cat":[81,90],"product_tag":[108],"class_list":{"0":"post-1217","1":"product","2":"type-product","3":"status-publish","4":"has-post-thumbnail","6":"product_cat-alle-produkte","7":"product_cat-auto-und-boot","8":"product_tag-autopflege","10":"first","11":"instock","12":"taxable","13":"shipping-taxable","14":"purchasable","15":"product-type-simple"},"_links":{"self":[{"href":"https:\/\/valfrids.com\/de\/wp-json\/wp\/v2\/product\/1217","targetHints":{"allow":["GET"]}}],"collection":[{"href":"https:\/\/valfrids.com\/de\/wp-json\/wp\/v2\/product"}],"about":[{"href":"https:\/\/valfrids.com\/de\/wp-json\/wp\/v2\/types\/product"}],"replies":[{"embeddable":true,"href":"https:\/\/valfrids.com\/de\/wp-json\/wp\/v2\/comments?post=1217"}],"wp:featuredmedia":[{"embeddable":true,"href":"https:\/\/valfrids.com\/de\/wp-json\/wp\/v2\/media\/944"}],"wp:attachment":[{"href":"https:\/\/valfrids.com\/de\/wp-json\/wp\/v2\/media?parent=1217"}],"wp:term":[{"taxonomy":"product_brand","embeddable":true,"href":"https:\/\/valfrids.com\/de\/wp-json\/wp\/v2\/product_brand?post=1217"},{"taxonomy":"product_cat","embeddable":true,"href":"https:\/\/valfrids.com\/de\/wp-json\/wp\/v2\/product_cat?post=1217"},{"taxonomy":"product_tag","embeddable":true,"href":"https:\/\/valfrids.com\/de\/wp-json\/wp\/v2\/product_tag?post=1217"}],"curies":[{"name":"wp","href":"https:\/\/api.w.org\/{rel}","templated":true}]}}