{"id":1216,"date":"2024-09-06T12:39:56","date_gmt":"2024-09-06T12:39:56","guid":{"rendered":"https:\/\/valfrids.com\/product\/aleppo-seife-gruen-gredelina-40\/"},"modified":"2024-11-13T10:49:47","modified_gmt":"2024-11-13T10:49:47","slug":"aleppo-seife-gruen-gredelina-40","status":"publish","type":"product","link":"https:\/\/valfrids.com\/de\/produkt\/aleppo-seife-gruen-gredelina-40\/","title":{"rendered":"Gr\u00f6na Gredelina Aleppo Seife 40%"},"content":{"rendered":"<p><strong>Aleppo Seife 40%<\/strong> ist eine Hartseife, die auf traditionelle Weise hergestellt wird und ihren Ursprung in Aleppo, Syrien, hat.<br \/>\nEs wird seit Jahrhunderten auf die gleiche Weise gemacht. Aleppo-Seife ist sehr beliebt und wird zum Waschen von K\u00f6rper, Gesicht und Haaren verwendet.<\/p>\n<p>Aleppo-Seife 40% Lorbeer\u00f6l wird zur Gesichtsreinigung f\u00fcr alle Hauttypen empfohlen, auch f\u00fcr trockene Haut. Der <strong>hohe Gehalt an B\u00e4rentrauben\u00f6l pflegt die Haut intensiv<\/strong>. Je mehr Lorbeer\u00f6l die Seife enth\u00e4lt, desto antibakterieller und n\u00e4hrender ist sie. Besonders gut f\u00fcr fettige und zu Akne neigende Haut. Kann auch als Shampoo verwendet werden. Wenn Sie Ihr Haar mit Aleppo-Seife waschen, die einen hohen pH-Wert hat, muss das pH-Gleichgewicht des Haares m\u00f6glicherweise durch Aussp\u00fclen oder Bespr\u00fchen mit einem Produkt mit niedrigem (saurem) pH-Wert oder einem Conditioner wiederhergestellt werden. Mischen Sie zum Beispiel 50\/50 Apfelessig und Wasser,<\/p>\n<p>Die Aleppo-Seife ist ein Naturprodukt aus kaltgepresstem Bio-Oliven\u00f6l und kaltgepresstem Bio-Lorbeer\u00f6l (40%). Kann von jedem verwendet werden, auch von Menschen mit Ekzemen, Hautallergien, Akne, Schuppenflechte, bakterieller Dermatitis, Herpes und Rosacea.<\/p>\n<p>Enth\u00e4lt <strong>100% nat\u00fcrliche Inhaltsstoffe<\/strong> und ist v\u00f6llig frei von Chemikalien. Die Seife enth\u00e4lt keine k\u00fcnstlichen Farb- und Duftstoffe, Konservierungsmittel, Palm\u00f6l oder tierische Fette.<br \/>\nGeeignet f\u00fcr den ganzen K\u00f6rper, zum Haarewaschen, f\u00fcr die Babypflege, usw.<\/p>\n<p>Aleppo- oder Lorbeerseife wird aus Oliven\u00f6l (olea europa) und Lorbeer\u00f6l (laurus nobile) hergestellt, das aus den Fr\u00fcchten des Lorbeerbaums gewonnen wird. Die Seife auf \u00d6lbasis wird seit 0 v. Chr. auf die gleiche Weise hergestellt und trocknet weder Haut noch Haare aus, sondern hilft, die Haut zu beruhigen und zu heilen. Es ist perfekt f\u00fcr Menschen, die empfindlich sind, Ekzeme haben oder extrem trocken sind. Es hat einen nat\u00fcrlich frischen Duft nach Oliven- und Lorbeer\u00f6l. Das Lorbeer\u00f6l ist heilend und antibakteriell, so dass Bakterien in der Seife nicht gedeihen k\u00f6nnen. Hervorragend geeignet f\u00fcr &#8222;No Poo&#8220; (Keine Shampoo-Methode), aber ebenso gut f\u00fcr Handw\u00e4sche, Kinder und Haustiere. Gr\u00f6na Gredelina Aleppo-Seife 40% aus ist handgesiedet, sonnengetrocknet (9 Monate) und handgeschnitten. Wird mit einer starken Sisalschnur zum bequemen Aufh\u00e4ngen und Lufttrocknen geliefert.<\/p>\n<p>Zutaten: Natriumolivat, Natriumlaurat, Natriumchlorid.<br \/>\nGewicht ca. 200 g. Die Seife ist ziemlich gro\u00df!<br \/>\nHergestellt in der T\u00fcrkei.<\/p>\n","protected":false},"excerpt":{"rendered":"<p>Oliven\u00f6lseife mit 40% Lorbeer\u00f6l.<\/p>\n","protected":false},"featured_media":1062,"comment_status":"open","ping_status":"closed","template":"","meta":[],"product_brand":[],"product_cat":[81,89],"product_tag":[],"class_list":{"0":"post-1216","1":"product","2":"type-product","3":"status-publish","4":"has-post-thumbnail","6":"product_cat-alle-produkte","7":"product_cat-haus-und-mobel","9":"first","10":"instock","11":"taxable","12":"shipping-taxable","13":"purchasable","14":"product-type-simple"},"_links":{"self":[{"href":"https:\/\/valfrids.com\/de\/wp-json\/wp\/v2\/product\/1216","targetHints":{"allow":["GET"]}}],"collection":[{"href":"https:\/\/valfrids.com\/de\/wp-json\/wp\/v2\/product"}],"about":[{"href":"https:\/\/valfrids.com\/de\/wp-json\/wp\/v2\/types\/product"}],"replies":[{"embeddable":true,"href":"https:\/\/valfrids.com\/de\/wp-json\/wp\/v2\/comments?post=1216"}],"wp:featuredmedia":[{"embeddable":true,"href":"https:\/\/valfrids.com\/de\/wp-json\/wp\/v2\/media\/1062"}],"wp:attachment":[{"href":"https:\/\/valfrids.com\/de\/wp-json\/wp\/v2\/media?parent=1216"}],"wp:term":[{"taxonomy":"product_brand","embeddable":true,"href":"https:\/\/valfrids.com\/de\/wp-json\/wp\/v2\/product_brand?post=1216"},{"taxonomy":"product_cat","embeddable":true,"href":"https:\/\/valfrids.com\/de\/wp-json\/wp\/v2\/product_cat?post=1216"},{"taxonomy":"product_tag","embeddable":true,"href":"https:\/\/valfrids.com\/de\/wp-json\/wp\/v2\/product_tag?post=1216"}],"curies":[{"name":"wp","href":"https:\/\/api.w.org\/{rel}","templated":true}]}}