{"id":1215,"date":"2024-08-13T13:44:20","date_gmt":"2024-08-13T13:44:20","guid":{"rendered":"https:\/\/valfrids.com\/product\/lederreinigung-5-1-pflege-der-kutsche\/"},"modified":"2025-05-25T08:26:54","modified_gmt":"2025-05-25T08:26:54","slug":"lederreinigung-5-1-pflege-der-kutsche","status":"publish","type":"product","link":"https:\/\/valfrids.com\/de\/produkt\/lederreinigung-5-1-pflege-der-kutsche\/","title":{"rendered":"Lederreinigung 5.1 Pflege der Kutsche"},"content":{"rendered":"<p>L<strong>eather Cleaner 5.1 (150 ml) reinigt Leder in Fahrzeuginnenr\u00e4umen.<\/strong> Besonders geeignet f\u00fcr Ledersitze, Lederkopfst\u00fctzen, Lederverkleidungen und Lederinnenr\u00e4ume. Einfach anzuwenden! Hat au\u00dferdem eine feuchtigkeitsspendende und sch\u00fctzende Wirkung auf Leder!<\/p>\n<p>ANWENDUNG: Geben Sie Leather Cleaner 5.1 auf einen feuchten Schwamm (feucht, nicht tropfnass) und reiben Sie ihn in die Lederoberfl\u00e4che ein, bis er sch\u00e4umt.<\/p>\n<p>Wischen Sie das Leder dann mit einem sauberen, trockenen Schwamm ab. Fahren Sie mit dem Reinigungsvorgang fort, bis das gew\u00fcnschte Ergebnis erreicht ist. Lassen Sie es trocknen und polieren Sie es mit einem Baumwolltuch oder einer Tapirb\u00fcrste.<\/p>\n<p>WICHTIGER HINWEIS: Nicht geeignet f\u00fcr Wild- und Nubukleder. Arbeiten Sie in kreisenden Bewegungen von au\u00dfen nach innen. Testen Sie zuerst an einer verdeckten Stelle. ZUTATEN: Fetts\u00e4ure aus Sonnenblumen\u00f6l, Bienenwachs, Zuckerrohrwachs, Stearin, Wasser, Borax, Natronlauge.<br \/>\nLAGERUNG: Lagern Sie es an einem frostfreien Ort. Einfach zu verwenden!<br \/>\nKeine unangenehmen Chemikalien, Sie k\u00f6nnen es ohne Schutzhandschuhe verwenden. Handgefertigt bei Tapir in Deutschland aus den besten Rohstoffen. PS, es kann nat\u00fcrlich f\u00fcr alle Lederarten verwendet werden, auch f\u00fcr Lederm\u00f6bel in Ihrem Zuhause. <\/p>\n","protected":false},"excerpt":{"rendered":"<p>Zur Reinigung von Leder in Fahrzeugen, Autos, Booten und Motorr\u00e4dern, z.B. Sitze, Kopfst\u00fctzen, S\u00e4ttel und Verkleidungen.<\/p>\n","protected":false},"featured_media":954,"comment_status":"open","ping_status":"closed","template":"","meta":[],"product_brand":[],"product_cat":[81,90],"product_tag":[91],"class_list":{"0":"post-1215","1":"product","2":"type-product","3":"status-publish","4":"has-post-thumbnail","6":"product_cat-alle-produkte","7":"product_cat-auto-und-boot","8":"product_tag-autopolsterung","10":"first","11":"instock","12":"taxable","13":"shipping-taxable","14":"purchasable","15":"product-type-simple"},"_links":{"self":[{"href":"https:\/\/valfrids.com\/de\/wp-json\/wp\/v2\/product\/1215","targetHints":{"allow":["GET"]}}],"collection":[{"href":"https:\/\/valfrids.com\/de\/wp-json\/wp\/v2\/product"}],"about":[{"href":"https:\/\/valfrids.com\/de\/wp-json\/wp\/v2\/types\/product"}],"replies":[{"embeddable":true,"href":"https:\/\/valfrids.com\/de\/wp-json\/wp\/v2\/comments?post=1215"}],"wp:featuredmedia":[{"embeddable":true,"href":"https:\/\/valfrids.com\/de\/wp-json\/wp\/v2\/media\/954"}],"wp:attachment":[{"href":"https:\/\/valfrids.com\/de\/wp-json\/wp\/v2\/media?parent=1215"}],"wp:term":[{"taxonomy":"product_brand","embeddable":true,"href":"https:\/\/valfrids.com\/de\/wp-json\/wp\/v2\/product_brand?post=1215"},{"taxonomy":"product_cat","embeddable":true,"href":"https:\/\/valfrids.com\/de\/wp-json\/wp\/v2\/product_cat?post=1215"},{"taxonomy":"product_tag","embeddable":true,"href":"https:\/\/valfrids.com\/de\/wp-json\/wp\/v2\/product_tag?post=1215"}],"curies":[{"name":"wp","href":"https:\/\/api.w.org\/{rel}","templated":true}]}}