{"id":1214,"date":"2024-09-06T12:42:31","date_gmt":"2024-09-06T12:42:31","guid":{"rendered":"https:\/\/valfrids.com\/product\/aleppo-seife-gruene-gredelina-16\/"},"modified":"2025-05-25T08:25:28","modified_gmt":"2025-05-25T08:25:28","slug":"aleppo-seife-gruene-gredelina-16","status":"publish","type":"product","link":"https:\/\/valfrids.com\/de\/produkt\/aleppo-seife-gruene-gredelina-16\/","title":{"rendered":"Gr\u00f6na Gredelina Aleppo Seife 16%"},"content":{"rendered":"<p><strong>Aleppo Seife 16% ist eine Hartseife <\/strong>aus Oliven\u00f6l (Olea europa) und Lorbeer\u00f6l (Laurus nobile), das aus den Fr\u00fcchten des Lorbeerbaums gewonnen wird.<\/p>\n<p>Aleppo-Seife wird manchmal auch Olivenseife oder Lorbeerseife genannt. Sie werden nach der traditionellen alten Aleppo-Methode hergestellt. Die Seife ist handgemacht und enth\u00e4lt nur nat\u00fcrliche Zutaten. Diese Aleppo-Seife enth\u00e4lt 16% Lorbeer\u00f6l.<\/p>\n<p>Reinigt effektiv und unterst\u00fctzt die Haut. Die Basis der Aleppo-Seife besteht aus Oliven\u00f6l, das Feuchtigkeit spendet und n\u00e4hrt, ohne auszutrocknen oder zu reizen, und aus B\u00e4rentrauben\u00f6l, das reich an essentiellen Fetts\u00e4uren ist und die Haut sehr sanft und n\u00e4hrend pflegt. Daher ist es f\u00fcr die Reinigung und Pflege aller Hauttypen geeignet, auch f\u00fcr reife und empfindliche Haut. Lorbeer\u00f6l hat eine antiseptische Wirkung, die bei Haut- und Kopfhautproblemen helfen kann.<\/p>\n<p><strong>Anwendung:<\/strong> Die Seife kann f\u00fcr den K\u00f6rper, f\u00fcr das Gesicht und als Haarw\u00e4sche verwendet werden. Kann auch f\u00fcr die Handw\u00e4sche verwendet werden. Da keine k\u00fcnstlichen Zusatzstoffe verwendet werden und der Hauptbestandteil der Seife Oliven\u00f6l ist, ist sie f\u00fcr jeden geeignet. Lassen Sie die Seife zwischen den Anwendungen zum Trocknen aufh\u00e4ngen.<\/p>\n<p>Aleppo Seife ist eine nat\u00fcrliche, biologisch abbaubare Seife ohne Duftstoffe, Palm\u00f6l, Konservierungsmittel, tierische R\u00fcckst\u00e4nde oder synthetische Zusatzstoffe.<\/p>\n<p>Die Geschichte der Olivenseife reicht mehr als tausend Jahre zur\u00fcck, bis in die syrische Stadt Aleppo. Es ist der Ursprung der soliden handgemachten Seifen, die heute auf der ganzen Welt verwendet werden. Die Seifen sind handgefertigt und enthalten keine Konservierungsmittel, Farbstoffe, synthetischen Duftstoffe oder tierischen Fette. Sie werden aus Oliven\u00f6l und Lorbeer\u00f6l hergestellt.<\/p>\n<p><strong>Zutaten: <\/strong>Natriumolivat, Natriumlaurat, Natriumchlorid<\/p>\n<p>Gewicht 200 Gramm. Die Seife ist ziemlich gro\u00df!<br \/>\nHergestellt in der T\u00fcrkei.<\/p>\n","protected":false},"excerpt":{"rendered":"<p>Oliven\u00f6lseife mit 16% Lorbeer\u00f6l.<\/p>\n","protected":false},"featured_media":1066,"comment_status":"open","ping_status":"closed","template":"","meta":[],"product_brand":[],"product_cat":[81,89],"product_tag":[],"class_list":{"0":"post-1214","1":"product","2":"type-product","3":"status-publish","4":"has-post-thumbnail","6":"product_cat-alle-produkte","7":"product_cat-haus-und-mobel","9":"first","10":"instock","11":"taxable","12":"shipping-taxable","13":"purchasable","14":"product-type-simple"},"_links":{"self":[{"href":"https:\/\/valfrids.com\/de\/wp-json\/wp\/v2\/product\/1214","targetHints":{"allow":["GET"]}}],"collection":[{"href":"https:\/\/valfrids.com\/de\/wp-json\/wp\/v2\/product"}],"about":[{"href":"https:\/\/valfrids.com\/de\/wp-json\/wp\/v2\/types\/product"}],"replies":[{"embeddable":true,"href":"https:\/\/valfrids.com\/de\/wp-json\/wp\/v2\/comments?post=1214"}],"wp:featuredmedia":[{"embeddable":true,"href":"https:\/\/valfrids.com\/de\/wp-json\/wp\/v2\/media\/1066"}],"wp:attachment":[{"href":"https:\/\/valfrids.com\/de\/wp-json\/wp\/v2\/media?parent=1214"}],"wp:term":[{"taxonomy":"product_brand","embeddable":true,"href":"https:\/\/valfrids.com\/de\/wp-json\/wp\/v2\/product_brand?post=1214"},{"taxonomy":"product_cat","embeddable":true,"href":"https:\/\/valfrids.com\/de\/wp-json\/wp\/v2\/product_cat?post=1214"},{"taxonomy":"product_tag","embeddable":true,"href":"https:\/\/valfrids.com\/de\/wp-json\/wp\/v2\/product_tag?post=1214"}],"curies":[{"name":"wp","href":"https:\/\/api.w.org\/{rel}","templated":true}]}}