{"id":1213,"date":"2024-08-13T13:54:32","date_gmt":"2024-08-13T13:54:32","guid":{"rendered":"https:\/\/valfrids.com\/product\/lederpflegemittel-5-2-kutschenpflege\/"},"modified":"2024-10-23T13:14:43","modified_gmt":"2024-10-23T13:14:43","slug":"lederpflegemittel-5-2-kutschenpflege","status":"publish","type":"product","link":"https:\/\/valfrids.com\/de\/produkt\/lederpflegemittel-5-2-kutschenpflege\/","title":{"rendered":"Lederpflegemittel 5.2 Kutschenpflege"},"content":{"rendered":"<p><strong>Lederpflegemittel 5.2 (150 ml) f\u00fcr die Pflege von trockenem, rissigem und spr\u00f6dem Leder.<\/strong><br \/>\nMacht trockenes, abgenutztes, altes Leder geschmeidig, ist stark wasserabweisend und feuchtigkeitsspendend. Besonders geeignet f\u00fcr die Pflege von Ledersitzen, Lederverkleidungen, Motorradsitzen, Leders\u00e4tteln, Lederlenkr\u00e4dern, Lederg\u00fcrteln, Ledergep\u00e4ck und Lederbekleidung.<\/p>\n<p>ANWENDUNG:<br \/>\nMassieren Sie das Leder sparsam und gleichm\u00e4\u00dfig mit einem Baumwolltuch oder einer B\u00fcrste ein.<br \/>\nWischen Sie den \u00fcbersch\u00fcssigen Leather Conditioner nach einer Weile mit einem saugf\u00e4higen, fusselfreien Baumwolltuch ab.<\/p>\n<p>WICHTIG ZU BEACHTEN:<br \/>\nLeather Conditioner 5.2 ist sehr geschmeidig und wird besonders gut vom Leder aufgenommen, wenn es leicht warm (nicht kalt) ist.<br \/>\nGehen Sie sparsam damit um und ber\u00fccksichtigen Sie dabei die nat\u00fcrliche Saugf\u00e4higkeit von Leder.<\/p>\n<p>ZUTATEN:<br \/>\nLanolin, Rizinus\u00f6l, Raps\u00f6l, Bienenwachs, Carnaubawachs, Zuckerrohrwachs, Kokosnuss\u00f6l<\/p>\n<p>LAGERUNG:<br \/>\nAn einem k\u00fchlen Ort aufbewahren.<\/p>\n<p>Einfach zu benutzen! Keine unangenehmen Chemikalien, Sie k\u00f6nnen es ohne Schutzhandschuhe verwenden.<br \/>\nHandgefertigt bei Tapir in Deutschland aus den besten Rohstoffen.<\/p>\n","protected":false},"excerpt":{"rendered":"<p>Pflege f\u00fcr Leder.<br \/>\nBesonders geeignet f\u00fcr die Pflege von Sitzen, Verkleidungen, Motorradsitzen, S\u00e4tteln, Lenkr\u00e4dern, G\u00fcrteln, Gep\u00e4ck und Kleidung aus Leder. <\/p>\n","protected":false},"featured_media":956,"comment_status":"open","ping_status":"closed","template":"","meta":[],"product_brand":[],"product_cat":[81,90],"product_tag":[91],"class_list":{"0":"post-1213","1":"product","2":"type-product","3":"status-publish","4":"has-post-thumbnail","6":"product_cat-alle-produkte","7":"product_cat-auto-und-boot","8":"product_tag-autopolsterung","10":"first","11":"instock","12":"taxable","13":"shipping-taxable","14":"purchasable","15":"product-type-simple"},"_links":{"self":[{"href":"https:\/\/valfrids.com\/de\/wp-json\/wp\/v2\/product\/1213","targetHints":{"allow":["GET"]}}],"collection":[{"href":"https:\/\/valfrids.com\/de\/wp-json\/wp\/v2\/product"}],"about":[{"href":"https:\/\/valfrids.com\/de\/wp-json\/wp\/v2\/types\/product"}],"replies":[{"embeddable":true,"href":"https:\/\/valfrids.com\/de\/wp-json\/wp\/v2\/comments?post=1213"}],"wp:featuredmedia":[{"embeddable":true,"href":"https:\/\/valfrids.com\/de\/wp-json\/wp\/v2\/media\/956"}],"wp:attachment":[{"href":"https:\/\/valfrids.com\/de\/wp-json\/wp\/v2\/media?parent=1213"}],"wp:term":[{"taxonomy":"product_brand","embeddable":true,"href":"https:\/\/valfrids.com\/de\/wp-json\/wp\/v2\/product_brand?post=1213"},{"taxonomy":"product_cat","embeddable":true,"href":"https:\/\/valfrids.com\/de\/wp-json\/wp\/v2\/product_cat?post=1213"},{"taxonomy":"product_tag","embeddable":true,"href":"https:\/\/valfrids.com\/de\/wp-json\/wp\/v2\/product_tag?post=1213"}],"curies":[{"name":"wp","href":"https:\/\/api.w.org\/{rel}","templated":true}]}}