{"id":1211,"date":"2024-08-13T15:14:01","date_gmt":"2024-08-13T15:14:01","guid":{"rendered":"https:\/\/valfrids.com\/product\/pflege-von-synthetischen-materialien-und-kunststoffen-tapir-kunststoffpflege\/"},"modified":"2024-10-10T12:30:43","modified_gmt":"2024-10-10T12:30:43","slug":"pflege-von-synthetischen-materialien-und-kunststoffen-tapir-kunststoffpflege","status":"publish","type":"product","link":"https:\/\/valfrids.com\/de\/produkt\/pflege-von-synthetischen-materialien-und-kunststoffen-tapir-kunststoffpflege\/","title":{"rendered":"Pflege von synthetischen Materialien und Kunststoffen &#8211; Tapir Kunststoffpflege"},"content":{"rendered":"<p><strong>Tapir Kunststoffpflege &#8211; f\u00fcr die Pflege von synthetischen Materialien (Kunststoffe usw.).<\/strong><\/p>\n<p>Dies ist ein fantastisches Produkt, das aus nat\u00fcrlichen Rohstoffen und ohne Chemikalien hergestellt wird.<br \/>\nAber unser Ziel ist es, Plastik zu vermeiden und dennoch hat Tapir eine Plastikpflege entwickelt. Wie funktioniert das? M\u00f6bel aus Kunststoff sind aus unserem Alltag kaum noch wegzudenken und bei richtiger Behandlung und Pflege sind sie extrem langlebig.<\/p>\n<p>Es entfernt sanft, aber effektiv Schmutz und Flecken, w\u00e4hrend es das Material pflegt und sch\u00fctzt. Sowohl f\u00fcr wertvolle moderne Antiquit\u00e4ten als auch f\u00fcr Gartenm\u00f6bel.<\/p>\n<p>Einsatzgebiete:<br \/>\nAuffrischung und Schutz f\u00fcr graue und spr\u00f6de Kunststoffm\u00f6bel im Innen- und Au\u00dfenbereich. Erh\u00e4lt den Glanz und die Oberfl\u00e4che von normalen Kunststoffen.<br \/>\nFrischt verblasste M\u00f6bel wie Gartenm\u00f6bel ohne Chemikalien auf. Nicht geeignet f\u00fcr transparente Kunststoffe.<\/p>\n<p>Zutaten: Lein\u00f6l*, Lallemantia-\u00d6l, Essig*, Orangen\u00f6l* aus kontrolliert biologischem Anbau.<\/p>\n<p>Anwendung und Dosierung:<br \/>\nDie Anwendung ist einfach. Beginnen Sie damit, die Oberfl\u00e4che Ihrer Kunststoffm\u00f6bel gr\u00fcndlich von Staub und Schmutz zu befreien. Am besten verwenden Sie ein weiches, trockenes Tuch oder eine B\u00fcrste, um grobe Partikel zu entfernen. Sobald die Oberfl\u00e4che sauber ist, tragen Sie das Produkt gleichm\u00e4\u00dfig auf. Verwenden Sie ein sauberes Baumwolltuch. Achten Sie darauf, dass Sie nicht zu viel Produkt auf einmal verwenden. Arbeiten Sie das Produkt mit sanften, kreisenden Bewegungen in die Oberfl\u00e4che des Kunststoffs ein, so dass es gleichm\u00e4\u00dfig verteilt wird und tief in das Material eindringen kann, um es zu pflegen und zu sch\u00fctzen. Wenn Sie das Produkt aufgetragen haben, lassen Sie es ein paar Minuten einwirken. Dann k\u00f6nnen Sie den \u00dcberschuss mit einem sauberen Tuch abwischen. Wiederholen Sie diesen Vorgang bei Bedarf, um die Lebensdauer Ihrer M\u00f6bel zu verl\u00e4ngern. Bei regelm\u00e4\u00dfiger Anwendung bleiben Ihre M\u00f6bel nicht nur sauber und gl\u00e4nzend, sie werden auch vor vorzeitiger Alterung und Abnutzung gesch\u00fctzt.<\/p>\n<p>Funktioniert auch sehr gut bei Auto-Cabrios!<br \/>\nWenn Sie Cabriod\u00e4cher mit Tapir Kunststoffpflege behandeln, achten Sie darauf, dass das Dach zuvor gr\u00fcndlich gereinigt wurde. Vorzugsweise mit Wagenpflege-Polsterreiniger (bei uns erh\u00e4ltlich).<\/p>\n<p>Inhalt:<br \/>\n200 ml in einer Glasflasche. Hergestellt aus nat\u00fcrlichen Rohstoffen. NCP-Zertifizierung. Handgefertigt in Deutschland.<\/p>\n","protected":false},"excerpt":{"rendered":"<p>Pflegt M\u00f6bel und Ger\u00e4te aus Kunststoff und anderen synthetischen Materialien.<br \/>\nVerleiht Glanz, sch\u00fctzt, verl\u00e4ngert die Lebensdauer.<\/p>\n","protected":false},"featured_media":972,"comment_status":"open","ping_status":"closed","template":"","meta":[],"product_brand":[],"product_cat":[81,89],"product_tag":[101,104],"class_list":{"0":"post-1211","1":"product","2":"type-product","3":"status-publish","4":"has-post-thumbnail","6":"product_cat-alle-produkte","7":"product_cat-haus-und-mobel","8":"product_tag-mobelpflege","9":"product_tag-synthetisches-material","11":"first","12":"instock","13":"taxable","14":"shipping-taxable","15":"purchasable","16":"product-type-simple"},"_links":{"self":[{"href":"https:\/\/valfrids.com\/de\/wp-json\/wp\/v2\/product\/1211","targetHints":{"allow":["GET"]}}],"collection":[{"href":"https:\/\/valfrids.com\/de\/wp-json\/wp\/v2\/product"}],"about":[{"href":"https:\/\/valfrids.com\/de\/wp-json\/wp\/v2\/types\/product"}],"replies":[{"embeddable":true,"href":"https:\/\/valfrids.com\/de\/wp-json\/wp\/v2\/comments?post=1211"}],"wp:featuredmedia":[{"embeddable":true,"href":"https:\/\/valfrids.com\/de\/wp-json\/wp\/v2\/media\/972"}],"wp:attachment":[{"href":"https:\/\/valfrids.com\/de\/wp-json\/wp\/v2\/media?parent=1211"}],"wp:term":[{"taxonomy":"product_brand","embeddable":true,"href":"https:\/\/valfrids.com\/de\/wp-json\/wp\/v2\/product_brand?post=1211"},{"taxonomy":"product_cat","embeddable":true,"href":"https:\/\/valfrids.com\/de\/wp-json\/wp\/v2\/product_cat?post=1211"},{"taxonomy":"product_tag","embeddable":true,"href":"https:\/\/valfrids.com\/de\/wp-json\/wp\/v2\/product_tag?post=1211"}],"curies":[{"name":"wp","href":"https:\/\/api.w.org\/{rel}","templated":true}]}}