{"id":1208,"date":"2024-08-28T14:36:20","date_gmt":"2024-08-28T14:36:20","guid":{"rendered":"https:\/\/valfrids.com\/product\/lavendelkissen-gruen-gredelina-2er-pack\/"},"modified":"2024-10-08T23:45:17","modified_gmt":"2024-10-08T23:45:17","slug":"lavendelkissen-gruen-gredelina-2er-pack","status":"publish","type":"product","link":"https:\/\/valfrids.com\/de\/produkt\/lavendelkissen-gruen-gredelina-2er-pack\/","title":{"rendered":"Lavendelkissen Gr\u00fcn Gredelina 2er-Pack"},"content":{"rendered":"<p><strong>Lavendelkissen Leinen Gr\u00fcn Gredelina<\/strong><\/p>\n<p>Lavendelkissen aus Leinen im 2er-Set. Bio-Duftkissen, gef\u00fcllt mit duftendem getrocknetem Bio-Lavendel und Bio-Reisk\u00f6rnern. Der Reis wirkt als Feuchtigkeitsabsorber. Verwenden Sie sie wie Lavendels\u00e4ckchen im Kleiderschrank, in der Schublade, im Badezimmer oder im Auto f\u00fcr einen tollen Duft. Die Lavendelkissen werden in Litauen aus Bio-Leinen gen\u00e4ht und in Stockholm von Hand gef\u00fcllt und verpackt. Das Set enth\u00e4lt 1 beiges Leinenkissen und 1 graues Leinenkissen mit einer Gr\u00f6\u00dfe von 10 cm.    <\/p>\n","protected":false},"excerpt":{"rendered":"<p>Riecht gut, h\u00e4lt Ungeziefer fern.<br \/>\nIm Kleiderschrank, im Badezimmer, im Auto. <\/p>\n","protected":false},"featured_media":1042,"comment_status":"open","ping_status":"closed","template":"","meta":[],"product_brand":[],"product_cat":[81,89,97],"product_tag":[],"class_list":{"0":"post-1208","1":"product","2":"type-product","3":"status-publish","4":"has-post-thumbnail","6":"product_cat-alle-produkte","7":"product_cat-haus-und-mobel","8":"product_cat-sauberes-zuhause","10":"first","11":"instock","12":"taxable","13":"shipping-taxable","14":"purchasable","15":"product-type-simple"},"_links":{"self":[{"href":"https:\/\/valfrids.com\/de\/wp-json\/wp\/v2\/product\/1208","targetHints":{"allow":["GET"]}}],"collection":[{"href":"https:\/\/valfrids.com\/de\/wp-json\/wp\/v2\/product"}],"about":[{"href":"https:\/\/valfrids.com\/de\/wp-json\/wp\/v2\/types\/product"}],"replies":[{"embeddable":true,"href":"https:\/\/valfrids.com\/de\/wp-json\/wp\/v2\/comments?post=1208"}],"wp:featuredmedia":[{"embeddable":true,"href":"https:\/\/valfrids.com\/de\/wp-json\/wp\/v2\/media\/1042"}],"wp:attachment":[{"href":"https:\/\/valfrids.com\/de\/wp-json\/wp\/v2\/media?parent=1208"}],"wp:term":[{"taxonomy":"product_brand","embeddable":true,"href":"https:\/\/valfrids.com\/de\/wp-json\/wp\/v2\/product_brand?post=1208"},{"taxonomy":"product_cat","embeddable":true,"href":"https:\/\/valfrids.com\/de\/wp-json\/wp\/v2\/product_cat?post=1208"},{"taxonomy":"product_tag","embeddable":true,"href":"https:\/\/valfrids.com\/de\/wp-json\/wp\/v2\/product_tag?post=1208"}],"curies":[{"name":"wp","href":"https:\/\/api.w.org\/{rel}","templated":true}]}}