{"id":1207,"date":"2024-07-24T14:19:38","date_gmt":"2024-07-24T14:19:38","guid":{"rendered":"https:\/\/valfrids.com\/product\/mokka-impraegnierung-50-ml-spray-tapir\/"},"modified":"2024-11-12T17:01:12","modified_gmt":"2024-11-12T17:01:12","slug":"mokka-impraegnierung-50-ml-spray-tapir","status":"publish","type":"product","link":"https:\/\/valfrids.com\/de\/produkt\/mokka-impraegnierung-50-ml-spray-tapir\/","title":{"rendered":"Mokka Impr\u00e4gnierung &#8211; 50 ml Spray Tapir"},"content":{"rendered":"<p><strong>Impr\u00e4gnierung f\u00fcr Wildleder, Nubuk und Veloursleder<\/strong><\/p>\n<p>Sind Sie auf der Suche nach einem Impr\u00e4gniermittel, das Ihre Wildleder-, Nubuk- oder Velourslederschuhe auffrischt, pflegt und sch\u00fctzt? Tapir Impr\u00e4gnierung mit Pumpzerst\u00e4uber ist stark wasserabweisend und hat eine leichte Reinigungswirkung. Zur regelm\u00e4\u00dfigen Anwendung f\u00fcr ein frisches und sch\u00fctzendes Ergebnis f\u00fcr Ihre Schuhe.<\/p>\n<p><strong>Verwenden Sie:<\/strong><br \/>\nWenn die Schuhe schmutzig sind, reinigen Sie sie vor dem Bespr\u00fchen mit Wasser und eventuell einer milden Pflanzenseife. Spr\u00fchen Sie die Lederimpr\u00e4gnierung nach dem Trocknen in einem Abstand von etwa 20-30 cm auf das Leder. Das Spr\u00fchbild ist nicht immer gleichm\u00e4\u00dfig und bildet Tr\u00f6pfchen. Verteilen Sie diese Tropfen sofort mit einer kleinen Tapir-Auftragsb\u00fcrste oder Tapir-Glanzb\u00fcrste gleichm\u00e4\u00dfig auf dem Leder und lassen Sie sie kurz trocknen. Dann rauen Sie das Leder mit der Tapir Wildlederb\u00fcrste oder einem Wildledergummi auf. Arbeiten Sie in eine Richtung.<\/p>\n<p>BITTE BEACHTEN SIE: Das Leder kann leicht nachdunkeln, machen Sie daher bei empfindlichem Leder einen Farbtest.<\/p>\n<p>ZUTATEN: Lanolin*, pflanzliches Stearin, nat\u00fcrliche L\u00f6sungsmittel, Ammoniakl\u00f6sung, Wasser.<br \/>\n*Pestizidfrei<\/p>\n<p>50 ml in einer Glasspr\u00fchflasche.<br \/>\nHergestellt in Deutschland.<\/p>\n","protected":false},"excerpt":{"rendered":"<p>Wasserabweisendes und sch\u00fctzendes Spray f\u00fcr Nubuk- und Veloursleder.<\/p>\n","protected":false},"featured_media":856,"comment_status":"open","ping_status":"closed","template":"","meta":[],"product_brand":[],"product_cat":[81,82,99],"product_tag":[84,115],"class_list":{"0":"post-1207","1":"product","2":"type-product","3":"status-publish","4":"has-post-thumbnail","6":"product_cat-alle-produkte","7":"product_cat-forstwirtschaft","8":"product_cat-freizeitgestaltung-und-jagd","9":"product_tag-forstwirtschaft","10":"product_tag-mokka","12":"first","13":"instock","14":"taxable","15":"shipping-taxable","16":"purchasable","17":"product-type-simple"},"_links":{"self":[{"href":"https:\/\/valfrids.com\/de\/wp-json\/wp\/v2\/product\/1207","targetHints":{"allow":["GET"]}}],"collection":[{"href":"https:\/\/valfrids.com\/de\/wp-json\/wp\/v2\/product"}],"about":[{"href":"https:\/\/valfrids.com\/de\/wp-json\/wp\/v2\/types\/product"}],"replies":[{"embeddable":true,"href":"https:\/\/valfrids.com\/de\/wp-json\/wp\/v2\/comments?post=1207"}],"wp:featuredmedia":[{"embeddable":true,"href":"https:\/\/valfrids.com\/de\/wp-json\/wp\/v2\/media\/856"}],"wp:attachment":[{"href":"https:\/\/valfrids.com\/de\/wp-json\/wp\/v2\/media?parent=1207"}],"wp:term":[{"taxonomy":"product_brand","embeddable":true,"href":"https:\/\/valfrids.com\/de\/wp-json\/wp\/v2\/product_brand?post=1207"},{"taxonomy":"product_cat","embeddable":true,"href":"https:\/\/valfrids.com\/de\/wp-json\/wp\/v2\/product_cat?post=1207"},{"taxonomy":"product_tag","embeddable":true,"href":"https:\/\/valfrids.com\/de\/wp-json\/wp\/v2\/product_tag?post=1207"}],"curies":[{"name":"wp","href":"https:\/\/api.w.org\/{rel}","templated":true}]}}