{"id":1206,"date":"2024-07-24T14:39:41","date_gmt":"2024-07-24T14:39:41","guid":{"rendered":"https:\/\/valfrids.com\/product\/impraegnierung-fuer-den-aussenbereich-fuer-unterwegs200-ml\/"},"modified":"2025-05-29T11:48:09","modified_gmt":"2025-05-29T11:48:09","slug":"impraegnierung-fuer-den-aussenbereich-fuer-unterwegs200-ml","status":"publish","type":"product","link":"https:\/\/valfrids.com\/de\/produkt\/impraegnierung-fuer-den-aussenbereich-fuer-unterwegs200-ml\/","title":{"rendered":"Impr\u00e4gnierung f\u00fcr den Au\u00dfenbereich &#8211; F\u00fcr unterwegs! 200 ml"},"content":{"rendered":"<p><strong>Nat\u00fcrliches Impr\u00e4gniermittel f\u00fcr Outdoor-Bekleidung und Textilien.<\/strong><\/p>\n<p>Jacken, Packtaschen, Rucks\u00e4cke und sogar gro\u00dfe Outdoor-Zelte brauchen regelm\u00e4\u00dfige Pflege und eine Auffrischung der Impr\u00e4gnierung. Mit den Produkten von Drau\u00dfen unterwegs! haben Sie eine hervorragende \u00f6kologische Option, die nicht nur gut f\u00fcr das Material und Ihre Gesundheit ist, sondern auch f\u00fcr die Umwelt.<\/p>\n<p>Zur Impr\u00e4gnierung von Textilien, Outdoor-Bekleidung f\u00fcr Erwachsene und Kinder, Packtaschen, Rucks\u00e4cken, Zelten.<br \/>\nDie Impr\u00e4gnierung wird mit dem mitgelieferten Auftragspinsel oder einem gro\u00dfen Pinsel f\u00fcr gr\u00f6\u00dfere Fl\u00e4chen aufgetragen.<\/p>\n<p><strong>Anwendung und Dosierung:<\/strong><br \/>\nSch\u00fctteln Sie die Flasche vor dem Gebrauch gut!<br \/>\nTragen Sie die Tapir &#8222;Out and about&#8220; Impr\u00e4gnierung mit dem mitgelieferten Pinsel gleichm\u00e4\u00dfig auf den Stoff auf. Behandeln Sie die N\u00e4hte besonders gut. Lassen Sie den Stoff trocknen. Bei gro\u00dfen Fl\u00e4chen k\u00f6nnen Sie auch eine Polierb\u00fcrste verwenden, um das Produkt zu verteilen. Wenn das Produkt nicht gleichm\u00e4\u00dfig aufgetragen wird, k\u00f6nnen nach dem Trocknen Schlieren entstehen. Diese leichten R\u00fcckst\u00e4nde lassen sich leicht mit Hitze entfernen, z.B. einen Haartrockner. Ein besonders gutes Ergebnis erzielen Sie beim Trocknen im W\u00e4schetrockner. Befolgen Sie in diesem Fall immer die Anweisungen des Herstellers auf den Textilien!<\/p>\n<p>Die B\u00fcrste kann leicht mit Wasser gereinigt werden.<\/p>\n<p>Inhalt: 200 ml in einer Glasflasche und ein Anwendungspinsel (enthalten!).<\/p>\n<p>Zutaten: Pflanzliches Stearin, Lanolin*, nat\u00fcrliche L\u00f6sungsmittel, Ammoniakl\u00f6sung, Wasser.<br \/>\n* Frei von Pestiziden<\/p>\n<p>Handgefertigt in Deutschland. Das gesamte Sortiment ist seit mehreren Jahren streng NCP-zertifiziert. Alle Produkte werden in umweltfreundlichen Verpackungen hergestellt und die Rezepturen bestehen ausschlie\u00dflich aus nat\u00fcrlich nachwachsenden Rohstoffen. Es ist also ein Vergn\u00fcgen, sich um Ihre Outdoor-Ausr\u00fcstung zu k\u00fcmmern!<\/p>\n","protected":false},"excerpt":{"rendered":"<p>Impr\u00e4gnierung von Textilien, Outdoor-Bekleidung, Packtaschen, Rucks\u00e4cken, Zelten<\/p>\n","protected":false},"featured_media":868,"comment_status":"open","ping_status":"closed","template":"","meta":[],"product_brand":[],"product_cat":[81,99],"product_tag":[111,92,110,113,112],"class_list":{"0":"post-1206","1":"product","2":"type-product","3":"status-publish","4":"has-post-thumbnail","6":"product_cat-alle-produkte","7":"product_cat-freizeitgestaltung-und-jagd","8":"product_tag-impragnierung","9":"product_tag-jagen","10":"product_tag-outdoor-erholung","11":"product_tag-ubung","12":"product_tag-wandern","14":"first","15":"instock","16":"taxable","17":"shipping-taxable","18":"purchasable","19":"product-type-simple"},"_links":{"self":[{"href":"https:\/\/valfrids.com\/de\/wp-json\/wp\/v2\/product\/1206","targetHints":{"allow":["GET"]}}],"collection":[{"href":"https:\/\/valfrids.com\/de\/wp-json\/wp\/v2\/product"}],"about":[{"href":"https:\/\/valfrids.com\/de\/wp-json\/wp\/v2\/types\/product"}],"replies":[{"embeddable":true,"href":"https:\/\/valfrids.com\/de\/wp-json\/wp\/v2\/comments?post=1206"}],"wp:featuredmedia":[{"embeddable":true,"href":"https:\/\/valfrids.com\/de\/wp-json\/wp\/v2\/media\/868"}],"wp:attachment":[{"href":"https:\/\/valfrids.com\/de\/wp-json\/wp\/v2\/media?parent=1206"}],"wp:term":[{"taxonomy":"product_brand","embeddable":true,"href":"https:\/\/valfrids.com\/de\/wp-json\/wp\/v2\/product_brand?post=1206"},{"taxonomy":"product_cat","embeddable":true,"href":"https:\/\/valfrids.com\/de\/wp-json\/wp\/v2\/product_cat?post=1206"},{"taxonomy":"product_tag","embeddable":true,"href":"https:\/\/valfrids.com\/de\/wp-json\/wp\/v2\/product_tag?post=1206"}],"curies":[{"name":"wp","href":"https:\/\/api.w.org\/{rel}","templated":true}]}}