{"id":1205,"date":"2024-07-24T15:44:39","date_gmt":"2024-07-24T15:44:39","guid":{"rendered":"https:\/\/valfrids.com\/product\/outdoor-reiniger-draussen-unterwegs200-ml\/"},"modified":"2024-11-12T17:16:32","modified_gmt":"2024-11-12T17:16:32","slug":"outdoor-reiniger-draussen-unterwegs200-ml","status":"publish","type":"product","link":"https:\/\/valfrids.com\/de\/produkt\/outdoor-reiniger-draussen-unterwegs200-ml\/","title":{"rendered":"Outdoor-Reiniger &#8211; Drau\u00dfen unterwegs!\n200 ml"},"content":{"rendered":"<p><strong>Tapir Unterwegs! Cleaner &#8211; Entdecken Sie den ultimativen Reiniger f\u00fcr alle Ihre Schuhe und Outdoor-Kleidung.<br \/>\n<\/strong><br \/>\nWir m\u00f6chten Ihnen ein \u00f6kologisches Reinigungsprodukt f\u00fcr alle Arten von Outdoor-Bekleidung, -Ausr\u00fcstung und -Schuhen vorstellen.<br \/>\nWanderschuhe, Kinderschuhe oder Barfu\u00dfschuhe, ob aus Leder, Stoff oder Multifunktionsgewebe. Mit den Tapir Reinigungsprodukten aus der Tapir Drau\u00dfen unterwegs! wird jeder Schuh im Handumdrehen wieder sauber und gl\u00e4nzend wie neu. Es eignet sich auch perfekt f\u00fcr Outdoor-Kleidung f\u00fcr Kinder und Erwachsene.<\/p>\n<p>Tapir Reiniger besticht durch seine milde, aber effektive Reinigungsformel, die sich mit Wasser vermischt und selbst hartn\u00e4ckigen Schmutz entfernt. Einfach mit dem Tapir-Federschwamm auftragen.<\/p>\n<p><strong>Produktmerkmale:<\/strong><br \/>\nVielseitig einsetzbar: Ideal f\u00fcr Armeestiefel, Wanderschuhe, Barfu\u00dfschuhe, Kinderschuhe und vieles mehr. Auch f\u00fcr Skihandschuhe, zum Beispiel.<br \/>\nMaterialschonend: Geeignet f\u00fcr Leder, Stoff und Multifunktionsgewebe wie Skibekleidung und Jagdbekleidung.<br \/>\nUmweltfreundlich: Hergestellt aus nat\u00fcrlichen Rohstoffen<br \/>\nEinfache Anwendung: Mit Wasser mischen und mit dem Tapir-Schwamm auftragen<\/p>\n<p><strong>Anwendung und Dosierung:<\/strong><br \/>\nVor Gebrauch gut sch\u00fctteln!<br \/>\nVerd\u00fcnnen Sie es im Verh\u00e4ltnis 1:10 mit Wasser und reinigen Sie die Schuhe mit dem entstehenden Schaum.<br \/>\nBei Flecken und hartn\u00e4ckigem Schmutz geben Sie einfach ein paar Tropfen Tapir Reiniger direkt auf die angefeuchtete B\u00fcrste\/den Schwamm und reiben, bis sich ein feiner Schaum bildet. Lassen Sie das Reinigungsmittel (Schaum) einwirken. Sp\u00fclen Sie dann gr\u00fcndlich mit Wasser nach. Wiederholen Sie den Vorgang bei Bedarf (befolgen Sie die Anweisungen des Herstellers der Textilien).<\/p>\n<p>Inhalt: 200 ml in einer Flasche. Der Schwamm wird mitgeliefert.<\/p>\n<p>Kombinieren Sie den Reiniger mit Tapir Impr\u00e4gnierung! So sind Sie f\u00fcr Ihre n\u00e4chste Wanderung, Ihren Spaziergang oder Ihr n\u00e4chstes Abenteuer perfekt ausger\u00fcstet.<\/p>\n<p>Frei von unangenehmen L\u00f6sungsmitteln, dauerhaften Chemikalien, Erd\u00f6lprodukten, synthetischen Duftstoffen und anderen sch\u00e4dlichen Stoffen.<\/p>\n","protected":false},"excerpt":{"rendered":"<p>Der ultimative Reiniger f\u00fcr alle Ihre Schuhe und Outdoor-Kleidung.<strong><br \/>\n<\/strong><\/p>\n","protected":false},"featured_media":870,"comment_status":"open","ping_status":"closed","template":"","meta":[],"product_brand":[],"product_cat":[81,99],"product_tag":[92,110,114,113,112],"class_list":{"0":"post-1205","1":"product","2":"type-product","3":"status-publish","4":"has-post-thumbnail","6":"product_cat-alle-produkte","7":"product_cat-freizeitgestaltung-und-jagd","8":"product_tag-jagen","9":"product_tag-outdoor-erholung","10":"product_tag-pflege-der-kleidung","11":"product_tag-ubung","12":"product_tag-wandern","14":"first","15":"instock","16":"taxable","17":"shipping-taxable","18":"purchasable","19":"product-type-simple"},"_links":{"self":[{"href":"https:\/\/valfrids.com\/de\/wp-json\/wp\/v2\/product\/1205","targetHints":{"allow":["GET"]}}],"collection":[{"href":"https:\/\/valfrids.com\/de\/wp-json\/wp\/v2\/product"}],"about":[{"href":"https:\/\/valfrids.com\/de\/wp-json\/wp\/v2\/types\/product"}],"replies":[{"embeddable":true,"href":"https:\/\/valfrids.com\/de\/wp-json\/wp\/v2\/comments?post=1205"}],"wp:featuredmedia":[{"embeddable":true,"href":"https:\/\/valfrids.com\/de\/wp-json\/wp\/v2\/media\/870"}],"wp:attachment":[{"href":"https:\/\/valfrids.com\/de\/wp-json\/wp\/v2\/media?parent=1205"}],"wp:term":[{"taxonomy":"product_brand","embeddable":true,"href":"https:\/\/valfrids.com\/de\/wp-json\/wp\/v2\/product_brand?post=1205"},{"taxonomy":"product_cat","embeddable":true,"href":"https:\/\/valfrids.com\/de\/wp-json\/wp\/v2\/product_cat?post=1205"},{"taxonomy":"product_tag","embeddable":true,"href":"https:\/\/valfrids.com\/de\/wp-json\/wp\/v2\/product_tag?post=1205"}],"curies":[{"name":"wp","href":"https:\/\/api.w.org\/{rel}","templated":true}]}}