{"id":1204,"date":"2024-07-24T16:03:25","date_gmt":"2024-07-24T16:03:25","guid":{"rendered":"https:\/\/valfrids.com\/product\/naesseschutz-impraegnierung-fuer-den-aussenbereich-fuer-unterwegs100-ml\/"},"modified":"2024-11-12T16:57:27","modified_gmt":"2024-11-12T16:57:27","slug":"naesseschutz-impraegnierung-fuer-den-aussenbereich-fuer-unterwegs100-ml","status":"publish","type":"product","link":"https:\/\/valfrids.com\/de\/produkt\/naesseschutz-impraegnierung-fuer-den-aussenbereich-fuer-unterwegs100-ml\/","title":{"rendered":"N\u00e4sseschutz &amp; Impr\u00e4gnierung f\u00fcr den Au\u00dfenbereich &#8211; F\u00fcr unterwegs\n100 ml"},"content":{"rendered":"<p><strong>Tapir Unterwegs! N\u00e4sseschutz &#8211; der nat\u00fcrliche Feuchtigkeitsschutz f\u00fcr Ihre Outdoor-Schuhe und -Kleidung.<br \/>\n<\/strong><br \/>\nSobald Sie in der Natur wandern oder spazieren gehen, sollte Ihr Schuhwerk vor Feuchtigkeit gesch\u00fctzt sein. Ob Wanderschuhe, Stiefel oder Kinderschuhe, ob aus Leder, Stoff oder Funktionsgewebe, der N\u00e4sseschutz k\u00fcmmert sich um die Pflege und den Schutz vor nassen F\u00fc\u00dfen und pflegt die Schuhe.<\/p>\n<p>Tapir Drau\u00dfen unterwegs! bedeutet in etwa &#8222;Drau\u00dfen unterwegs!&#8220;. Eine Reihe von Produkten, die f\u00fcr die besonderen Anforderungen im Au\u00dfenbereich entwickelt wurden.<\/p>\n<p><strong>Verwendet f\u00fcr:<\/strong><br \/>\nImpr\u00e4gnierung von Schuhwerk.<br \/>\nF\u00fcr Wanderstiefel aus Leder, Stoff und Funktionsmaterialien, sowie f\u00fcr Armeestiefel und Jagdstiefel.<br \/>\nF\u00fcr Laufschuhe, Barfu\u00dfschuhe, Kinderschuhe und Turnschuhe.<br \/>\nF\u00fcr andere Ausr\u00fcstung, wie z.B. einen Rucksack oder Handschuhe.<\/p>\n<p><strong>Anwendung und Dosierung:<\/strong><br \/>\nVor Gebrauch gut sch\u00fctteln!<br \/>\nTragen Sie die Impr\u00e4gnierung mit dem mitgelieferten Pinsel gleichm\u00e4\u00dfig auf den Schuh auf und lassen Sie sie trocknen. Achten Sie darauf, dass der Auftrag gleichm\u00e4\u00dfig ist, besonders bei Stoffen und Mischgeweben! Wenn es nicht gleichm\u00e4\u00dfig aufgetragen wird, k\u00f6nnen nach dem Trocknen Schlieren entstehen. In diesem Fall lassen sie sich leicht mit Hitze entfernen, z.B. einen Haartrockner und eine weiche B\u00fcrste. Glatte Oberfl\u00e4chen k\u00f6nnen dann poliert werden.<br \/>\nDie mitgelieferte B\u00fcrste kann mit Wasser gereinigt werden.<\/p>\n<p>Inhalt: 100 ml Glasflasche und ein Auftragspinsel.<br \/>\nHandgefertigt in Deutschland.<br \/>\nDurchgehend biologisch und aus nat\u00fcrlichen Rohstoffen hergestellt.<br \/>\nNCP-Zertifizierung.<\/p>\n<p>Zutaten: Pflanzliches Stearin, Lanolin*, Orangen\u00f6l, Ammoniakl\u00f6sung, Wasser.<br \/>\n*Pestizidfrei<\/p>\n<p>Als Erg\u00e4nzung dazu empfehlen wir Tapir Drau\u00dfen unterwegs! Reinigungsmittel und Impr\u00e4gnierung.<\/p>\n","protected":false},"excerpt":{"rendered":"<p>Impr\u00e4gnierung f\u00fcr alle Ihre Outdoor-Schuhe.<br \/>\nUnd andere Ausr\u00fcstung. <strong><br \/>\n<\/strong><\/p>\n","protected":false},"featured_media":882,"comment_status":"open","ping_status":"closed","template":"","meta":[],"product_brand":[],"product_cat":[81,99],"product_tag":[111,92,110,113,112],"class_list":{"0":"post-1204","1":"product","2":"type-product","3":"status-publish","4":"has-post-thumbnail","6":"product_cat-alle-produkte","7":"product_cat-freizeitgestaltung-und-jagd","8":"product_tag-impragnierung","9":"product_tag-jagen","10":"product_tag-outdoor-erholung","11":"product_tag-ubung","12":"product_tag-wandern","14":"first","15":"instock","16":"taxable","17":"shipping-taxable","18":"purchasable","19":"product-type-simple"},"_links":{"self":[{"href":"https:\/\/valfrids.com\/de\/wp-json\/wp\/v2\/product\/1204","targetHints":{"allow":["GET"]}}],"collection":[{"href":"https:\/\/valfrids.com\/de\/wp-json\/wp\/v2\/product"}],"about":[{"href":"https:\/\/valfrids.com\/de\/wp-json\/wp\/v2\/types\/product"}],"replies":[{"embeddable":true,"href":"https:\/\/valfrids.com\/de\/wp-json\/wp\/v2\/comments?post=1204"}],"wp:featuredmedia":[{"embeddable":true,"href":"https:\/\/valfrids.com\/de\/wp-json\/wp\/v2\/media\/882"}],"wp:attachment":[{"href":"https:\/\/valfrids.com\/de\/wp-json\/wp\/v2\/media?parent=1204"}],"wp:term":[{"taxonomy":"product_brand","embeddable":true,"href":"https:\/\/valfrids.com\/de\/wp-json\/wp\/v2\/product_brand?post=1204"},{"taxonomy":"product_cat","embeddable":true,"href":"https:\/\/valfrids.com\/de\/wp-json\/wp\/v2\/product_cat?post=1204"},{"taxonomy":"product_tag","embeddable":true,"href":"https:\/\/valfrids.com\/de\/wp-json\/wp\/v2\/product_tag?post=1204"}],"curies":[{"name":"wp","href":"https:\/\/api.w.org\/{rel}","templated":true}]}}