{"id":1203,"date":"2024-07-24T12:09:04","date_gmt":"2024-07-24T12:09:04","guid":{"rendered":"https:\/\/valfrids.com\/product\/lederfett-tapir\/"},"modified":"2025-06-03T00:11:23","modified_gmt":"2025-06-03T00:11:23","slug":"lederfett-tapir","status":"publish","type":"product","link":"https:\/\/valfrids.com\/de\/produkt\/lederfett-tapir\/","title":{"rendered":"Lederfett Tapir"},"content":{"rendered":"<p><strong>Tapir Lederfett<\/strong><br \/>\nEin Pflegemittel f\u00fcr strapazierf\u00e4higes Leder oder feines, handgefertigtes Schuhwerk f\u00fcr die h\u00e4rteren Jahreszeiten, womit Sie Recht haben. Es garantiert perfekten Feuchtigkeitsschutz.<\/p>\n<p>Speziell f\u00fcr Naturleder und strapazierf\u00e4higes, raues Leder, z.B. Wanderschuhe, Arbeitsstiefel. Das Lederfett n\u00e4hrt und pflegt das Leder und bietet optimalen Schutz vor Feuchtigkeit. Es hat eine wasserabweisende, feuchtigkeitsspendende Wirkung und macht altes, spr\u00f6des Leder wieder weich und geschmeidig. Dank der Verwendung von nat\u00fcrlichen Rohstoffen riecht es angenehm, ist nat\u00fcrlich und sch\u00fctzt unsere Umwelt.<\/p>\n<p>Valfrids Wir verwenden es unter anderem f\u00fcr die N\u00e4hte von handgefertigten hochwertigen Schuhen f\u00fcr den Herbst und Winter. Ja, f\u00fcr den ganzen Schuh eigentlich. Aber die Verwendungsm\u00f6glichkeiten sind vielf\u00e4ltig. Es ist ein Allround-Produkt f\u00fcr Leder.<\/p>\n<p><strong>Verwendet f\u00fcr:<\/strong><br \/>\nF\u00fcr Naturleder<br \/>\nF\u00fcr Wanderschuhe, Arbeitsschuhe, Motorradbekleidung<br \/>\nF\u00fcr hochwertige, handgefertigte Schuhe, die Ihnen am Herzen liegen<br \/>\nF\u00fcr Sattlerwaren, Zaumzeug und Hundeleinen<br \/>\nWerkzeug- und Arbeitstaschen aus Leder<br \/>\nF\u00fcr Jagdzubeh\u00f6r<\/p>\n<p><strong>Verwenden Sie:<\/strong><br \/>\nMassieren Sie das Lederfett mit einem Baumwolltuch oder einer Tapir-B\u00fcrste in das Leder ein. Entfernen Sie nach einiger Zeit \u00fcbersch\u00fcssiges Fett mit einem saugf\u00e4higen Baumwolltuch. Nicht zu dick auftragen! Das Lederfett l\u00e4sst sich leichter auftragen, wenn es &#8218;handwarm&#8216; ist.<br \/>\nValfrids Machen Sie sich keine Sorgen, dass Sie es auf Ihre H\u00e4nde bekommen. Wir lieben es, mit diesem Lederfett zu arbeiten, es ist gleichzeitig wie ein Wickel f\u00fcr Ihre H\u00e4nde. Sie brauchen keine Plastikhandschuhe, weil die L\u00f6sungsmittel trocknen oder die petrochemischen Fette vergilben.<br \/>\nEin guter Expertentipp, den wir von Tapir erhalten haben, ist, es mit ein wenig Wasser in der Handfl\u00e4che zu vermischen und dann aufzutragen. Sie k\u00f6nnen es dann leicht auftragen, wenn Sie es auf einer gr\u00f6\u00dferen Fl\u00e4che verwenden m\u00fcssen.<\/p>\n<p><strong>Zutaten:<\/strong><br \/>\nLanolin*, Rizinus\u00f6l**, Raps\u00f6l**, Zuckerrohrwachs, Bienenwachs, Carnaubawachs**, Kokosnuss\u00f6l**.<br \/>\n* Pestizidfrei, ** aus kontrolliert biologischem Anbau \/ Wachs aus biologischem Anbau.<\/p>\n<p>Handgefertigt in Deutschland. NCP-Zertifizierung.<br \/>\nInhalt: 85 ml in Dose<br \/>\nKonsequent biologisch und aus nat\u00fcrlichen Rohstoffen hergestellt.<\/p>\n<p>Denken Sie daran, das Glas nach dem Gebrauch wieder fest zu verschlie\u00dfen.<\/p>\n","protected":false},"excerpt":{"rendered":"<p>Sch\u00fctzendes, pflegendes Fett f\u00fcr Schuhe, die in rauen Umgebungen, wie Herbst und Winter, verwendet werden.<br \/>\nOder f\u00fcr alle Schuhe, die Ihnen am Herzen liegen. <\/p>\n","protected":false},"featured_media":828,"comment_status":"open","ping_status":"closed","template":"","meta":[],"product_brand":[],"product_cat":[81,82,99,89],"product_tag":[84,92,110],"class_list":{"0":"post-1203","1":"product","2":"type-product","3":"status-publish","4":"has-post-thumbnail","6":"product_cat-alle-produkte","7":"product_cat-forstwirtschaft","8":"product_cat-freizeitgestaltung-und-jagd","9":"product_cat-haus-und-mobel","10":"product_tag-forstwirtschaft","11":"product_tag-jagen","12":"product_tag-outdoor-erholung","14":"first","15":"instock","16":"taxable","17":"shipping-taxable","18":"purchasable","19":"product-type-simple"},"_links":{"self":[{"href":"https:\/\/valfrids.com\/de\/wp-json\/wp\/v2\/product\/1203","targetHints":{"allow":["GET"]}}],"collection":[{"href":"https:\/\/valfrids.com\/de\/wp-json\/wp\/v2\/product"}],"about":[{"href":"https:\/\/valfrids.com\/de\/wp-json\/wp\/v2\/types\/product"}],"replies":[{"embeddable":true,"href":"https:\/\/valfrids.com\/de\/wp-json\/wp\/v2\/comments?post=1203"}],"wp:featuredmedia":[{"embeddable":true,"href":"https:\/\/valfrids.com\/de\/wp-json\/wp\/v2\/media\/828"}],"wp:attachment":[{"href":"https:\/\/valfrids.com\/de\/wp-json\/wp\/v2\/media?parent=1203"}],"wp:term":[{"taxonomy":"product_brand","embeddable":true,"href":"https:\/\/valfrids.com\/de\/wp-json\/wp\/v2\/product_brand?post=1203"},{"taxonomy":"product_cat","embeddable":true,"href":"https:\/\/valfrids.com\/de\/wp-json\/wp\/v2\/product_cat?post=1203"},{"taxonomy":"product_tag","embeddable":true,"href":"https:\/\/valfrids.com\/de\/wp-json\/wp\/v2\/product_tag?post=1203"}],"curies":[{"name":"wp","href":"https:\/\/api.w.org\/{rel}","templated":true}]}}