{"id":1201,"date":"2024-07-24T12:44:30","date_gmt":"2024-07-24T12:44:30","guid":{"rendered":"https:\/\/valfrids.com\/product\/lederimpraegnierung-100-ml-spray-tapir\/"},"modified":"2025-06-10T02:04:20","modified_gmt":"2025-06-10T02:04:20","slug":"lederimpraegnierung-100-ml-spray-tapir","status":"publish","type":"product","link":"https:\/\/valfrids.com\/de\/produkt\/lederimpraegnierung-100-ml-spray-tapir\/","title":{"rendered":"Lederimpr\u00e4gnierung &#8211; 100 ml Spray Tapir"},"content":{"rendered":"<p><strong>Eine Spr\u00fchimpr\u00e4gnierung f\u00fcr normales Leder, die impr\u00e4gnierend und stark wasserabweisend ist.<\/strong><\/p>\n<p>Die Lederimpr\u00e4gnierung, die aus rein nat\u00fcrlichen Rohstoffen hergestellt wird, bietet einen umweltfreundlichen Schutz f\u00fcr Ihre wertvollen Lederschuhe.<br \/>\nNat\u00fcrliche Inhaltsstoffe wie Lanolin, Stearin, Jojoba\u00f6l und Orangen\u00f6l sorgen f\u00fcr eine wirksame Impr\u00e4gnierung, die sowohl f\u00fcr die Umwelt als auch f\u00fcr das Leder schonend ist.<\/p>\n<p>Bildet eine unsichtbare Barriere auf der Oberfl\u00e4che des Glattleders, die Wasser, Schmutz und Flecken abweist, ohne die nat\u00fcrliche Atmungsaktivit\u00e4t des Materials zu beeintr\u00e4chtigen. Einfach aufspr\u00fchen, einwirken lassen und mit der Tapir Auftragsb\u00fcrste in das Leder einmassieren. Die Schuhe sind dann optimal gesch\u00fctzt. Und das alles ohne be\u00e4ngstigende, krebserregende Chemikalien!<\/p>\n<p><strong>Verwenden Sie:<\/strong><br \/>\nReinigen Sie zuerst die schmutzigen Lederschuhe. Zur Reinigung verschmutzter Schuhe empfehlen wir eine Schmutzb\u00fcrste und\/oder unsere Tapir Leder- und Sattelseife. Die Lederimpr\u00e4gnierung kann in den nassen Schuh eingearbeitet werden, sie kann aber auch auf den trockenen Schuh aufgetragen werden. Sch\u00fctteln Sie die Flasche vor dem Gebrauch gut. Dann spr\u00fchen Sie die Impr\u00e4gnierung gleichm\u00e4\u00dfig aus einem Abstand von etwa 20-30 cm auf das Leder. Bitte beachten Sie, dass das Spr\u00fchbild nicht immer v\u00f6llig gleichm\u00e4\u00dfig ist und sich Tropfen bilden k\u00f6nnen. Verteilen Sie diese Tropfen sofort und gleichm\u00e4\u00dfig mit unserem Tapir-Schwamm oder einer Auftragsb\u00fcrste auf dem Leder. Lassen Sie das Leder f\u00fcr kurze Zeit trocknen. Verwenden Sie dann eine Glanzb\u00fcrste, um das Leder auf Hochglanz zu polieren.<\/p>\n<p>Inhalt: 100 ml Glasflasche mit Pumpzerst\u00e4uber<\/p>\n<p>ZUTATEN: Lanolin*, Jojoba\u00f6l, pflanzliches Stearin, Orangen\u00f6l, Ammoniakl\u00f6sung, Wasser.<br \/>\n*Pestizidfrei<\/p>\n<p>Das Tapir-Sortiment ist seit mehreren Jahren streng NCP-zertifiziert.<br \/>\nAlle Produkte werden in umweltfreundlichen Verpackungen hergestellt und die Rezepturen bestehen ausschlie\u00dflich aus nat\u00fcrlich nachwachsenden Rohstoffen. Es ist also ein Vergn\u00fcgen, Ihre Schuhe zu putzen! Kein Geruch von ungesunden L\u00f6sungsmitteln!<\/p>\n<p><span class=\"fancy-underline\">Geben Sie Ihren Schuhen mit unseren hochwertigen Produkten die bestm\u00f6gliche Pflege &#8211; und sie werden lange halten.<\/span><\/p>\n","protected":false},"excerpt":{"rendered":"<p>Impr\u00e4gnierung f\u00fcr normales Leder &#8211; impr\u00e4gnierend und wasserabweisend.<\/p>\n","protected":false},"featured_media":844,"comment_status":"open","ping_status":"closed","template":"","meta":[],"product_brand":[],"product_cat":[81,82,99],"product_tag":[84,92],"class_list":{"0":"post-1201","1":"product","2":"type-product","3":"status-publish","4":"has-post-thumbnail","6":"product_cat-alle-produkte","7":"product_cat-forstwirtschaft","8":"product_cat-freizeitgestaltung-und-jagd","9":"product_tag-forstwirtschaft","10":"product_tag-jagen","12":"first","13":"instock","14":"taxable","15":"shipping-taxable","16":"purchasable","17":"product-type-simple"},"_links":{"self":[{"href":"https:\/\/valfrids.com\/de\/wp-json\/wp\/v2\/product\/1201","targetHints":{"allow":["GET"]}}],"collection":[{"href":"https:\/\/valfrids.com\/de\/wp-json\/wp\/v2\/product"}],"about":[{"href":"https:\/\/valfrids.com\/de\/wp-json\/wp\/v2\/types\/product"}],"replies":[{"embeddable":true,"href":"https:\/\/valfrids.com\/de\/wp-json\/wp\/v2\/comments?post=1201"}],"wp:featuredmedia":[{"embeddable":true,"href":"https:\/\/valfrids.com\/de\/wp-json\/wp\/v2\/media\/844"}],"wp:attachment":[{"href":"https:\/\/valfrids.com\/de\/wp-json\/wp\/v2\/media?parent=1201"}],"wp:term":[{"taxonomy":"product_brand","embeddable":true,"href":"https:\/\/valfrids.com\/de\/wp-json\/wp\/v2\/product_brand?post=1201"},{"taxonomy":"product_cat","embeddable":true,"href":"https:\/\/valfrids.com\/de\/wp-json\/wp\/v2\/product_cat?post=1201"},{"taxonomy":"product_tag","embeddable":true,"href":"https:\/\/valfrids.com\/de\/wp-json\/wp\/v2\/product_tag?post=1201"}],"curies":[{"name":"wp","href":"https:\/\/api.w.org\/{rel}","templated":true}]}}