{"id":1199,"date":"2024-08-13T13:34:27","date_gmt":"2024-08-13T13:34:27","guid":{"rendered":"https:\/\/valfrids.com\/product\/lackoel-1-5-autopflege\/"},"modified":"2024-10-23T13:14:55","modified_gmt":"2024-10-23T13:14:55","slug":"lackoel-1-5-autopflege","status":"publish","type":"product","link":"https:\/\/valfrids.com\/de\/produkt\/lackoel-1-5-autopflege\/","title":{"rendered":"Lack\u00f6l 1.5 Autopflege"},"content":{"rendered":"<p><strong>Lack\u00f6l 1.5 (250 ml) entfernt alte Verschmutzungen aus der Tiefe und erzeugt eine leicht gl\u00e4nzende Patina auf verwitterten Lacken.<\/strong><br \/>\nBesonders geeignet f\u00fcr matte und patinierte Lacke oder rostige Oberfl\u00e4chen.<br \/>\nWenn es auf eine rostige Oberfl\u00e4che aufgetragen wird, sch\u00fctzt es auch vor weiterem Rost.<\/p>\n<p>ANWENDUNG:<br \/>\nVor Gebrauch gut sch\u00fctteln.<br \/>\nGeben Sie ein paar Tropfen auf ein weiches Baumwolltuch.<br \/>\nReiben Sie den Lack mit dem Baumwolltuch ab, bis die gesamte Oberfl\u00e4che einen dunkleren Schimmer hat.<br \/>\nWischen Sie nach einer kurzen Einwirkzeit den \u00dcberschuss mit einem trockenen Baumwolltuch ab.<\/p>\n<p>LAGERUNG:<br \/>\nAn einem k\u00fchlen Ort aufbewahren.<\/p>\n<p>WICHTIG!<br \/>\nJe st\u00e4rker die Farbe verwittert ist, desto l\u00e4nger dauert die Anwendung.<br \/>\nTragen Sie die Farbe mit einem Pinsel auf Kanten und versteckte Ecken auf.<br \/>\nSorgen Sie bei der Arbeit f\u00fcr gute Bel\u00fcftung.<\/p>\n<p>ZUTATEN:<br \/>\nLallemantia-\u00d6l, nat\u00fcrliche L\u00f6sungsmittel.<\/p>\n","protected":false},"excerpt":{"rendered":"<p>Reinigt lackierte Oberfl\u00e4chen.<br \/>\nSorgt f\u00fcr Glanz auf verwitterten Lacken.<br \/>\nAntikorrosiv.<br \/>\nBesonders geeignet f\u00fcr matte und patinierte Lacke oder rostige Oberfl\u00e4chen.  <\/p>\n","protected":false},"featured_media":948,"comment_status":"open","ping_status":"closed","template":"","meta":[],"product_brand":[],"product_cat":[81,90],"product_tag":[108,109],"class_list":{"0":"post-1199","1":"product","2":"type-product","3":"status-publish","4":"has-post-thumbnail","6":"product_cat-alle-produkte","7":"product_cat-auto-und-boot","8":"product_tag-autopflege","9":"product_tag-rostschutz","11":"first","12":"instock","13":"taxable","14":"shipping-taxable","15":"purchasable","16":"product-type-simple"},"_links":{"self":[{"href":"https:\/\/valfrids.com\/de\/wp-json\/wp\/v2\/product\/1199","targetHints":{"allow":["GET"]}}],"collection":[{"href":"https:\/\/valfrids.com\/de\/wp-json\/wp\/v2\/product"}],"about":[{"href":"https:\/\/valfrids.com\/de\/wp-json\/wp\/v2\/types\/product"}],"replies":[{"embeddable":true,"href":"https:\/\/valfrids.com\/de\/wp-json\/wp\/v2\/comments?post=1199"}],"wp:featuredmedia":[{"embeddable":true,"href":"https:\/\/valfrids.com\/de\/wp-json\/wp\/v2\/media\/948"}],"wp:attachment":[{"href":"https:\/\/valfrids.com\/de\/wp-json\/wp\/v2\/media?parent=1199"}],"wp:term":[{"taxonomy":"product_brand","embeddable":true,"href":"https:\/\/valfrids.com\/de\/wp-json\/wp\/v2\/product_brand?post=1199"},{"taxonomy":"product_cat","embeddable":true,"href":"https:\/\/valfrids.com\/de\/wp-json\/wp\/v2\/product_cat?post=1199"},{"taxonomy":"product_tag","embeddable":true,"href":"https:\/\/valfrids.com\/de\/wp-json\/wp\/v2\/product_tag?post=1199"}],"curies":[{"name":"wp","href":"https:\/\/api.w.org\/{rel}","templated":true}]}}