{"id":1198,"date":"2024-08-13T13:36:05","date_gmt":"2024-08-13T13:36:05","guid":{"rendered":"https:\/\/valfrids.com\/product\/hochglanzwachs-1-6-kutschenpflege\/"},"modified":"2024-10-23T13:14:48","modified_gmt":"2024-10-23T13:14:48","slug":"hochglanzwachs-1-6-kutschenpflege","status":"publish","type":"product","link":"https:\/\/valfrids.com\/de\/produkt\/hochglanzwachs-1-6-kutschenpflege\/","title":{"rendered":"Hochglanzwachs 1.6 Kutschenpflege"},"content":{"rendered":"<p><strong>Hochglanzwachs 1.6 (150 ml) verleiht dem Lack einen hohen Glanz und eine spiegelnde Oberfl\u00e4che.<\/strong><br \/>\nBesonders geeignet, um als letzten Schritt einen Glanz mit lang anhaltendem Effekt zu erzielen. Reichlich &#8211; 1 g Wachs ist ausreichend f\u00fcr eine Fl\u00e4che von mindestens 1 m2.<\/p>\n<p>ANWENDUNG:<br \/>\nTragen Sie Hochglanzwachs 1.6 mit einem Baumwolltuch sehr sparsam auf kleine Fl\u00e4chen auf.<br \/>\n1 g Wachs ist ausreichend f\u00fcr 1 m2.<br \/>\nPolieren Sie den Lack dann mit einem Poliertuch auf den gew\u00fcnschten Glanz.<\/p>\n<p>LAGERUNG:<br \/>\nAn einem k\u00fchlen Ort aufbewahren.<\/p>\n<p>WICHTIG!<br \/>\nBearbeiten Sie die zu polierenden Bereiche nacheinander, um einen gleichm\u00e4\u00dfigen Glanz zu erzielen.<br \/>\nPolieren Sie gro\u00dfe Fl\u00e4chen zuletzt.<br \/>\nVermeiden Sie bei der Arbeit mit dem Produkt direkte Sonneneinstrahlung. Besonders geeignet f\u00fcr das Polieren von Hand.<\/p>\n<p>ZUTATEN:<br \/>\nCarnaubawachs, Bienenwachs, Schellackwachs, Zuckerrohrwachs, Mohn\u00f6l, nat\u00fcrliche L\u00f6sungsmittel.<\/p>\n","protected":false},"excerpt":{"rendered":"<p>Hochglanzwachs 1.6 (150 ml) verleiht dem Lack einen hohen Glanz und eine spiegelnde Oberfl\u00e4che. Besonders geeignet, um als letzten Schritt einen Glanz mit lang anhaltendem Effekt zu erzielen. Reichlich &#8211; 1 g Wachs ist ausreichend f\u00fcr eine Fl\u00e4che von mindestens 1 m2. ANWENDUNG: Tragen Sie Hochglanzwachs 1.6 mit einem Baumwolltuch sehr sparsam auf kleine Fl\u00e4chen [&#8230;]\n","protected":false},"featured_media":950,"comment_status":"open","ping_status":"closed","template":"","meta":[],"product_brand":[],"product_cat":[81,90],"product_tag":[108,107],"class_list":{"0":"post-1198","1":"product","2":"type-product","3":"status-publish","4":"has-post-thumbnail","6":"product_cat-alle-produkte","7":"product_cat-auto-und-boot","8":"product_tag-autopflege","9":"product_tag-bilvax-de","11":"first","12":"instock","13":"taxable","14":"shipping-taxable","15":"purchasable","16":"product-type-simple"},"_links":{"self":[{"href":"https:\/\/valfrids.com\/de\/wp-json\/wp\/v2\/product\/1198","targetHints":{"allow":["GET"]}}],"collection":[{"href":"https:\/\/valfrids.com\/de\/wp-json\/wp\/v2\/product"}],"about":[{"href":"https:\/\/valfrids.com\/de\/wp-json\/wp\/v2\/types\/product"}],"replies":[{"embeddable":true,"href":"https:\/\/valfrids.com\/de\/wp-json\/wp\/v2\/comments?post=1198"}],"wp:featuredmedia":[{"embeddable":true,"href":"https:\/\/valfrids.com\/de\/wp-json\/wp\/v2\/media\/950"}],"wp:attachment":[{"href":"https:\/\/valfrids.com\/de\/wp-json\/wp\/v2\/media?parent=1198"}],"wp:term":[{"taxonomy":"product_brand","embeddable":true,"href":"https:\/\/valfrids.com\/de\/wp-json\/wp\/v2\/product_brand?post=1198"},{"taxonomy":"product_cat","embeddable":true,"href":"https:\/\/valfrids.com\/de\/wp-json\/wp\/v2\/product_cat?post=1198"},{"taxonomy":"product_tag","embeddable":true,"href":"https:\/\/valfrids.com\/de\/wp-json\/wp\/v2\/product_tag?post=1198"}],"curies":[{"name":"wp","href":"https:\/\/api.w.org\/{rel}","templated":true}]}}