{"id":1197,"date":"2024-08-13T13:39:19","date_gmt":"2024-08-13T13:39:19","guid":{"rendered":"https:\/\/valfrids.com\/product\/pflege-fuer-synthetische-materialien-kunststoffpflege-3-1-pflege-der-kutsche\/"},"modified":"2025-09-04T07:36:34","modified_gmt":"2025-09-04T07:36:34","slug":"pflege-fuer-synthetische-materialien-kunststoffpflege-3-1-pflege-der-kutsche","status":"publish","type":"product","link":"https:\/\/valfrids.com\/de\/produkt\/pflege-fuer-synthetische-materialien-kunststoffpflege-3-1-pflege-der-kutsche\/","title":{"rendered":"Pflege f\u00fcr synthetische Materialien (Kunststoffpflege) 3.1 Pflege der Kutsche"},"content":{"rendered":"<p><strong>Kunststoffpflege 3.1 (250 ml) reinigt und pflegt Kunststoffoberfl\u00e4chen im Au\u00dfen- und Innenbereich von Fahrzeugen.<\/strong><br \/>\nF\u00fcr trockene, von der Sonne gebleichte und spr\u00f6de Oberfl\u00e4chen. Verleiht grauen Kunststoffen und Synthetikmaterialien eine gl\u00e4nzende Auffrischung mit lang anhaltender Wirkung. Besonders geeignet f\u00fcr Sto\u00dfstangen, Armaturenbretter, Kunststoffverkleidungen, Kunststoffsitze und Vinyld\u00e4cher. Nicht f\u00fcr Windschutzscheiben geeignet.<\/p>\n<p>ANWENDUNG:<br \/>\nVor Gebrauch gut sch\u00fctteln.<br \/>\nTragen Sie es sparsam und gleichm\u00e4\u00dfig mit einem Baumwolltuch auf und lassen Sie es einwirken. Wischen Sie den \u00dcberschuss mit einem trockenen Baumwolltuch ab.<\/p>\n<p>LAGERUNG:<br \/>\nLagern Sie sie an einem frostfreien Ort.<\/p>\n<p>ZUTATEN:<br \/>\nLeinsamen\u00f6l, Essig, nat\u00fcrliche L\u00f6sungsmittel.<\/p>\n<p>Einfach zu benutzen. Denken Sie daran, dass es Lein\u00f6l enth\u00e4lt. Lassen Sie das Tuch also nicht herumliegen, wenn Sie fertig sind, sondern behandeln Sie es so, wie Sie es nach der Verwendung von Lein\u00f6l tun w\u00fcrden, denn es besteht die Gefahr einer Selbstentz\u00fcndung.<br \/>\nEs eignet sich auch gut f\u00fcr den Hausgebrauch, zum Beispiel f\u00fcr Gartenm\u00f6bel oder andere Kunststoffm\u00f6bel.<\/p>\n","protected":false},"excerpt":{"rendered":"<p>Reinigt und pflegt Kunststoffoberfl\u00e4chen im Au\u00dfen- und Innenbereich von Fahrzeugen.<br \/>\nFrischt grauen Kunststoff mit lang anhaltender Wirkung auf.<br \/>\nBesonders geeignet f\u00fcr Sto\u00dfstangen, Armaturenbretter, Kunststoffverkleidungen, Kunststoffsitze und Vinyld\u00e4cher. <\/p>\n","protected":false},"featured_media":970,"comment_status":"open","ping_status":"closed","template":"","meta":[],"product_brand":[],"product_cat":[81,90],"product_tag":[105,104],"class_list":{"0":"post-1197","1":"product","2":"type-product","3":"status-publish","4":"has-post-thumbnail","6":"product_cat-alle-produkte","7":"product_cat-auto-und-boot","8":"product_tag-kunststoff-gummi","9":"product_tag-synthetisches-material","11":"first","12":"instock","13":"taxable","14":"shipping-taxable","15":"purchasable","16":"product-type-simple"},"_links":{"self":[{"href":"https:\/\/valfrids.com\/de\/wp-json\/wp\/v2\/product\/1197","targetHints":{"allow":["GET"]}}],"collection":[{"href":"https:\/\/valfrids.com\/de\/wp-json\/wp\/v2\/product"}],"about":[{"href":"https:\/\/valfrids.com\/de\/wp-json\/wp\/v2\/types\/product"}],"replies":[{"embeddable":true,"href":"https:\/\/valfrids.com\/de\/wp-json\/wp\/v2\/comments?post=1197"}],"wp:featuredmedia":[{"embeddable":true,"href":"https:\/\/valfrids.com\/de\/wp-json\/wp\/v2\/media\/970"}],"wp:attachment":[{"href":"https:\/\/valfrids.com\/de\/wp-json\/wp\/v2\/media?parent=1197"}],"wp:term":[{"taxonomy":"product_brand","embeddable":true,"href":"https:\/\/valfrids.com\/de\/wp-json\/wp\/v2\/product_brand?post=1197"},{"taxonomy":"product_cat","embeddable":true,"href":"https:\/\/valfrids.com\/de\/wp-json\/wp\/v2\/product_cat?post=1197"},{"taxonomy":"product_tag","embeddable":true,"href":"https:\/\/valfrids.com\/de\/wp-json\/wp\/v2\/product_tag?post=1197"}],"curies":[{"name":"wp","href":"https:\/\/api.w.org\/{rel}","templated":true}]}}