{"id":1196,"date":"2024-08-13T13:41:39","date_gmt":"2024-08-13T13:41:39","guid":{"rendered":"https:\/\/valfrids.com\/product\/reinigung-von-polstermoebeln-4-1-pflege-des-wagens\/"},"modified":"2024-10-23T13:14:43","modified_gmt":"2024-10-23T13:14:43","slug":"reinigung-von-polstermoebeln-4-1-pflege-des-wagens","status":"publish","type":"product","link":"https:\/\/valfrids.com\/de\/produkt\/reinigung-von-polstermoebeln-4-1-pflege-des-wagens\/","title":{"rendered":"Reinigung von Polsterm\u00f6beln 4.1 Pflege des Wagens"},"content":{"rendered":"<p>Polsterreiniger 4.1 (250 ml) zum Waschen von Polsterm\u00f6beln und Stoffverkleidungen im Innenbereich. Besonders geeignet f\u00fcr Sitze, Autositze, T\u00fcrverkleidungen, Kopfst\u00fctzen und Teppiche.<\/p>\n<p>ANWENDUNG:<br \/>\nMischen Sie Polsterm\u00f6belreiniger 4.1 mit Wasser im Verh\u00e4ltnis 1:10.<br \/>\nVerwenden Sie kreisende Bewegungen auf dem Polster, um einen feinen Schaum zu erzeugen. Massieren Sie den Schaum in die Polsterung ein.<br \/>\nVerwenden Sie ein trockenes Baumwolltuch, um den im Schaum gel\u00f6sten Schmutz von den Polstern zu entfernen.<\/p>\n<p>LAGERUNG:<br \/>\nAn einem k\u00fchlen Ort aufbewahren.<\/p>\n<p>WICHTIG!<br \/>\nWenn Sie einen Schwamm verwenden: Geben Sie 2-3 Verschlusskappen von Upholstery Cleaner 4.1 in einen Eimer mit etwa 6 Litern Wasser.<br \/>\nBefeuchten Sie einen sauberen Schwamm mit dem Wasser und gie\u00dfen Sie eine weitere Kappe voll direkt in den Schwamm und bringen Sie ihn zum Sch\u00e4umen, indem Sie den Schwamm in Ihrer Hand ein wenig &#8218;massieren&#8216;.<br \/>\nBei Flecken k\u00f6nnen Sie es konzentriert direkt auf den Fleck auftragen.<br \/>\nArbeiten Sie mit kreisenden Bewegungen von der Au\u00dfenseite zur Innenseite des Polsters.<br \/>\nLassen Sie den Schaum l\u00e4nger einwirken, je nachdem wie schmutzig er ist.<br \/>\nTesten Sie, wenn m\u00f6glich, an einer verdeckten Stelle, um die Farbechtheit oder Farbver\u00e4nderung zu pr\u00fcfen.<\/p>\n<p>ZUTATEN:<br \/>\nPanama-Rindenextrakt, Zuckertensid, Wasser.<\/p>\n<p>Das schont sowohl Ihre Kleidung als auch Sie. Keine sch\u00e4dlichen oder aggressiven Chemikalien.<\/p>\n<p>PS, es funktioniert auch gut in der Wohnung, zum Beispiel f\u00fcr ein M\u00f6belst\u00fcck mit Stoffbezug.<\/p>\n","protected":false},"excerpt":{"rendered":"<p>Zum Waschen von Polsterm\u00f6beln und Stoffverkleidungen im Innenbereich.<br \/>\nBesonders geeignet f\u00fcr Sitze, Autositze, T\u00fcrverkleidungen, Kopfst\u00fctzen und Teppiche. <\/p>\n","protected":false},"featured_media":952,"comment_status":"open","ping_status":"closed","template":"","meta":[],"product_brand":[],"product_cat":[81,90],"product_tag":[91],"class_list":{"0":"post-1196","1":"product","2":"type-product","3":"status-publish","4":"has-post-thumbnail","6":"product_cat-alle-produkte","7":"product_cat-auto-und-boot","8":"product_tag-autopolsterung","10":"first","11":"instock","12":"taxable","13":"shipping-taxable","14":"purchasable","15":"product-type-simple"},"_links":{"self":[{"href":"https:\/\/valfrids.com\/de\/wp-json\/wp\/v2\/product\/1196","targetHints":{"allow":["GET"]}}],"collection":[{"href":"https:\/\/valfrids.com\/de\/wp-json\/wp\/v2\/product"}],"about":[{"href":"https:\/\/valfrids.com\/de\/wp-json\/wp\/v2\/types\/product"}],"replies":[{"embeddable":true,"href":"https:\/\/valfrids.com\/de\/wp-json\/wp\/v2\/comments?post=1196"}],"wp:featuredmedia":[{"embeddable":true,"href":"https:\/\/valfrids.com\/de\/wp-json\/wp\/v2\/media\/952"}],"wp:attachment":[{"href":"https:\/\/valfrids.com\/de\/wp-json\/wp\/v2\/media?parent=1196"}],"wp:term":[{"taxonomy":"product_brand","embeddable":true,"href":"https:\/\/valfrids.com\/de\/wp-json\/wp\/v2\/product_brand?post=1196"},{"taxonomy":"product_cat","embeddable":true,"href":"https:\/\/valfrids.com\/de\/wp-json\/wp\/v2\/product_cat?post=1196"},{"taxonomy":"product_tag","embeddable":true,"href":"https:\/\/valfrids.com\/de\/wp-json\/wp\/v2\/product_tag?post=1196"}],"curies":[{"name":"wp","href":"https:\/\/api.w.org\/{rel}","templated":true}]}}