{"id":1195,"date":"2024-08-20T23:35:35","date_gmt":"2024-08-20T23:35:35","guid":{"rendered":"https:\/\/valfrids.com\/product\/lederoel-tapir\/"},"modified":"2024-10-10T12:30:46","modified_gmt":"2024-10-10T12:30:46","slug":"lederoel-tapir","status":"publish","type":"product","link":"https:\/\/valfrids.com\/de\/produkt\/lederoel-tapir\/","title":{"rendered":"Leder\u00f6l Tapir"},"content":{"rendered":"<p><strong>Tapir Leder\u00f6l 200 ml<br \/>\n<\/strong><br \/>\nDas aus nat\u00fcrlichen Rohstoffen hergestellte Tapir Leder\u00f6l ist eine hervorragende M\u00f6glichkeit, Leder auf sanfte und nachhaltige Weise zu reinigen und zu pflegen. Es sch\u00fctzt das Leder, verl\u00e4ngert seine Lebensdauer und bewahrt seine nat\u00fcrliche Sch\u00f6nheit. Durch die regelm\u00e4\u00dfige Anwendung von Tapir Leder\u00f6l bleibt Ihr Leder geschmeidig und gut gesch\u00fctzt.<strong><br \/>\n<\/strong><\/p>\n<p>Es ist perfekt f\u00fcr gr\u00f6\u00dfere Lederfl\u00e4chen. Das \u00d6l hat eine mild reinigende, leicht feuchtigkeitsspendende und wasserabweisende Wirkung. Das fl\u00fcssige \u00d6l wird aus nat\u00fcrlichen Rohstoffen hergestellt und wird von pflegebed\u00fcrftigem Leder leicht aufgenommen. Ledersofas, Ledersessel und Lederst\u00fchle sind pflegeleicht, da das \u00d6l fl\u00fcssig ist und leicht aufgetragen werden kann.<br \/>\nWir empfehlen eine Vorreinigung des Leders mit Tapir Lederseife, um Schmutz und Flecken zu entfernen, falls erforderlich.<\/p>\n<p>Vorteile von Tapir Leder\u00f6l:<br \/>\nSanfte Pflege &#8211; Tapir Leder\u00f6l ist besonders sanft zu Leder. Es verhindert Austrocknung und Rissbildung, ohne die nat\u00fcrliche Atmungsaktivit\u00e4t des Materials zu beeintr\u00e4chtigen.<br \/>\nUmweltfreundlich &#8211; Es ist biologisch abbaubar und schadet der Umwelt nicht. Frei von sch\u00e4dlichen Chemikalien, petrochemischen L\u00f6sungsmitteln und synthetischen Zusatzstoffen.<br \/>\nVerl\u00e4ngerte Lebensdauer &#8211; Die regelm\u00e4\u00dfige Verwendung von Tapir Leder\u00f6l sch\u00fctzt das Leder vor Abnutzung und verl\u00e4ngert seine Lebensdauer.<br \/>\nVerbessertes Aussehen &#8211; Leder\u00f6l reinigt und frischt die Farbe des Leders auf. Es n\u00e4hrt das Leder intensiv.<\/p>\n<p>Die Verwendung von Leder\u00f6l ist einfach und effektiv:<br \/>\nReinigen Sie das Leder vor dem Auftragen des \u00d6ls gr\u00fcndlich, wenn n\u00f6tig mit einem weichen Tuch und Tapir Leder- und Sattelseife. Lassen Sie es vollst\u00e4ndig trocknen.<br \/>\nAnwendung: Sch\u00fctteln Sie die Flasche vor dem Gebrauch gut! Tragen Sie eine kleine Menge Leder\u00f6l mit einem weichen, fusselfreien Baumwolltuch auf. Arbeiten Sie das \u00d6l mit kreisenden Bewegungen in das Leder ein.<br \/>\nEinwirken lassen &#8211; Lassen Sie das \u00d6l ein paar Stunden oder \u00fcber Nacht einwirken, damit es tief in die Fasern eindringen kann.<br \/>\n\u00dcbersch\u00fcssiges \u00d6l entfernen: Wischen Sie dann \u00fcbersch\u00fcssiges Leder\u00f6l mit einem sauberen Tuch ab. Auf diese Weise behandeltes Leder bleibt geschmeidig und weich.<br \/>\nHINWEIS: Helles Leder kann bei der Behandlung nachdunkeln. Testen Sie daher die Wirkung auf empfindliche Lederarten am besten an einer versteckten Stelle.<\/p>\n<p>Eigenschaften des Leder\u00f6ls:<br \/>\nMild reinigend, leicht feuchtigkeitsspendend und wasserabweisend.<br \/>\nF\u00fcr Lederm\u00f6bel, Lederbekleidung, Ledertaschen, Lederkoffer und \u00e4hnliches. Kann auch f\u00fcr Handschuhe und kleine Gegenst\u00e4nde verwendet werden.<br \/>\nHergestellt aus nat\u00fcrlichen Rohstoffen (keine petrochemischen L\u00f6sungsmittel).<br \/>\nOrganisch.<br \/>\nNCP-zertifiziert.<br \/>\nVegan.<\/p>\n<p>Handgefertigt in Deutschland.<br \/>\nInhalt: 200 ml in einer Glasflasche.<\/p>\n<p>ZUTATEN: Rizinus\u00f6l*, Raps\u00f6l*, nat\u00fcrliche L\u00f6sungsmittel, Essig*.<br \/>\n*aus kontrolliert biologischem Anbau<\/p>\n<p>&nbsp;<\/p>\n<p>&nbsp;<\/p>\n","protected":false},"excerpt":{"rendered":"<p>F\u00fcr die Pflege und den Schutz von Leder.<br \/>\nHergestellt aus nat\u00fcrlichen Rohstoffen und ohne chemische L\u00f6sungsmittel. <\/p>\n","protected":false},"featured_media":988,"comment_status":"open","ping_status":"closed","template":"","meta":[],"product_brand":[],"product_cat":[81,82,99,89,83],"product_tag":[102,92,101,100],"class_list":{"0":"post-1195","1":"product","2":"type-product","3":"status-publish","4":"has-post-thumbnail","6":"product_cat-alle-produkte","7":"product_cat-forstwirtschaft","8":"product_cat-freizeitgestaltung-und-jagd","9":"product_cat-haus-und-mobel","10":"product_cat-tapir-produkte","11":"product_tag-antiquitaten","12":"product_tag-jagen","13":"product_tag-mobelpflege","14":"product_tag-pflege-von-leder","16":"first","17":"instock","18":"taxable","19":"shipping-taxable","20":"purchasable","21":"product-type-simple"},"_links":{"self":[{"href":"https:\/\/valfrids.com\/de\/wp-json\/wp\/v2\/product\/1195","targetHints":{"allow":["GET"]}}],"collection":[{"href":"https:\/\/valfrids.com\/de\/wp-json\/wp\/v2\/product"}],"about":[{"href":"https:\/\/valfrids.com\/de\/wp-json\/wp\/v2\/types\/product"}],"replies":[{"embeddable":true,"href":"https:\/\/valfrids.com\/de\/wp-json\/wp\/v2\/comments?post=1195"}],"wp:featuredmedia":[{"embeddable":true,"href":"https:\/\/valfrids.com\/de\/wp-json\/wp\/v2\/media\/988"}],"wp:attachment":[{"href":"https:\/\/valfrids.com\/de\/wp-json\/wp\/v2\/media?parent=1195"}],"wp:term":[{"taxonomy":"product_brand","embeddable":true,"href":"https:\/\/valfrids.com\/de\/wp-json\/wp\/v2\/product_brand?post=1195"},{"taxonomy":"product_cat","embeddable":true,"href":"https:\/\/valfrids.com\/de\/wp-json\/wp\/v2\/product_cat?post=1195"},{"taxonomy":"product_tag","embeddable":true,"href":"https:\/\/valfrids.com\/de\/wp-json\/wp\/v2\/product_tag?post=1195"}],"curies":[{"name":"wp","href":"https:\/\/api.w.org\/{rel}","templated":true}]}}