{"id":1194,"date":"2024-09-06T11:52:15","date_gmt":"2024-09-06T11:52:15","guid":{"rendered":"https:\/\/valfrids.com\/product\/zedernholzbloecke-gruener-gredelina-4er-pack\/"},"modified":"2024-11-12T17:01:13","modified_gmt":"2024-11-12T17:01:13","slug":"zedernholzbloecke-gruener-gredelina-4er-pack","status":"publish","type":"product","link":"https:\/\/valfrids.com\/de\/produkt\/zedernholzbloecke-gruener-gredelina-4er-pack\/","title":{"rendered":"Gr\u00f6na Gredelina Zedernholzblock 4er-Pack"},"content":{"rendered":"<p><strong>Gr\u00f6na Gredelina Zedernholzblock 4er-Pack<\/strong><\/p>\n<p>Zedernholzbl\u00f6cke aus 100% Zedernholz, einer nicht gef\u00e4hrdeten Art. Legen Sie die Zedernholzbl\u00f6cke in den Kleiderschrank zwischen Pullover, Hemden und Unterw\u00e4sche, zum einen, um der Kleidung einen schwachen Zedernduft zu verleihen, zum anderen aber auch, um Ihre Kleidung vor Motten, Silberfischchen, Pelztieren usw. zu sch\u00fctzen. Riecht gut und ziemlich stark. Die Zedernholzbl\u00f6cke sind aus einem nat\u00fcrlichen Material und der Duft wird mit der Zeit verblassen. Sie brauchen sie nur leicht mit Sandpapier abzuschleifen, um den charakteristischen Zedernduft wieder zu erhalten.   <\/p>\n<p>&nbsp;<\/p>\n","protected":false},"excerpt":{"rendered":"<p>Ein traditionelles und nat\u00fcrliches Mittel, um Ungeziefer fernzuhalten und Ihre Garderobe zu parf\u00fcmieren.<\/p>\n","protected":false},"featured_media":1048,"comment_status":"open","ping_status":"closed","template":"","meta":[],"product_brand":[],"product_cat":[81,89,97],"product_tag":[],"class_list":{"0":"post-1194","1":"product","2":"type-product","3":"status-publish","4":"has-post-thumbnail","6":"product_cat-alle-produkte","7":"product_cat-haus-und-mobel","8":"product_cat-sauberes-zuhause","10":"first","11":"instock","12":"taxable","13":"shipping-taxable","14":"purchasable","15":"product-type-simple"},"_links":{"self":[{"href":"https:\/\/valfrids.com\/de\/wp-json\/wp\/v2\/product\/1194","targetHints":{"allow":["GET"]}}],"collection":[{"href":"https:\/\/valfrids.com\/de\/wp-json\/wp\/v2\/product"}],"about":[{"href":"https:\/\/valfrids.com\/de\/wp-json\/wp\/v2\/types\/product"}],"replies":[{"embeddable":true,"href":"https:\/\/valfrids.com\/de\/wp-json\/wp\/v2\/comments?post=1194"}],"wp:featuredmedia":[{"embeddable":true,"href":"https:\/\/valfrids.com\/de\/wp-json\/wp\/v2\/media\/1048"}],"wp:attachment":[{"href":"https:\/\/valfrids.com\/de\/wp-json\/wp\/v2\/media?parent=1194"}],"wp:term":[{"taxonomy":"product_brand","embeddable":true,"href":"https:\/\/valfrids.com\/de\/wp-json\/wp\/v2\/product_brand?post=1194"},{"taxonomy":"product_cat","embeddable":true,"href":"https:\/\/valfrids.com\/de\/wp-json\/wp\/v2\/product_cat?post=1194"},{"taxonomy":"product_tag","embeddable":true,"href":"https:\/\/valfrids.com\/de\/wp-json\/wp\/v2\/product_tag?post=1194"}],"curies":[{"name":"wp","href":"https:\/\/api.w.org\/{rel}","templated":true}]}}