{"id":1193,"date":"2024-09-06T12:32:58","date_gmt":"2024-09-06T12:32:58","guid":{"rendered":"https:\/\/valfrids.com\/product\/aleppo-seife-pumpflasche-gruen-gredelina-250-ml\/"},"modified":"2025-06-03T00:11:07","modified_gmt":"2025-06-03T00:11:07","slug":"aleppo-seife-pumpflasche-gruen-gredelina-250-ml","status":"publish","type":"product","link":"https:\/\/valfrids.com\/de\/produkt\/aleppo-seife-pumpflasche-gruen-gredelina-250-ml\/","title":{"rendered":"Gr\u00f6na Gredelina Aleppo Seife Pumpflasche 250 ml"},"content":{"rendered":"<p><strong>Aleppo Seife Pumpflasche neutral Gr\u00f6na Gredelina<\/strong><\/p>\n<p>Reine und einfache Fl\u00fcssigseife aus Oliven\u00f6l und Lorbeer\u00f6l.<br \/>\nOhne unn\u00f6tige Zusatzstoffe und ohne Palm\u00f6l. Reinigt, ohne das pH-Gleichgewicht der Haut zu st\u00f6ren. Ideal f\u00fcr Menschen mit trockenen H\u00e4nden!<\/p>\n<p>Aleppo-Seife wird wie normale Seife verwendet, f\u00fcr die H\u00e4nde und den ganzen K\u00f6rper. Aleppo-Seife ist eine nat\u00fcrliche Seife, eine Universalseife mit vielen Verwendungsm\u00f6glichkeiten. Eine der einzigartigen Eigenschaften der Aleppo-Seife ist, dass sie nur wenige Inhaltsstoffe enth\u00e4lt, n\u00e4mlich nur pflegendes Oliven\u00f6l und Lorbeer\u00f6l.<\/p>\n<p>Sowohl f\u00fcr Kinder als auch f\u00fcr Erwachsene geeignet. Trocken. Geruchlos.<br \/>\nFrei von Palm\u00f6l, Parabenen, synthetischen Duftstoffen und Farbstoffen.<\/p>\n<p>Enth\u00e4lt: destilliertes Wasser, Natriumolivat, Natriumlaurat, Natriumchlorid.<\/p>\n<p>250ml<\/p>\n","protected":false},"excerpt":{"rendered":"<p>Fl\u00fcssige Oliven\u00f6lseife.<br \/>\nSanft und schonend f\u00fcr die Haut.<br \/>\nLuxus f\u00fcr Ihre H\u00e4nde.  <\/p>\n","protected":false},"featured_media":1060,"comment_status":"open","ping_status":"closed","template":"","meta":[],"product_brand":[],"product_cat":[81,89],"product_tag":[],"class_list":{"0":"post-1193","1":"product","2":"type-product","3":"status-publish","4":"has-post-thumbnail","6":"product_cat-alle-produkte","7":"product_cat-haus-und-mobel","9":"first","10":"instock","11":"taxable","12":"shipping-taxable","13":"purchasable","14":"product-type-simple"},"_links":{"self":[{"href":"https:\/\/valfrids.com\/de\/wp-json\/wp\/v2\/product\/1193","targetHints":{"allow":["GET"]}}],"collection":[{"href":"https:\/\/valfrids.com\/de\/wp-json\/wp\/v2\/product"}],"about":[{"href":"https:\/\/valfrids.com\/de\/wp-json\/wp\/v2\/types\/product"}],"replies":[{"embeddable":true,"href":"https:\/\/valfrids.com\/de\/wp-json\/wp\/v2\/comments?post=1193"}],"wp:featuredmedia":[{"embeddable":true,"href":"https:\/\/valfrids.com\/de\/wp-json\/wp\/v2\/media\/1060"}],"wp:attachment":[{"href":"https:\/\/valfrids.com\/de\/wp-json\/wp\/v2\/media?parent=1193"}],"wp:term":[{"taxonomy":"product_brand","embeddable":true,"href":"https:\/\/valfrids.com\/de\/wp-json\/wp\/v2\/product_brand?post=1193"},{"taxonomy":"product_cat","embeddable":true,"href":"https:\/\/valfrids.com\/de\/wp-json\/wp\/v2\/product_cat?post=1193"},{"taxonomy":"product_tag","embeddable":true,"href":"https:\/\/valfrids.com\/de\/wp-json\/wp\/v2\/product_tag?post=1193"}],"curies":[{"name":"wp","href":"https:\/\/api.w.org\/{rel}","templated":true}]}}