{"id":1191,"date":"2024-09-06T11:55:51","date_gmt":"2024-09-06T11:55:51","guid":{"rendered":"https:\/\/valfrids.com\/product\/seife-citrus-gruen-gredelina-500-ml\/"},"modified":"2024-11-13T15:22:36","modified_gmt":"2024-11-13T15:22:36","slug":"seife-citrus-gruen-gredelina-500-ml","status":"publish","type":"product","link":"https:\/\/valfrids.com\/de\/produkt\/seife-citrus-gruen-gredelina-500-ml\/","title":{"rendered":"Gr\u00f6na Gredelina Seife Citrus 500 ml"},"content":{"rendered":"<p><strong>Citrus Bergamia Seife von Gr\u00f6na Gredelina<\/strong><\/p>\n<p>Biologische, traditionelle und pflanzliche Seife f\u00fcr eine sanfte und effektive Reinigung. Riecht nach warmen Zitrusfr\u00fcchten und Bergamotte. Kann auf allen Oberfl\u00e4chen im Haus verwendet werden. Besonders f\u00fcr Holz und nat\u00fcrliche Materialien und im Badezimmer.<\/p>\n<p>Vollst\u00e4ndig pflanzliche Seife aus Oliven- und Lorbeer\u00f6l. Ohne synthetische Duft- und Farbstoffe.<\/p>\n<p>F\u00fcr uns riecht es wunderbar, wie ein mediterraner Zitronengarten! Kein synthetischer oder stechender Geruch, wie er bei Haushaltsreinigern \u00fcblich ist.<br \/>\nHaben Sie noch nie nat\u00fcrliche Seife ausprobiert? Probieren Sie es aus, Sie werden nicht mehr zu den chemischen Reinigern zur\u00fcckkehren.<\/p>\n<p>Die Seife ist dickfl\u00fcssig und wirksam und Sie k\u00f6nnen w\u00e4hlen, ob Sie sie mit Wasser verd\u00fcnnen oder ein Konzentrat verwenden m\u00f6chten. Ja, sie ist wirklich z\u00e4hfl\u00fcssig, was sich ungewohnt anf\u00fchlen mag, wenn Sie eher kommerzielle Seife gewohnt sind. Sie k\u00f6nnen aber auch 25 ml in 10 Litern Wasser verd\u00fcnnen oder es konzentriert verwenden, wenn Sie m\u00f6chten.<\/p>\n<p>Zutaten: destilliertes Wasser, Natriumolivat (verseiftes Oliven\u00f6l)*, Natriumlaurat (verseiftes Lorbeer\u00f6l)*, Citrus medica limonum Schalen\u00f6l (\u00e4therisches Zitronen\u00f6l)*, Citrus aurantifolia Schalen\u00f6l destilliert (\u00e4therisches Limetten\u00f6l)*, Citrus paradisi m. Schalen\u00f6l (\u00e4therisches Grapefruit\u00f6l)*, Natriumchlorid (Mineralsalz)*.<\/p>\n<p>500ml<\/p>\n","protected":false},"excerpt":{"rendered":"<p>Nat\u00fcrliche Seife.<br \/>\nDuftet nach \u00e4therischem Zitrus\u00f6l. <\/p>\n","protected":false},"featured_media":1050,"comment_status":"open","ping_status":"closed","template":"","meta":[],"product_brand":[],"product_cat":[81,89,97],"product_tag":[],"class_list":{"0":"post-1191","1":"product","2":"type-product","3":"status-publish","4":"has-post-thumbnail","6":"product_cat-alle-produkte","7":"product_cat-haus-und-mobel","8":"product_cat-sauberes-zuhause","10":"first","11":"instock","12":"taxable","13":"shipping-taxable","14":"purchasable","15":"product-type-simple"},"_links":{"self":[{"href":"https:\/\/valfrids.com\/de\/wp-json\/wp\/v2\/product\/1191","targetHints":{"allow":["GET"]}}],"collection":[{"href":"https:\/\/valfrids.com\/de\/wp-json\/wp\/v2\/product"}],"about":[{"href":"https:\/\/valfrids.com\/de\/wp-json\/wp\/v2\/types\/product"}],"replies":[{"embeddable":true,"href":"https:\/\/valfrids.com\/de\/wp-json\/wp\/v2\/comments?post=1191"}],"wp:featuredmedia":[{"embeddable":true,"href":"https:\/\/valfrids.com\/de\/wp-json\/wp\/v2\/media\/1050"}],"wp:attachment":[{"href":"https:\/\/valfrids.com\/de\/wp-json\/wp\/v2\/media?parent=1191"}],"wp:term":[{"taxonomy":"product_brand","embeddable":true,"href":"https:\/\/valfrids.com\/de\/wp-json\/wp\/v2\/product_brand?post=1191"},{"taxonomy":"product_cat","embeddable":true,"href":"https:\/\/valfrids.com\/de\/wp-json\/wp\/v2\/product_cat?post=1191"},{"taxonomy":"product_tag","embeddable":true,"href":"https:\/\/valfrids.com\/de\/wp-json\/wp\/v2\/product_tag?post=1191"}],"curies":[{"name":"wp","href":"https:\/\/api.w.org\/{rel}","templated":true}]}}