{"id":1189,"date":"2024-09-06T12:01:38","date_gmt":"2024-09-06T12:01:38","guid":{"rendered":"https:\/\/valfrids.com\/product\/orange-zeder-waschmittel-green-gredelina-500-ml\/"},"modified":"2025-06-05T22:18:24","modified_gmt":"2025-06-05T22:18:24","slug":"orange-zeder-waschmittel-green-gredelina-500-ml","status":"publish","type":"product","link":"https:\/\/valfrids.com\/de\/produkt\/orange-zeder-waschmittel-green-gredelina-500-ml\/","title":{"rendered":"Orange &amp; Zeder Waschmittel Green Gredelina 500 ml"},"content":{"rendered":"<p><strong>Waschmittel Orange Zeder Gr\u00fcn Gredelina<\/strong><\/p>\n<p>Bio-Fl\u00fcssigwaschmittel aus Waschn\u00fcssen.<br \/>\nBesonders geeignet f\u00fcr empfindliche W\u00e4sche wie Seide und Wolle. Eine nat\u00fcrliche Alternative zu anderen chemischen Waschmitteln, die f\u00fcr die Handw\u00e4sche und die Maschinenw\u00e4sche gleicherma\u00dfen geeignet ist. Das aus Waschn\u00fcssen hergestellte Waschmittel<strong>ist besonders f\u00fcr empfindliche W\u00e4sche geeignet<\/strong>, da es einen niedrigeren pH-Wert hat. Es ist gut f\u00fcr nat\u00fcrliche Materialien wie Wolle und Seide geeignet. Beim Waschen von Wolle w\u00fcnschen Sie sich einen niedrigen pH-Wert, damit die Wollfasern nicht aufsteigen und sich verheddern. Zedernholz soll auch Motten fernhalten, was f\u00fcr Wolle noch besser geeignet ist, da diese kleinen Biester gerne Wolle mit kleinen L\u00f6chern auffressen. Riecht gut nach nat\u00fcrlichem \u00e4therischem Orangen- und Zedern\u00f6l. Zutaten: Sapindus Mukorossi (Waschn\u00fcsse) Natriumasche (Natriumsalz), Silikate (Mineralien) Natriumchlorid, (Mineralsalz) Xantamgum (Xanthamgummi), Natriumbenzoat (Natriumbenzoat) \u00c4therisches \u00d6l; Orange &amp; Zedernholz.<\/p>\n<p>Dosierung: Nur 30 ml f\u00fcr eine Maschinenw\u00e4sche in weichem Wasser 40 ml f\u00fcr mittelhartes Wasser 50 ml f\u00fcr hartes Wasser Wir haben in Schweden normalerweise weiches Wasser.<br \/>\nWenn Sie viel Kalkablagerungen haben, haben Sie h\u00e4rteres Wasser. Enth\u00e4lt keine synthetischen Duftstoffe oder synthetischen Tenside. 500 ml <\/p>\n","protected":false},"excerpt":{"rendered":"<p>Feinwaschmittel mit \u00e4therischen \u00d6len.<br \/>\nBesonders gut f\u00fcr Wolle. <\/p>\n","protected":false},"featured_media":1052,"comment_status":"open","ping_status":"closed","template":"","meta":[],"product_brand":[],"product_cat":[81,89,97],"product_tag":[],"class_list":{"0":"post-1189","1":"product","2":"type-product","3":"status-publish","4":"has-post-thumbnail","6":"product_cat-alle-produkte","7":"product_cat-haus-und-mobel","8":"product_cat-sauberes-zuhause","10":"first","11":"outofstock","12":"taxable","13":"shipping-taxable","14":"purchasable","15":"product-type-simple"},"_links":{"self":[{"href":"https:\/\/valfrids.com\/de\/wp-json\/wp\/v2\/product\/1189","targetHints":{"allow":["GET"]}}],"collection":[{"href":"https:\/\/valfrids.com\/de\/wp-json\/wp\/v2\/product"}],"about":[{"href":"https:\/\/valfrids.com\/de\/wp-json\/wp\/v2\/types\/product"}],"replies":[{"embeddable":true,"href":"https:\/\/valfrids.com\/de\/wp-json\/wp\/v2\/comments?post=1189"}],"wp:featuredmedia":[{"embeddable":true,"href":"https:\/\/valfrids.com\/de\/wp-json\/wp\/v2\/media\/1052"}],"wp:attachment":[{"href":"https:\/\/valfrids.com\/de\/wp-json\/wp\/v2\/media?parent=1189"}],"wp:term":[{"taxonomy":"product_brand","embeddable":true,"href":"https:\/\/valfrids.com\/de\/wp-json\/wp\/v2\/product_brand?post=1189"},{"taxonomy":"product_cat","embeddable":true,"href":"https:\/\/valfrids.com\/de\/wp-json\/wp\/v2\/product_cat?post=1189"},{"taxonomy":"product_tag","embeddable":true,"href":"https:\/\/valfrids.com\/de\/wp-json\/wp\/v2\/product_tag?post=1189"}],"curies":[{"name":"wp","href":"https:\/\/api.w.org\/{rel}","templated":true}]}}