{"id":1187,"date":"2024-09-06T12:05:22","date_gmt":"2024-09-06T12:05:22","guid":{"rendered":"https:\/\/valfrids.com\/product\/lavendel-leinenwasser-green-gredelina-500-ml\/"},"modified":"2024-10-08T23:44:51","modified_gmt":"2024-10-08T23:44:51","slug":"lavendel-leinenwasser-green-gredelina-500-ml","status":"publish","type":"product","link":"https:\/\/valfrids.com\/de\/produkt\/lavendel-leinenwasser-green-gredelina-500-ml\/","title":{"rendered":"Lavendel-Leinenwasser Green Gredelina 500 ml"},"content":{"rendered":"<p><strong>Leinenwasser Lavendel Gr\u00fcn Gredelina<\/strong><\/p>\n<p>Ein duftendes, luxuri\u00f6ses W\u00e4schewasser mit nat\u00fcrlichen Bio-Zutaten. Spr\u00fchen Sie es direkt auf Textilien, die sauber und frisch duften sollen, mit feinstem \u00e4therischen Lavendel\u00f6l. Verwenden Sie Leinenwasser, um Ihr Zuhause und Ihre Textilien zu beduften. Spr\u00fchen Sie es vor dem Schlafengehen auf Ihr Kopfkissen, um eine beruhigende Wirkung zu erzielen, oder auf Vorh\u00e4nge und Teppiche, bevor G\u00e4ste eintreffen, um einen erfrischenden Duft nach frischer Reinigung zu erhalten. Spr\u00fchen Sie es auf die W\u00e4sche vor dem B\u00fcgeln, in den W\u00e4scheschrank f\u00fcr eine allgemeine Auffrischung oder direkt auf ein Kleidungsst\u00fcck, das an die Luft kommt, als kleine Mini-Reinigung! Ungeziefer mag den Duft von Lavendel nicht. Enth\u00e4lt: destilliertes Wasser, Alkohol Denat (Alkohol)*, Lavandula officinalis Bl\u00fcten\u00f6l (\u00e4therisches Lavendel\u00f6l)*. 500 ml biologisch angebaute Zutaten. <\/p>\n","protected":false},"excerpt":{"rendered":"<p>Minireinigung und Auffrischung f\u00fcr Ihre Kleidung und Heimtextilien.<\/p>\n","protected":false},"featured_media":1056,"comment_status":"open","ping_status":"closed","template":"","meta":[],"product_brand":[],"product_cat":[81,89,97],"product_tag":[],"class_list":{"0":"post-1187","1":"product","2":"type-product","3":"status-publish","4":"has-post-thumbnail","6":"product_cat-alle-produkte","7":"product_cat-haus-und-mobel","8":"product_cat-sauberes-zuhause","10":"first","11":"instock","12":"taxable","13":"shipping-taxable","14":"purchasable","15":"product-type-simple"},"_links":{"self":[{"href":"https:\/\/valfrids.com\/de\/wp-json\/wp\/v2\/product\/1187","targetHints":{"allow":["GET"]}}],"collection":[{"href":"https:\/\/valfrids.com\/de\/wp-json\/wp\/v2\/product"}],"about":[{"href":"https:\/\/valfrids.com\/de\/wp-json\/wp\/v2\/types\/product"}],"replies":[{"embeddable":true,"href":"https:\/\/valfrids.com\/de\/wp-json\/wp\/v2\/comments?post=1187"}],"wp:featuredmedia":[{"embeddable":true,"href":"https:\/\/valfrids.com\/de\/wp-json\/wp\/v2\/media\/1056"}],"wp:attachment":[{"href":"https:\/\/valfrids.com\/de\/wp-json\/wp\/v2\/media?parent=1187"}],"wp:term":[{"taxonomy":"product_brand","embeddable":true,"href":"https:\/\/valfrids.com\/de\/wp-json\/wp\/v2\/product_brand?post=1187"},{"taxonomy":"product_cat","embeddable":true,"href":"https:\/\/valfrids.com\/de\/wp-json\/wp\/v2\/product_cat?post=1187"},{"taxonomy":"product_tag","embeddable":true,"href":"https:\/\/valfrids.com\/de\/wp-json\/wp\/v2\/product_tag?post=1187"}],"curies":[{"name":"wp","href":"https:\/\/api.w.org\/{rel}","templated":true}]}}