{"id":1183,"date":"2024-07-24T11:31:05","date_gmt":"2024-07-24T11:31:05","guid":{"rendered":"https:\/\/valfrids.com\/product\/lederpflegemittel-farblos-tapir\/"},"modified":"2025-06-10T02:04:03","modified_gmt":"2025-06-10T02:04:03","slug":"lederpflegemittel-farblos-tapir","status":"publish","type":"product","link":"https:\/\/valfrids.com\/de\/produkt\/lederpflegemittel-farblos-tapir\/","title":{"rendered":"Lederpflegemittel farblos Tapir"},"content":{"rendered":"<p><strong>Tapir Leather Conditioner ist eine hochgl\u00e4nzende Schuhcreme f\u00fcr Lederschuhe, wasserabweisend und leicht feuchtigkeitsspendend.<\/strong><\/p>\n<p><em>Glanz und Schimmer&#8230; Tapir Lederpflegemittel macht&#8217;s m\u00f6glich!<\/em><br \/>\nDer Tapir Lederconditioner ist genau das richtige Produkt, um Lederschuhen, die nicht nur gut gepflegt werden m\u00fcssen, sondern auch gl\u00e4nzen sollen, Glanz zu verleihen. Egal, ob es sich um Damen-, Herren- oder Kinderschuhe handelt, hier erzeugen Sie eine Wachsschicht, die Sie mit einer Glanzb\u00fcrste oder sogar einer Ziegenhaarb\u00fcrste auf Hochglanz polieren k\u00f6nnen. Eine Schuhcreme f\u00fcr echte Profis. Der angenehme Duft der nat\u00fcrlichen Rohstoffe macht das Putzen Ihrer Schuhe zu einem wahren Vergn\u00fcgen.<\/p>\n<p><strong>Anweisungen zur Verwendung:<\/strong><br \/>\nDie Regel lautet: &#8222;Weniger ist mehr&#8220;, oder &#8222;weniger ist mehr&#8220;, wie man in Deutschland sagt.<br \/>\nVerwenden Sie die Sp\u00fclung sparsam, da sie sehr austrocknend ist. Tragen Sie etwas Conditioner auf und nach kurzer Zeit kann der Schuh mit einer Polierb\u00fcrste ordentlich poliert werden. Es verleiht der Oberfl\u00e4che einen sch\u00f6nen Glanz. Auf diese Weise behandelte Schuhe k\u00f6nnen noch mehrmals poliert werden. Tragen Sie erst dann eine neue Sp\u00fclung auf, wenn der Glanz verschwunden ist.<\/p>\n<p><strong>Produktmerkmale:<\/strong><br \/>\nImpr\u00e4gnierende und hochgl\u00e4nzende Schuhcreme f\u00fcr Glattlederschuhe<br \/>\nHandgefertigt in Deutschland<br \/>\nInhalt: 85 ml in einem Wei\u00dfblechgef\u00e4\u00df<br \/>\nDurchgehend organisch<br \/>\nHergestellt aus nat\u00fcrlichen Rohstoffen (keine petrochemischen Bestandteile oder stinkende L\u00f6sungsmittel!)<br \/>\nNCP zertifiziert<\/p>\n<p>ZUTATEN: Bienenwachs, Zuckerrohrwachs, Schellackwachs, Candelillawachs, Carnaubawachs*, Rizinus\u00f6l*, Orangen\u00f6l.<br \/>\n* aus kontrolliert biologischem Anbau<\/p>\n<p>Vergessen Sie nicht, das Gef\u00e4\u00df nach dem Gebrauch wieder zu verschlie\u00dfen!<\/p>\n<p>F\u00fcr die regelm\u00e4\u00dfige Schuhpflege:<br \/>\n<a href=\"https:\/\/valfrids.com\/product\/skokram-ladervardskram-farglos\/\">Hier empfehlen wir unsere Lederpflegecreme<\/a>, die das Leder n\u00e4hrt und die richtige Wahl f\u00fcr die t\u00e4gliche Pflege von Lederschuhen ist. Es l\u00e4sst sich leicht auftragen und ist auch das richtige Produkt f\u00fcr Kinderschuhe.<\/p>\n","protected":false},"excerpt":{"rendered":"<p>F\u00fcr Hochglanz.<br \/>\nSch\u00fctzend.<br \/>\nOhne Farbe.<br \/>\n85 ml.   <\/p>\n","protected":false},"featured_media":784,"comment_status":"open","ping_status":"closed","template":"","meta":[],"product_brand":[],"product_cat":[81,82,83],"product_tag":[84],"class_list":{"0":"post-1183","1":"product","2":"type-product","3":"status-publish","4":"has-post-thumbnail","6":"product_cat-alle-produkte","7":"product_cat-forstwirtschaft","8":"product_cat-tapir-produkte","9":"product_tag-forstwirtschaft","11":"first","12":"instock","13":"taxable","14":"shipping-taxable","15":"purchasable","16":"product-type-simple"},"_links":{"self":[{"href":"https:\/\/valfrids.com\/de\/wp-json\/wp\/v2\/product\/1183","targetHints":{"allow":["GET"]}}],"collection":[{"href":"https:\/\/valfrids.com\/de\/wp-json\/wp\/v2\/product"}],"about":[{"href":"https:\/\/valfrids.com\/de\/wp-json\/wp\/v2\/types\/product"}],"replies":[{"embeddable":true,"href":"https:\/\/valfrids.com\/de\/wp-json\/wp\/v2\/comments?post=1183"}],"wp:featuredmedia":[{"embeddable":true,"href":"https:\/\/valfrids.com\/de\/wp-json\/wp\/v2\/media\/784"}],"wp:attachment":[{"href":"https:\/\/valfrids.com\/de\/wp-json\/wp\/v2\/media?parent=1183"}],"wp:term":[{"taxonomy":"product_brand","embeddable":true,"href":"https:\/\/valfrids.com\/de\/wp-json\/wp\/v2\/product_brand?post=1183"},{"taxonomy":"product_cat","embeddable":true,"href":"https:\/\/valfrids.com\/de\/wp-json\/wp\/v2\/product_cat?post=1183"},{"taxonomy":"product_tag","embeddable":true,"href":"https:\/\/valfrids.com\/de\/wp-json\/wp\/v2\/product_tag?post=1183"}],"curies":[{"name":"wp","href":"https:\/\/api.w.org\/{rel}","templated":true}]}}