{"id":1177,"date":"2024-07-23T10:43:45","date_gmt":"2024-07-23T10:43:45","guid":{"rendered":"https:\/\/valfrids.com\/product\/lederseife-tapir\/"},"modified":"2025-06-10T02:04:35","modified_gmt":"2025-06-10T02:04:35","slug":"lederseife-tapir","status":"publish","type":"product","link":"https:\/\/valfrids.com\/de\/produkt\/lederseife-tapir\/","title":{"rendered":"Lederseife Tapir"},"content":{"rendered":"<p><b>Leder- und Sattelseife (Leder- und Sattelseife)<\/b><br \/>\nIntensive Reinigung und Pflege f\u00fcr Leder. Organisch. Handgefertigt in Deutschland.  <strong>Ein Verkaufsschlager!<\/strong><\/p>\n<p>Eine nat\u00fcrliche, milde Seife zur Reinigung von Leder, ob f\u00fcr Lederschuhe, Lederstiefel, Leders\u00e4ttel, Lederm\u00f6bel oder Taschen (nicht f\u00fcr Wildleder geeignet).<br \/>\nDer Schaum sorgt f\u00fcr ein wunderbares Reinigungs- und Pflegeergebnis. Die Seife wird aus ausgew\u00e4hlten nat\u00fcrlichen und nachwachsenden Rohstoffen hergestellt und ist, wie das gesamte Tapir-Sortiment, nach dem NCP-Standard zertifiziert.<br \/>\nSie brauchen keine Schutzhandschuhe zu tragen, wenn Sie Tapirleder und Schabracken verwenden. Es gibt ein angenehmes Gef\u00fchl und riecht gut.<\/p>\n<p><b>Verwenden Sie:<\/b><br \/>\nGeben Sie eine kleine Menge Lederseife auf einen feuchten Schwamm. Bearbeiten Sie das Leder, bis sich ein feiner Schaum bildet. Es l\u00f6st den Schmutz im Leder auf und absorbiert ihn. Wischen Sie den Schaum nach einer Weile ab. Wiederholen Sie den Vorgang, bis der Schaum nicht mehr verschmutzt ist. Saubere Seifenreste k\u00f6nnen auf dem Leder verbleiben und nach dem Trocknen poliert werden. TIPP: Arbeiten Sie m\u00f6glichst nur mit Schaum, damit das Leder nicht durchn\u00e4sst wird.<br \/>\nLassen Sie den Schuh oder das Leder trocknen und polieren Sie es mit einem Tapir-Poliertuch oder einer Tapir-Polierb\u00fcrste. Dann behandeln und sch\u00fctzen Sie es mit einem Tapir-Pflegeprodukt (Lederpflegecreme oder Lederfett).<\/p>\n<p>200 ml in einer klassischen Blechdose.<\/p>\n<p><b>Inhalt:<\/b><br \/>\nFetts\u00e4ure aus Sonnenblumen\u00f6l, Bienenwachs, Stearin, Zuckerrohrwachs, Wasser, Borax, \u00c4tznatron.<\/p>\n<p>In Handarbeit aus den besten Rohstoffen in Deutschland hergestellt.<\/p>\n","protected":false},"excerpt":{"rendered":"<p>Nat\u00fcrliche und milde Seife zur Reinigung von Lederschuhen, Stiefeln, S\u00e4tteln und Taschen.<\/p>\n","protected":false},"featured_media":896,"comment_status":"open","ping_status":"closed","template":"","meta":[],"product_brand":[],"product_cat":[81,90,82,89],"product_tag":[91,84,92],"class_list":{"0":"post-1177","1":"product","2":"type-product","3":"status-publish","4":"has-post-thumbnail","6":"product_cat-alle-produkte","7":"product_cat-auto-und-boot","8":"product_cat-forstwirtschaft","9":"product_cat-haus-und-mobel","10":"product_tag-autopolsterung","11":"product_tag-forstwirtschaft","12":"product_tag-jagen","14":"first","15":"instock","16":"taxable","17":"shipping-taxable","18":"purchasable","19":"product-type-simple"},"_links":{"self":[{"href":"https:\/\/valfrids.com\/de\/wp-json\/wp\/v2\/product\/1177","targetHints":{"allow":["GET"]}}],"collection":[{"href":"https:\/\/valfrids.com\/de\/wp-json\/wp\/v2\/product"}],"about":[{"href":"https:\/\/valfrids.com\/de\/wp-json\/wp\/v2\/types\/product"}],"replies":[{"embeddable":true,"href":"https:\/\/valfrids.com\/de\/wp-json\/wp\/v2\/comments?post=1177"}],"wp:featuredmedia":[{"embeddable":true,"href":"https:\/\/valfrids.com\/de\/wp-json\/wp\/v2\/media\/896"}],"wp:attachment":[{"href":"https:\/\/valfrids.com\/de\/wp-json\/wp\/v2\/media?parent=1177"}],"wp:term":[{"taxonomy":"product_brand","embeddable":true,"href":"https:\/\/valfrids.com\/de\/wp-json\/wp\/v2\/product_brand?post=1177"},{"taxonomy":"product_cat","embeddable":true,"href":"https:\/\/valfrids.com\/de\/wp-json\/wp\/v2\/product_cat?post=1177"},{"taxonomy":"product_tag","embeddable":true,"href":"https:\/\/valfrids.com\/de\/wp-json\/wp\/v2\/product_tag?post=1177"}],"curies":[{"name":"wp","href":"https:\/\/api.w.org\/{rel}","templated":true}]}}