{"id":1173,"date":"2024-07-24T11:03:20","date_gmt":"2024-07-24T11:03:20","guid":{"rendered":"https:\/\/valfrids.com\/product\/schuhcreme-lederpflegecreme-schwarz-tapir\/"},"modified":"2024-12-03T07:51:41","modified_gmt":"2024-12-03T07:51:41","slug":"schuhcreme-lederpflegecreme-schwarz-tapir","status":"publish","type":"product","link":"https:\/\/valfrids.com\/de\/produkt\/schuhcreme-lederpflegecreme-schwarz-tapir\/","title":{"rendered":"Schuhcreme \/ Lederpflegecreme schwarz Tapir"},"content":{"rendered":"<p>Sind Sie auf der Suche nach einem Pflegeprodukt f\u00fcr Ihre Lederschuhe, das Sie einfach und regelm\u00e4\u00dfig anwenden k\u00f6nnen?<br \/>\nDie Lederpflegecreme von Tapir ist das richtige Produkt f\u00fcr die regelm\u00e4\u00dfige und vor allem einfache Anwendung. Die Creme l\u00e4sst sich leicht mit einem Pinsel oder einem Baumwolltuch auf das Leder auftragen.<br \/>\nWir empfehlen Ihnen, die Lederpflegecreme zun\u00e4chst auf den N\u00e4hten, am Rand und auf dem Bezug zu verteilen und dann den Rest sanft in das Leder einzumassieren. Lassen Sie es kurz trocknen und verwenden Sie dann eine Polierb\u00fcrste, um es zum Gl\u00e4nzen zu bringen. Gut geeignet f\u00fcr den t\u00e4glichen Gebrauch!<\/p>\n<p><b><br \/>\nEIGENSCHAFTEN:<\/b>Tapir Lederpflege Creme ist eine impr\u00e4gnierende, gl\u00e4nzende und feuchtigkeitsspendende Creme f\u00fcr Lederschuhe.<b><\/b><br \/>\nNat\u00fcrliche und ungiftige Pigmente.<\/p>\n<p><b><br \/>\nA<\/b><b>NWENDUNG<\/b><b>:<\/b>Reiben Sie die Creme mit einem Baumwolltuch oder einer Auftragsb\u00fcrste d\u00fcnn und gleichm\u00e4\u00dfig in das Leder ein.<b><\/b> Nach einer kurzen Zeit polieren Sie die Schuhe mit einem Baumwolltuch oder einer Polierb\u00fcrste auf Hochglanz.<\/p>\n<p><b><\/b>ZUTATEN:<br \/>\nCarnaubawachs, Bienenwachs, Zuckerrohrwachs, Fetts\u00e4ure aus Sonnenblumen\u00f6l, nat\u00fcrliche L\u00f6sungsmittel, Ammoniakl\u00f6sung, Wasser, Erdfarbpigmente.<\/p>\n<p>In Handarbeit aus den besten Rohstoffen in Deutschland hergestellt.<\/p>\n","protected":false},"excerpt":{"rendered":"<p>Schuhcreme, ohne L\u00f6sungsmittel.<br \/>\nKann f\u00fcr verschiedene Arten von Leder verwendet werden. <\/p>\n","protected":false},"featured_media":780,"comment_status":"open","ping_status":"closed","template":"","meta":[],"product_brand":[],"product_cat":[81,82],"product_tag":[84],"class_list":{"0":"post-1173","1":"product","2":"type-product","3":"status-publish","4":"has-post-thumbnail","6":"product_cat-alle-produkte","7":"product_cat-forstwirtschaft","8":"product_tag-forstwirtschaft","10":"first","11":"instock","12":"taxable","13":"shipping-taxable","14":"purchasable","15":"product-type-simple"},"_links":{"self":[{"href":"https:\/\/valfrids.com\/de\/wp-json\/wp\/v2\/product\/1173","targetHints":{"allow":["GET"]}}],"collection":[{"href":"https:\/\/valfrids.com\/de\/wp-json\/wp\/v2\/product"}],"about":[{"href":"https:\/\/valfrids.com\/de\/wp-json\/wp\/v2\/types\/product"}],"replies":[{"embeddable":true,"href":"https:\/\/valfrids.com\/de\/wp-json\/wp\/v2\/comments?post=1173"}],"wp:featuredmedia":[{"embeddable":true,"href":"https:\/\/valfrids.com\/de\/wp-json\/wp\/v2\/media\/780"}],"wp:attachment":[{"href":"https:\/\/valfrids.com\/de\/wp-json\/wp\/v2\/media?parent=1173"}],"wp:term":[{"taxonomy":"product_brand","embeddable":true,"href":"https:\/\/valfrids.com\/de\/wp-json\/wp\/v2\/product_brand?post=1173"},{"taxonomy":"product_cat","embeddable":true,"href":"https:\/\/valfrids.com\/de\/wp-json\/wp\/v2\/product_cat?post=1173"},{"taxonomy":"product_tag","embeddable":true,"href":"https:\/\/valfrids.com\/de\/wp-json\/wp\/v2\/product_tag?post=1173"}],"curies":[{"name":"wp","href":"https:\/\/api.w.org\/{rel}","templated":true}]}}