{"id":1967,"date":"2025-05-05T19:10:15","date_gmt":"2025-05-05T19:10:15","guid":{"rendered":"https:\/\/valfrids.com\/artikel\/"},"modified":"2025-05-05T20:18:06","modified_gmt":"2025-05-05T20:18:06","slug":"artikel","status":"publish","type":"page","link":"https:\/\/valfrids.com\/de\/artikel\/","title":{"rendered":"Artikel"},"content":{"rendered":"\n\n\n\r\n<div class=\"blog-list-title-container\">\r\n    <h1 class=\"blog-list-title\">Artiklar<\/h1>\r\n    <form method=\"get\" class=\"blog-search-form\">\r\n        <input type=\"text\" name=\"blog_search\" value=\"\" placeholder=\"S\u00f6k efter artiklar...\">\r\n        <button type=\"submit\">S\u00f6k<\/button>\r\n    <\/form>\r\n<\/div>\r\n\r\n<div class=\"custom-blog-list\">\r\n                        <div class=\"blog-item\">\r\n                <div class=\"blog-content\">\r\n                    <h3 class=\"blog-title\">\r\n                        <a href=\"https:\/\/valfrids.com\/de\/wir-besuchen-foergyllare-nils-loefgren-eftr-und-lassen-einen-bilderrahmen-renovieren\/\">Wir besuchen F\u00f6rgyllare Nils L\u00f6fgren Eftr und lassen einen Bilderrahmen renovieren<\/a>\r\n                    <\/h3>\r\n                    <p class=\"blog-date\">Juni 11, 2025<\/p>\r\n                    <p class=\"blog-excerpt\">Lassen Sie uns einen Vergolder besuchen und herausfinden, was er tut. Wie k\u00fcmmern Sie sich um Ihre vergoldeten Bilderrahmen und M\u00f6bel? Wir haben sie auch einen gro\u00dfen Goldrahmen f\u00fcr uns renovieren lassen.<\/p>\r\n                <\/div>\r\n                <div class=\"blog-image\">\r\n                    <img decoding=\"async\" src=\"https:\/\/valfrids.com\/wp-content\/uploads\/2025\/06\/IMG_20250610_150342-rs-niv-533x400.jpg\" alt=\"Wir besuchen F\u00f6rgyllare Nils L\u00f6fgren Eftr und lassen einen Bilderrahmen renovieren\">\r\n                <\/div>\r\n            <\/div>\r\n                                <div class=\"blog-item\">\r\n                <div class=\"blog-content\">\r\n                    <h3 class=\"blog-title\">\r\n                        <a href=\"https:\/\/valfrids.com\/de\/wie-sie-sich-um-ihre-trainer-kuemmern\/\">Wie Sie sich um Ihre Trainer k\u00fcmmern<\/a>\r\n                    <\/h3>\r\n                    <p class=\"blog-date\">Mai 26, 2025<\/p>\r\n                    <p class=\"blog-excerpt\">Schuhe, die richtig gepflegt werden, f\u00fchlen sich besser an und halten l\u00e4nger. Die Pflege der Schuhe, die Sie zum Trainieren und Wandern verwenden, ist keine gro\u00dfe Sache - aber sie macht einen gro\u00dfen Unterschied. Wenn Sie sie regelm\u00e4\u00dfig reinigen, trocknen, l\u00fcften und impr\u00e4gnieren, k\u00f6nnen Sie sie doppelt so lange halten lassen.<\/p>\r\n                <\/div>\r\n                <div class=\"blog-image\">\r\n                    <img decoding=\"async\" src=\"https:\/\/valfrids.com\/wp-content\/uploads\/2025\/05\/denny-muller-Zs9vSUDiD-I-unsplash-s-600x400.jpg\" alt=\"Wie Sie sich um Ihre Trainer k\u00fcmmern\">\r\n                <\/div>\r\n            <\/div>\r\n                                            <div class=\"blog-item\">\r\n                <div class=\"blog-content\">\r\n                    <h3 class=\"blog-title\">\r\n                        <a href=\"https:\/\/valfrids.com\/de\/premiere-von-valfrids\/\">Premiere von Valfrids<\/a>\r\n                    <\/h3>\r\n                    <p class=\"blog-date\">August 23, 2024<\/p>\r\n                    <p class=\"blog-excerpt\">Premiere von Valfrids.com am 23. August 2024. Das Sortiment besteht aus den fantastischen Produkten von German Tapir, einer breiten Palette. Sie sind vor allem f\u00fcr die Schuhpflege bekannt, aber es gibt auch Produkte f\u00fcr M\u00f6bel, das Haus und das Leben im Freien. Pflegen Sie Ihre wertvollen pers\u00f6nlichen Gegenst\u00e4nde so wie vor 200 Jahren! Die Rezepte [...]<\/p>\r\n                <\/div>\r\n                <div class=\"blog-image\">\r\n                    <img decoding=\"async\" src=\"https:\/\/valfrids.com\/wp-content\/uploads\/2024\/08\/Tapir-produkter-pa-mossa-800x340.jpg\" alt=\"Premiere von Valfrids\">\r\n                <\/div>\r\n            <\/div>\r\n            <\/div>\r\n\n\n\n","protected":false},"excerpt":{"rendered":"","protected":false},"author":2,"featured_media":0,"parent":0,"menu_order":0,"comment_status":"closed","ping_status":"closed","template":"","meta":{"footnotes":""},"class_list":["post-1967","page","type-page","status-publish","hentry"],"_links":{"self":[{"href":"https:\/\/valfrids.com\/de\/wp-json\/wp\/v2\/pages\/1967","targetHints":{"allow":["GET"]}}],"collection":[{"href":"https:\/\/valfrids.com\/de\/wp-json\/wp\/v2\/pages"}],"about":[{"href":"https:\/\/valfrids.com\/de\/wp-json\/wp\/v2\/types\/page"}],"author":[{"embeddable":true,"href":"https:\/\/valfrids.com\/de\/wp-json\/wp\/v2\/users\/2"}],"replies":[{"embeddable":true,"href":"https:\/\/valfrids.com\/de\/wp-json\/wp\/v2\/comments?post=1967"}],"version-history":[{"count":2,"href":"https:\/\/valfrids.com\/de\/wp-json\/wp\/v2\/pages\/1967\/revisions"}],"predecessor-version":[{"id":1974,"href":"https:\/\/valfrids.com\/de\/wp-json\/wp\/v2\/pages\/1967\/revisions\/1974"}],"wp:attachment":[{"href":"https:\/\/valfrids.com\/de\/wp-json\/wp\/v2\/media?parent=1967"}],"curies":[{"name":"wp","href":"https:\/\/api.w.org\/{rel}","templated":true}]}}