{"id":1305,"date":"2024-08-05T13:56:25","date_gmt":"2024-08-05T13:56:25","guid":{"rendered":"https:\/\/valfrids.com\/bedingungen-fuer-den-kauf\/"},"modified":"2024-12-02T18:25:04","modified_gmt":"2024-12-02T18:25:04","slug":"bedingungen-fuer-den-kauf","status":"publish","type":"page","link":"https:\/\/valfrids.com\/de\/bedingungen-fuer-den-kauf\/","title":{"rendered":"Bedingungen f\u00fcr den Kauf"},"content":{"rendered":"\n\t<section class=\"section\" id=\"section_1550728038\">\n\t\t<div class=\"bg section-bg fill bg-fill  bg-loaded\" >\n\n\t\t\t\n\t\t\t<div class=\"section-bg-overlay absolute fill\"><\/div>\n\t\t\t\n\n\t\t<\/div>\n\n\t\t\n\n\t\t<div class=\"section-content relative\">\n\t\t\t\n\n<div class=\"row row-large align-middle\"  id=\"row-1148420577\">\n\n\n\t<div id=\"col-1487857378\" class=\"col medium-6 small-12 large-6\"  >\n\t\t\t\t<div class=\"col-inner text-left\"  >\n\t\t\t\n\t\t\t\n\n<h1>Bedingungen f\u00fcr den Kauf<\/h1>\n<h3>Versand und Lieferungen<\/h3>\n<p><span style=\"color: #423e3e;\">Wir versenden die Waren jeden Werktag von unserem Lager in T\u00e4by bei Stockholm.<\/span><br><span style=\"color: #423e3e;\">Die Lieferung innerhalb Schwedens dauert in der Regel 2-3 Tage, je nachdem, wo Sie wohnen.<br>Normalerweise versenden wir mit DHL an Agenten, aber f\u00fcr kleinere Sendungen k\u00f6nnen wir auch Postnord w\u00e4hlen.<\/span><br><span style=\"color: #423e3e;\">Valfrids In der Benachrichtigung von DHL steht \/ Logcare AB.<\/span><\/p>\n<p><span style=\"color: #423e3e;\">Wie hoch sind die Kosten f\u00fcr den Versand?<\/span><br><span style=\"color: #423e3e;\">Schweden \u00fcber 500 kr &#8211; kostenlos.<\/span><br><span style=\"color: #423e3e;\">Schweden unter 500 kr &#8211; 49 kr.<\/span><br><span style=\"color: #423e3e;\">Skandinavien und die baltischen Staaten &#8211; kostenlos ab 600 \u20ac, sonst 79 \u20ac.<\/span><br><span style=\"color: #423e3e;\">EU &#8211; 89 kr<\/span><br><span style=\"color: #423e3e;\">Rest der Welt &#8211; 195 kr.<\/span><\/p>\n<p><span style=\"color: #423e3e;\">Wir versenden in die ganze Welt.  <\/span><br><span style=\"color: #423e3e;\">Wenn Sie in Norwegen oder au\u00dferhalb der EU leben, m\u00fcssen Sie m\u00f6glicherweise Zollgeb\u00fchren bezahlen.<\/span><\/p>\n\n\t\t<\/div>\n\t\t\t\t\n<style>\n#col-1487857378 > .col-inner {\n  padding: 0px 0px 0px 13px;\n  margin: 0px 0px 0px 6px;\n}\n<\/style>\n\t<\/div>\n\n\t\n\n\t<div id=\"col-186642618\" class=\"col medium-6 small-12 large-6\"  >\n\t\t\t\t<div class=\"col-inner text-center\"  >\n\t\t\t\n\t\t\t\n\n\t<div class=\"img has-hover x md-x lg-x y md-y lg-y\" id=\"image_1432173322\">\n\t\t\t\t\t\t\t\t<div class=\"img-inner dark\" >\n\t\t\t<img loading=\"lazy\" decoding=\"async\" width=\"480\" height=\"720\" src=\"https:\/\/valfrids.com\/wp-content\/uploads\/2024\/08\/driving-katten.jpg\" class=\"attachment-large size-large\" alt=\"En cool katt med orange solglas\u00f6gon k\u00f6r en \u00f6ppen orange sportbil p\u00e5 en motorv\u00e4g ute p\u00e5 landet, solen skiner\" srcset=\"https:\/\/valfrids.com\/wp-content\/uploads\/2024\/08\/driving-katten.jpg 480w, https:\/\/valfrids.com\/wp-content\/uploads\/2024\/08\/driving-katten-267x400.jpg 267w\" sizes=\"auto, (max-width: 480px) 100vw, 480px\" \/>\t\t\t\t\t\t\n\t\t\t\t\t<\/div>\n\t\t\t\t\t\t\t\t\n<style>\n#image_1432173322 {\n  width: 72%;\n}\n<\/style>\n\t<\/div>\n\t\n\n\n\t\t<\/div>\n\t\t\t\t\t<\/div>\n\n\t\n\n<\/div>\n\n\t\t<\/div>\n\n\t\t\n<style>\n#section_1550728038 {\n  padding-top: 0px;\n  padding-bottom: 0px;\n  margin-bottom: 0px;\n  background-color: rgb(193, 193, 193);\n}\n#section_1550728038 .section-bg-overlay {\n  background-color: rgba(255, 255, 255, 0.85);\n}\n<\/style>\n\t<\/section>\n\t\n\t<section class=\"section\" id=\"section_575148326\">\n\t\t<div class=\"bg section-bg fill bg-fill  bg-loaded\" >\n\n\t\t\t\n\t\t\t<div class=\"section-bg-overlay absolute fill\"><\/div>\n\t\t\t\n\n\t\t<\/div>\n\n\t\t\n\n\t\t<div class=\"section-content relative\">\n\t\t\t\n\n<section id=\"section_698846005\" class=\"section hide-for-medium\">\n<div class=\"section-content relative\">\n<div id=\"text-4094024025\" class=\"text\">\n<div id=\"col-1164368040\" class=\"col medium-9 small-12 large-9\">\n<div class=\"col-inner\">\n<h3>Bezahlen Sie<\/h3>\n<p><span style=\"color: #423e3e;\">Sie k\u00f6nnen mit bezahlen:<\/span><br><span style=\"color: #423e3e;\">1) Karten, \u00fcber Payson.<\/span><br><span style=\"color: #423e3e;\">2) Rechnung (die Rechnung kommt von Payson\/Svea).<\/span><br><span style=\"color: #423e3e;\">3) Swish &#8211; Beachten Sie, dass die Svea Bank AB als Empf\u00e4nger auf Swish angegeben ist.<\/span><\/p>\n<p><span style=\"color: #423e3e;\">Beim Bezahlen werden Ihre Adressdaten automatisch heruntergeladen.\nWenn die Informationen nicht korrekt sind oder Sie sie selbst ausf\u00fcllen m\u00f6chten, k\u00f6nnen Sie die geladenen Informationen l\u00f6schen und sie selbst eingeben. <\/span><\/p>\n<p><span style=\"color: #423e3e;\">Die Zahlungen werden von <a href=\"https:\/\/www.payson.se\/sv\/\" target=\"_blank\" rel=\"noopener\">Payson<\/a> abgewickelt, einer der gro\u00dfen und angesehenen Zahlungsl\u00f6sungen in Skandinavien.<\/span><br><span style=\"color: #423e3e;\">Wir verarbeiten keine Kartendaten.\nAuch speichern wir keine Daten. <\/span><\/p>\n<h3>Hilfe!<\/h3>\n<p><span style=\"color: #423e3e;\">Pers\u00f6nlicher Service!\nZ\u00f6gern Sie nicht zu fragen.\nWir werden Ihnen helfen.\nTelefon 010 205 00 12.\nOder mailen Sie uns (die Adresse finden Sie unter    <\/span> <a href=\"https:\/\/hildestahl.com\/kontakt\/\" target=\"_blank\" rel=\"noopener\">Kontakt<\/a>).<br><span style=\"color: #423e3e;\">Wenn Sie Hilfe beim Einkaufen in unserem Webshop ben\u00f6tigen, rufen Sie uns an und wir helfen Ihnen gerne weiter.\nAber es ist ganz einfach, bei uns einzukaufen. <\/span><\/p>\n<h3><span style=\"color: #423e3e;\">Preise<\/span><\/h3>\n<p><span style=\"color: #423e3e;\">Ist in SEK.\nMEHRWERTSTEUER 25%. <\/span><br><span style=\"color: #423e3e;\">Sie k\u00f6nnen mit Karten aus anderen L\u00e4ndern einkaufen, die W\u00e4hrung wird in Ihre W\u00e4hrung umgerechnet.<\/span><\/p>\n<p><span style=\"color: #423e3e;\">&#8222;Was Sie sehen, ist das, was Sie bekommen&#8220;.\nWas Sie im Webshop sehen, ist genau das, was Sie bekommen, wenn Sie bestellen. <\/span><\/p>\n<h3>Online oder im Gesch\u00e4ft?<\/h3>\n<p><span style=\"color: #333333;\">&#8222;Haben Sie ein Ladengesch\u00e4ft?&#8220;, werden wir manchmal gefragt.\nNein, im Moment leider nicht.\nWir sind nur online erh\u00e4ltlich.\nWenn Sie in Stockholm wohnen, ist es jedoch m\u00f6glich, die Produkte direkt in unserem Lager abzuholen, da wir uns in T\u00e4by befinden.\nBitte kontaktieren Sie uns in diesem Fall.    <\/span><\/p>\n<h3>Bereuen Sie es?<\/h3>\n<p><span style=\"color: #423e3e;\">Sie k\u00f6nnen einen Artikel innerhalb von 14 Tagen zur\u00fccksenden, wenn Sie Ihre Meinung ge\u00e4ndert haben, egal aus welchem Grund.\nDer Artikel muss nat\u00fcrlich unge\u00f6ffnet\/unbenutzt sein. <\/span><br><span style=\"color: #423e3e;\">Wenn wir ein falsches Produkt verschickt oder einen Fehler gemacht haben, werden wir diesen nat\u00fcrlich korrigieren.<\/span><br><span style=\"color: #423e3e;\">Sobald wir die zur\u00fcckgesendeten Waren erhalten, werden wir Ihnen das Geld so schnell wie m\u00f6glich zur\u00fcckschicken.<\/span><\/p>\n<p><span style=\"color: #423e3e;\"><strong>Wenn Sie etwas zur\u00fcckschicken m\u00f6chten, nehmen Sie bitte zuerst Kontakt mit uns auf!<\/strong> Wir schicken Ihnen dann <strong>einen R\u00fccksendeschein<\/strong> und \u00fcbernehmen die Versandkosten.<\/span><\/p>\n<p><span style=\"color: #423e3e;\">Valfrids.com wird von Hildest\u00e5hl Grosshandel betrieben.<\/span><br><span style=\"color: #423e3e;\">Midg\u00e5rdsv\u00e4gen 16<\/span><br><span style=\"color: #423e3e;\">18774 T\u00e4by<\/span><br><span style=\"color: #423e3e;\">Tel 010 205 00 12<\/span><br><span style=\"color: #423e3e;\">Org nr 710325-0192<\/span><\/p>\n<\/div>\n<\/div>\n<\/div>\n<\/div>\n<\/section>\n\n\t\t<\/div>\n\n\t\t\n<style>\n#section_575148326 {\n  padding-top: 0px;\n  padding-bottom: 0px;\n  margin-bottom: 0px;\n  background-color: rgb(204, 204, 204);\n}\n#section_575148326 .section-bg-overlay {\n  background-color: rgba(255, 255, 255, 0.85);\n}\n@media (min-width:850px) {\n  #section_575148326 {\n    padding-top: 0px;\n    padding-bottom: 0px;\n  }\n}\n<\/style>\n\t<\/section>\n\t\n\n","protected":false},"excerpt":{"rendered":"","protected":false},"author":1,"featured_media":0,"parent":0,"menu_order":0,"comment_status":"closed","ping_status":"closed","template":"","meta":{"footnotes":""},"class_list":["post-1305","page","type-page","status-publish","hentry"],"_links":{"self":[{"href":"https:\/\/valfrids.com\/de\/wp-json\/wp\/v2\/pages\/1305","targetHints":{"allow":["GET"]}}],"collection":[{"href":"https:\/\/valfrids.com\/de\/wp-json\/wp\/v2\/pages"}],"about":[{"href":"https:\/\/valfrids.com\/de\/wp-json\/wp\/v2\/types\/page"}],"author":[{"embeddable":true,"href":"https:\/\/valfrids.com\/de\/wp-json\/wp\/v2\/users\/1"}],"replies":[{"embeddable":true,"href":"https:\/\/valfrids.com\/de\/wp-json\/wp\/v2\/comments?post=1305"}],"version-history":[{"count":4,"href":"https:\/\/valfrids.com\/de\/wp-json\/wp\/v2\/pages\/1305\/revisions"}],"predecessor-version":[{"id":1894,"href":"https:\/\/valfrids.com\/de\/wp-json\/wp\/v2\/pages\/1305\/revisions\/1894"}],"wp:attachment":[{"href":"https:\/\/valfrids.com\/de\/wp-json\/wp\/v2\/media?parent=1305"}],"curies":[{"name":"wp","href":"https:\/\/api.w.org\/{rel}","templated":true}]}}