{"id":1126,"date":"2024-08-28T13:55:08","date_gmt":"2024-08-28T13:55:08","guid":{"rendered":"https:\/\/valfrids.com\/sauberes-zuhause\/"},"modified":"2025-07-16T12:09:14","modified_gmt":"2025-07-16T12:09:14","slug":"sauberes-zuhause","status":"publish","type":"page","link":"https:\/\/valfrids.com\/de\/sauberes-zuhause\/","title":{"rendered":"Sauberes Zuhause"},"content":{"rendered":"\n\t<div class=\"img has-hover x md-x lg-x y md-y lg-y\" id=\"image_429643249\">\n\t\t\t\t\t\t\t\t<div class=\"img-inner dark\" >\n\t\t\t<img loading=\"lazy\" decoding=\"async\" width=\"1020\" height=\"624\" src=\"https:\/\/valfrids.com\/wp-content\/uploads\/2024\/08\/kate-laine-oygR8jkj4mE-unsplash-r-s-med-ram-1307x800.jpg\" class=\"attachment-large size-large\" alt=\"Valfrids.com kategoribild f\u00f6r st\u00e4dsortiment, tv\u00e4ttsvampar och en h\u00e5rd tv\u00e5l\" srcset=\"https:\/\/valfrids.com\/wp-content\/uploads\/2024\/08\/kate-laine-oygR8jkj4mE-unsplash-r-s-med-ram-1307x800.jpg 1307w, https:\/\/valfrids.com\/wp-content\/uploads\/2024\/08\/kate-laine-oygR8jkj4mE-unsplash-r-s-med-ram-653x400.jpg 653w, https:\/\/valfrids.com\/wp-content\/uploads\/2024\/08\/kate-laine-oygR8jkj4mE-unsplash-r-s-med-ram-768x470.jpg 768w, https:\/\/valfrids.com\/wp-content\/uploads\/2024\/08\/kate-laine-oygR8jkj4mE-unsplash-r-s-med-ram-600x367.jpg 600w, https:\/\/valfrids.com\/wp-content\/uploads\/2024\/08\/kate-laine-oygR8jkj4mE-unsplash-r-s-med-ram.jpg 1400w\" sizes=\"auto, (max-width: 1020px) 100vw, 1020px\" \/>\t\t\t\t\t\t\n\t\t\t\t\t<\/div>\n\t\t\t\t\t\t\t\t\n<style>\n#image_429643249 {\n  width: 100%;\n}\n<\/style>\n\t<\/div>\n\t\n\n\t<div id=\"gap-1318798381\" class=\"gap-element clearfix\" style=\"display:block; height:auto;\">\n\t\t\n<style>\n#gap-1318798381 {\n  padding-top: 30px;\n}\n<\/style>\n\t<\/div>\n\t\n\n<div class=\"container section-title-container\" ><h1 class=\"section-title section-title-normal\"><b><\/b><span class=\"section-title-main\" >Rent hem - produkter f\u00f6r ett rent, skinande och v\u00e4ldoftande hem<\/span><b><\/b><\/h1><\/div>\n\n\t\n  \n    <div class=\"row large-columns-4 medium-columns-3 small-columns-2 row-small\" >\n  <\/div>\n\n\n","protected":false},"excerpt":{"rendered":"","protected":false},"author":1,"featured_media":0,"parent":0,"menu_order":0,"comment_status":"closed","ping_status":"closed","template":"","meta":{"footnotes":""},"class_list":["post-1126","page","type-page","status-publish","hentry"],"_links":{"self":[{"href":"https:\/\/valfrids.com\/de\/wp-json\/wp\/v2\/pages\/1126","targetHints":{"allow":["GET"]}}],"collection":[{"href":"https:\/\/valfrids.com\/de\/wp-json\/wp\/v2\/pages"}],"about":[{"href":"https:\/\/valfrids.com\/de\/wp-json\/wp\/v2\/types\/page"}],"author":[{"embeddable":true,"href":"https:\/\/valfrids.com\/de\/wp-json\/wp\/v2\/users\/1"}],"replies":[{"embeddable":true,"href":"https:\/\/valfrids.com\/de\/wp-json\/wp\/v2\/comments?post=1126"}],"version-history":[{"count":12,"href":"https:\/\/valfrids.com\/de\/wp-json\/wp\/v2\/pages\/1126\/revisions"}],"predecessor-version":[{"id":2324,"href":"https:\/\/valfrids.com\/de\/wp-json\/wp\/v2\/pages\/1126\/revisions\/2324"}],"wp:attachment":[{"href":"https:\/\/valfrids.com\/de\/wp-json\/wp\/v2\/media?parent=1126"}],"curies":[{"name":"wp","href":"https:\/\/api.w.org\/{rel}","templated":true}]}}