{"id":1095,"date":"2024-07-23T17:28:48","date_gmt":"2024-07-23T17:28:48","guid":{"rendered":"https:\/\/valfrids.com\/ueber-tapir\/"},"modified":"2025-04-30T23:03:16","modified_gmt":"2025-04-30T23:03:16","slug":"ueber-tapir","status":"publish","type":"page","link":"https:\/\/valfrids.com\/de\/ueber-tapir\/","title":{"rendered":"\u00dcber Tapir"},"content":{"rendered":"\n<h1><span style=\"color: #333333; font-size: 90%;\">\u00dcber Tapir<\/span><\/h1>\n<p><span style=\"color: #333333;\">Das Familienunternehmen Tapir begann mit der Schuhpflege, aber jetzt geht das Sortiment dar\u00fcber hinaus. Wir von Valfrids verwenden ihre Schuhprodukte pers\u00f6nlich seit \u00fcber 15 Jahren. Besonders gut gef\u00e4llt uns, dass sie keine petrochemischen L\u00f6sungsmittel oder andere scharfe Chemikalien enthalten. Wir sch\u00e4tzen ihre handwerklich orientierte und \u00e4u\u00dferst qualit\u00e4tsbewusste Philosophie.   <\/span><\/p>\n<p><span style=\"color: #333333;\">Tapir hat sich schon immer auf nat\u00fcrliche Rohstoffe verlassen. Jeder einzelne Inhaltsstoff, ob Carnaubawachs f\u00fcr Glanz, Lanolin f\u00fcr Schutz oder n\u00e4hrendes Bienenwachs, verleiht den Produkten einzigartige Eigenschaften. Das umfangreiche Sortiment von Tapir deckt alles ab, was Sie f\u00fcr die perfekte Pflege brauchen &#8211; f\u00fcr Ihr Zuhause, Ihre Kleidung und Schuhe, sogar f\u00fcr Ihr Auto oder Motorrad.  <\/span><\/p>\n\t<div class=\"img has-hover hide-for-small x md-x lg-x y md-y lg-y\" id=\"image_1614913556\">\n\t\t\t\t\t\t\t\t<div class=\"img-inner dark\" style=\"margin:0px 0px 12px 0px;\">\n\t\t\t<img loading=\"lazy\" decoding=\"async\" width=\"1020\" height=\"782\" src=\"https:\/\/valfrids.com\/wp-content\/uploads\/2024\/08\/Fyllning-och-hus-mix-Tapir-1044x800.jpg\" class=\"attachment-large size-large\" alt=\"Tapirs fabrik i Tyskland\" srcset=\"https:\/\/valfrids.com\/wp-content\/uploads\/2024\/08\/Fyllning-och-hus-mix-Tapir-1044x800.jpg 1044w, https:\/\/valfrids.com\/wp-content\/uploads\/2024\/08\/Fyllning-och-hus-mix-Tapir-522x400.jpg 522w, https:\/\/valfrids.com\/wp-content\/uploads\/2024\/08\/Fyllning-och-hus-mix-Tapir-768x589.jpg 768w, https:\/\/valfrids.com\/wp-content\/uploads\/2024\/08\/Fyllning-och-hus-mix-Tapir-1536x1177.jpg 1536w, https:\/\/valfrids.com\/wp-content\/uploads\/2024\/08\/Fyllning-och-hus-mix-Tapir-600x460.jpg 600w, https:\/\/valfrids.com\/wp-content\/uploads\/2024\/08\/Fyllning-och-hus-mix-Tapir.jpg 1797w\" sizes=\"auto, (max-width: 1020px) 100vw, 1020px\" \/>\t\t\t\t\t\t\n\t\t\t\t\t<\/div>\n\t\t\t\t\t\t\t\t\n<style>\n#image_1614913556 {\n  width: 84%;\n}\n<\/style>\n\t<\/div>\n\t\n\n\t<div class=\"img has-hover show-for-small x md-x lg-x y md-y lg-y\" id=\"image_805779928\">\n\t\t\t\t\t\t\t\t<div class=\"img-inner dark\" style=\"margin:0px 0px 12px 0px;\">\n\t\t\t<img loading=\"lazy\" decoding=\"async\" width=\"1020\" height=\"782\" src=\"https:\/\/valfrids.com\/wp-content\/uploads\/2024\/08\/Fyllning-och-hus-mix-Tapir-1044x800.jpg\" class=\"attachment-large size-large\" alt=\"Tapirs fabrik i Tyskland\" srcset=\"https:\/\/valfrids.com\/wp-content\/uploads\/2024\/08\/Fyllning-och-hus-mix-Tapir-1044x800.jpg 1044w, https:\/\/valfrids.com\/wp-content\/uploads\/2024\/08\/Fyllning-och-hus-mix-Tapir-522x400.jpg 522w, https:\/\/valfrids.com\/wp-content\/uploads\/2024\/08\/Fyllning-och-hus-mix-Tapir-768x589.jpg 768w, https:\/\/valfrids.com\/wp-content\/uploads\/2024\/08\/Fyllning-och-hus-mix-Tapir-1536x1177.jpg 1536w, https:\/\/valfrids.com\/wp-content\/uploads\/2024\/08\/Fyllning-och-hus-mix-Tapir-600x460.jpg 600w, https:\/\/valfrids.com\/wp-content\/uploads\/2024\/08\/Fyllning-och-hus-mix-Tapir.jpg 1797w\" sizes=\"auto, (max-width: 1020px) 100vw, 1020px\" \/>\t\t\t\t\t\t\n\t\t\t\t\t<\/div>\n\t\t\t\t\t\t\t\t\n<style>\n#image_805779928 {\n  width: 100%;\n}\n@media (min-width:550px) {\n  #image_805779928 {\n    width: 84%;\n  }\n}\n<\/style>\n\t<\/div>\n\t\n\n<p><span style=\"color: #333333;\"><em>Auf dem Land vor den Toren Hannovers haben sie ihre idyllisch gelegene Produktionsst\u00e4tte. Alles wird von Hand gemacht. <\/em> <br><\/span><\/p>\n<p><span style=\"color: #333333;\">In Tapir wurde eine gro\u00dfe Anzahl von antiken Rezeptb\u00fcchern gesammelt. Viele von ihnen galten als verschollen. Die wiederentdeckten Rezeptb\u00fccher waren oft mehr als 100 Jahre alt und entpuppten sich als echter Schatz. Sie lehren uns, wie man vor langer Zeit Pflegeprodukte herstellte, bevor petrochemische Rohstoffe verwendet wurden. So pflegten die Menschen vor Generationen ihre Schuhe, Kleidung und H\u00e4user. Ein Paar Schuhe wurde sorgf\u00e4ltig gepflegt und konnte fast ein Leben lang halten. In den Pflegeprodukten von gestern waren nat\u00fcrliche Wachse, \u00d6le und L\u00f6sungsmittel die Grundzutaten.      <\/span><\/p>\n\t<div class=\"img has-hover hide-for-small x md-x lg-x y md-y lg-y\" id=\"image_469455002\">\n\t\t\t\t\t\t\t\t<div class=\"img-inner dark\" style=\"margin:0px 0px 24px 0px;\">\n\t\t\t<img loading=\"lazy\" decoding=\"async\" width=\"1020\" height=\"681\" src=\"https:\/\/valfrids.com\/wp-content\/uploads\/2024\/07\/Lederbalsam-7-1198x800.jpg\" class=\"attachment-large size-large\" alt=\"Tapir skokr\u00e4m anv\u00e4nds p\u00e5 en liten borste f\u00f6r att v\u00e5rda ett par r\u00f6dbruna vuxenskor i l\u00e4der\" srcset=\"https:\/\/valfrids.com\/wp-content\/uploads\/2024\/07\/Lederbalsam-7-1198x800.jpg 1198w, https:\/\/valfrids.com\/wp-content\/uploads\/2024\/07\/Lederbalsam-7-599x400.jpg 599w, https:\/\/valfrids.com\/wp-content\/uploads\/2024\/07\/Lederbalsam-7-768x513.jpg 768w, https:\/\/valfrids.com\/wp-content\/uploads\/2024\/07\/Lederbalsam-7-1536x1026.jpg 1536w, https:\/\/valfrids.com\/wp-content\/uploads\/2024\/07\/Lederbalsam-7-600x401.jpg 600w, https:\/\/valfrids.com\/wp-content\/uploads\/2024\/07\/Lederbalsam-7.jpg 1920w\" sizes=\"auto, (max-width: 1020px) 100vw, 1020px\" \/>\t\t\t\t\t\t\n\t\t\t\t\t<\/div>\n\t\t\t\t\t\t\t\t\n<style>\n#image_469455002 {\n  width: 84%;\n}\n<\/style>\n\t<\/div>\n\t\n\n\t<div class=\"img has-hover show-for-small x md-x lg-x y md-y lg-y\" id=\"image_1215126511\">\n\t\t\t\t\t\t\t\t<div class=\"img-inner dark\" style=\"margin:0px 0px 24px 0px;\">\n\t\t\t<img loading=\"lazy\" decoding=\"async\" width=\"1020\" height=\"681\" src=\"https:\/\/valfrids.com\/wp-content\/uploads\/2024\/07\/Lederbalsam-7-1198x800.jpg\" class=\"attachment-large size-large\" alt=\"Tapir skokr\u00e4m anv\u00e4nds p\u00e5 en liten borste f\u00f6r att v\u00e5rda ett par r\u00f6dbruna vuxenskor i l\u00e4der\" srcset=\"https:\/\/valfrids.com\/wp-content\/uploads\/2024\/07\/Lederbalsam-7-1198x800.jpg 1198w, https:\/\/valfrids.com\/wp-content\/uploads\/2024\/07\/Lederbalsam-7-599x400.jpg 599w, https:\/\/valfrids.com\/wp-content\/uploads\/2024\/07\/Lederbalsam-7-768x513.jpg 768w, https:\/\/valfrids.com\/wp-content\/uploads\/2024\/07\/Lederbalsam-7-1536x1026.jpg 1536w, https:\/\/valfrids.com\/wp-content\/uploads\/2024\/07\/Lederbalsam-7-600x401.jpg 600w, https:\/\/valfrids.com\/wp-content\/uploads\/2024\/07\/Lederbalsam-7.jpg 1920w\" sizes=\"auto, (max-width: 1020px) 100vw, 1020px\" \/>\t\t\t\t\t\t\n\t\t\t\t\t<\/div>\n\t\t\t\t\t\t\t\t\n<style>\n#image_1215126511 {\n  width: 100%;\n}\n<\/style>\n\t<\/div>\n\t\n\n<p><span style=\"color: #333333;\">Der Gr\u00fcnder von Tapir, Bodo, erz\u00e4hlte uns auf Valfrids als Beispiel daf\u00fcr, wie sorgf\u00e4ltig sie mit ihren Rohstoffen umgehen, dass sie versucht haben, Leinsamen\u00f6l in gro\u00dfen Mengen auf dem europ\u00e4ischen Markt zu kaufen. Aber die Qualit\u00e4t war zu uneinheitlich. Sie mussten den Kontakt zu einem Erzeuger herstellen und eine gleichbleibende Qualit\u00e4t sicherstellen. Also wurde eine Vereinbarung mit einem \u00f6rtlichen Landwirt getroffen, er begann mit dem Anbau von Flachs und Tapir versprach, die gesamte Ernte zu kaufen. Auf diese Weise konnten sie direkt mit dem Erzeuger in Kontakt treten und wussten, welche Qualit\u00e4t sie bekamen. Der Flachs wird biologisch angebaut, was teurer ist als der Kauf auf dem freien Markt, aber es garantiert die gew\u00fcnschte Qualit\u00e4t.     <\/span><\/p>\n\t<div class=\"img has-hover x md-x lg-x y md-y lg-y\" id=\"image_551445692\">\n\t\t\t\t\t\t\t\t<div class=\"img-inner dark\" style=\"margin:0px 0px 15px 0px;\">\n\t\t\t<img loading=\"lazy\" decoding=\"async\" width=\"1020\" height=\"340\" src=\"https:\/\/valfrids.com\/wp-content\/uploads\/2024\/08\/Rohstoffe-mix-s-1400x467.jpeg\" class=\"attachment-large size-large\" alt=\"\" srcset=\"https:\/\/valfrids.com\/wp-content\/uploads\/2024\/08\/Rohstoffe-mix-s-1400x467.jpeg 1400w, https:\/\/valfrids.com\/wp-content\/uploads\/2024\/08\/Rohstoffe-mix-s-800x267.jpeg 800w, https:\/\/valfrids.com\/wp-content\/uploads\/2024\/08\/Rohstoffe-mix-s-768x256.jpeg 768w, https:\/\/valfrids.com\/wp-content\/uploads\/2024\/08\/Rohstoffe-mix-s-1536x512.jpeg 1536w, https:\/\/valfrids.com\/wp-content\/uploads\/2024\/08\/Rohstoffe-mix-s-600x200.jpeg 600w, https:\/\/valfrids.com\/wp-content\/uploads\/2024\/08\/Rohstoffe-mix-s.jpeg 2000w\" sizes=\"auto, (max-width: 1020px) 100vw, 1020px\" \/>\t\t\t\t\t\t\n\t\t\t\t\t<\/div>\n\t\t\t\t\t\t\t\t\n<style>\n#image_551445692 {\n  width: 100%;\n}\n<\/style>\n\t<\/div>\n\t\n\n<p><span style=\"color: #333333;\">Es werden Wachse, Harze, Fette, \u00d6le und L\u00f6sungsmittel verwendet, die allesamt pflanzlichen Ursprungs sind. Hochwertige und nat\u00fcrliche Rohstoffe, die aus vier Kontinenten stammen, bilden die Grundlage f\u00fcr die einzigartigen Rezepturen der Tapir-Produkte. Getreu dem Motto des Gr\u00fcnders: &#8222;Nur das Beste ist gut genug!&#8220;  <\/span><\/p>\n\t<div class=\"img has-hover hide-for-small x md-x lg-x y md-y lg-y\" id=\"image_2072472884\">\n\t\t\t\t\t\t\t\t<div class=\"img-inner dark\" style=\"margin:12px 0px 29px 0px;\">\n\t\t\t<img loading=\"lazy\" decoding=\"async\" width=\"1020\" height=\"434\" src=\"https:\/\/valfrids.com\/wp-content\/uploads\/2024\/08\/Tapir-produkter-pa-mossa.jpg\" class=\"attachment-large size-large\" alt=\"Tapirs produkter utlagda p\u00e5 gr\u00f6na mossa\" srcset=\"https:\/\/valfrids.com\/wp-content\/uploads\/2024\/08\/Tapir-produkter-pa-mossa.jpg 1164w, https:\/\/valfrids.com\/wp-content\/uploads\/2024\/08\/Tapir-produkter-pa-mossa-800x340.jpg 800w, https:\/\/valfrids.com\/wp-content\/uploads\/2024\/08\/Tapir-produkter-pa-mossa-768x327.jpg 768w, https:\/\/valfrids.com\/wp-content\/uploads\/2024\/08\/Tapir-produkter-pa-mossa-600x255.jpg 600w\" sizes=\"auto, (max-width: 1020px) 100vw, 1020px\" \/>\t\t\t\t\t\t\n\t\t\t\t\t<\/div>\n\t\t\t\t\t\t\t\t\n<style>\n#image_2072472884 {\n  width: 84%;\n}\n<\/style>\n\t<\/div>\n\t\n\n\t<div class=\"img has-hover show-for-small x md-x lg-x y md-y lg-y\" id=\"image_1888807910\">\n\t\t\t\t\t\t\t\t<div class=\"img-inner dark\" style=\"margin:12px 0px 29px 0px;\">\n\t\t\t<img loading=\"lazy\" decoding=\"async\" width=\"1020\" height=\"434\" src=\"https:\/\/valfrids.com\/wp-content\/uploads\/2024\/08\/Tapir-produkter-pa-mossa.jpg\" class=\"attachment-large size-large\" alt=\"Tapirs produkter utlagda p\u00e5 gr\u00f6na mossa\" srcset=\"https:\/\/valfrids.com\/wp-content\/uploads\/2024\/08\/Tapir-produkter-pa-mossa.jpg 1164w, https:\/\/valfrids.com\/wp-content\/uploads\/2024\/08\/Tapir-produkter-pa-mossa-800x340.jpg 800w, https:\/\/valfrids.com\/wp-content\/uploads\/2024\/08\/Tapir-produkter-pa-mossa-768x327.jpg 768w, https:\/\/valfrids.com\/wp-content\/uploads\/2024\/08\/Tapir-produkter-pa-mossa-600x255.jpg 600w\" sizes=\"auto, (max-width: 1020px) 100vw, 1020px\" \/>\t\t\t\t\t\t\n\t\t\t\t\t<\/div>\n\t\t\t\t\t\t\t\t\n<style>\n#image_1888807910 {\n  width: 100%;\n}\n@media (min-width:550px) {\n  #image_1888807910 {\n    width: 84%;\n  }\n}\n<\/style>\n\t<\/div>\n\t\n\n<p><span style=\"color: #333333;\">Sehen Sie sich auch das Tapir-Sortiment an, das speziell f\u00fcr Autos, Boote und Motorr\u00e4der entwickelt wurde. Sie k\u00f6nnen es <a href=\"https:\/\/valfrids.com\/de\/auto-boot-und-motorrad\/\">hier finden .<\/a> <\/span><\/p>\n\t<div class=\"img has-hover hide-for-small x md-x lg-x y md-y lg-y\" id=\"image_858190302\">\n\t\t\t\t\t\t\t\t<div class=\"img-inner dark\" >\n\t\t\t<img loading=\"lazy\" decoding=\"async\" width=\"1020\" height=\"634\" src=\"https:\/\/valfrids.com\/wp-content\/uploads\/2024\/08\/Teamet-c-s-1287x800.jpg\" class=\"attachment-large size-large\" alt=\"Tapirs personal i fabriken i Tyskland samlade\" srcset=\"https:\/\/valfrids.com\/wp-content\/uploads\/2024\/08\/Teamet-c-s-1287x800.jpg 1287w, https:\/\/valfrids.com\/wp-content\/uploads\/2024\/08\/Teamet-c-s-643x400.jpg 643w, https:\/\/valfrids.com\/wp-content\/uploads\/2024\/08\/Teamet-c-s-768x478.jpg 768w, https:\/\/valfrids.com\/wp-content\/uploads\/2024\/08\/Teamet-c-s-600x373.jpg 600w, https:\/\/valfrids.com\/wp-content\/uploads\/2024\/08\/Teamet-c-s.jpg 1330w\" sizes=\"auto, (max-width: 1020px) 100vw, 1020px\" \/>\t\t\t\t\t\t\n\t\t\t\t\t<\/div>\n\t\t\t\t\t\t\t\t\n<style>\n#image_858190302 {\n  width: 84%;\n}\n<\/style>\n\t<\/div>\n\t\n\n\t<div class=\"img has-hover show-for-small x md-x lg-x y md-y lg-y\" id=\"image_1102181150\">\n\t\t\t\t\t\t\t\t<div class=\"img-inner dark\" >\n\t\t\t<img loading=\"lazy\" decoding=\"async\" width=\"1020\" height=\"634\" src=\"https:\/\/valfrids.com\/wp-content\/uploads\/2024\/08\/Teamet-c-s-1287x800.jpg\" class=\"attachment-large size-large\" alt=\"Tapirs personal i fabriken i Tyskland samlade\" srcset=\"https:\/\/valfrids.com\/wp-content\/uploads\/2024\/08\/Teamet-c-s-1287x800.jpg 1287w, https:\/\/valfrids.com\/wp-content\/uploads\/2024\/08\/Teamet-c-s-643x400.jpg 643w, https:\/\/valfrids.com\/wp-content\/uploads\/2024\/08\/Teamet-c-s-768x478.jpg 768w, https:\/\/valfrids.com\/wp-content\/uploads\/2024\/08\/Teamet-c-s-600x373.jpg 600w, https:\/\/valfrids.com\/wp-content\/uploads\/2024\/08\/Teamet-c-s.jpg 1330w\" sizes=\"auto, (max-width: 1020px) 100vw, 1020px\" \/>\t\t\t\t\t\t\n\t\t\t\t\t<\/div>\n\t\t\t\t\t\t\t\t\n<style>\n#image_1102181150 {\n  width: 100%;\n}\n@media (min-width:550px) {\n  #image_1102181150 {\n    width: 84%;\n  }\n}\n<\/style>\n\t<\/div>\n\t\n\n<p><em><span style=\"color: #333333;\">Auf dem Bild das Tapir-Team. Der Gr\u00fcnder Bodo ist der Vierte von rechts. Ganz rechts Hubert, der Valfrids in der Verwendung der Produkte unterrichtet.  <\/span><\/em><\/p>\n\n","protected":false},"excerpt":{"rendered":"","protected":false},"author":1,"featured_media":0,"parent":0,"menu_order":0,"comment_status":"closed","ping_status":"closed","template":"","meta":{"footnotes":""},"class_list":["post-1095","page","type-page","status-publish","hentry"],"_links":{"self":[{"href":"https:\/\/valfrids.com\/de\/wp-json\/wp\/v2\/pages\/1095","targetHints":{"allow":["GET"]}}],"collection":[{"href":"https:\/\/valfrids.com\/de\/wp-json\/wp\/v2\/pages"}],"about":[{"href":"https:\/\/valfrids.com\/de\/wp-json\/wp\/v2\/types\/page"}],"author":[{"embeddable":true,"href":"https:\/\/valfrids.com\/de\/wp-json\/wp\/v2\/users\/1"}],"replies":[{"embeddable":true,"href":"https:\/\/valfrids.com\/de\/wp-json\/wp\/v2\/comments?post=1095"}],"version-history":[{"count":3,"href":"https:\/\/valfrids.com\/de\/wp-json\/wp\/v2\/pages\/1095\/revisions"}],"predecessor-version":[{"id":1943,"href":"https:\/\/valfrids.com\/de\/wp-json\/wp\/v2\/pages\/1095\/revisions\/1943"}],"wp:attachment":[{"href":"https:\/\/valfrids.com\/de\/wp-json\/wp\/v2\/media?parent=1095"}],"curies":[{"name":"wp","href":"https:\/\/api.w.org\/{rel}","templated":true}]}}