{"id":1071,"date":"2024-07-23T17:27:56","date_gmt":"2024-07-23T17:27:56","guid":{"rendered":"https:\/\/valfrids.com\/ueber-valfrids\/"},"modified":"2025-04-30T23:03:15","modified_gmt":"2025-04-30T23:03:15","slug":"ueber-valfrids","status":"publish","type":"page","link":"https:\/\/valfrids.com\/de\/ueber-valfrids\/","title":{"rendered":"\u00dcber Valfrids"},"content":{"rendered":"\n<div class=\"container section-title-container\" ><h3 class=\"section-title section-title-center\"><b><\/b><span class=\"section-title-main\" >\u00dcber Valfrids<\/span><b><\/b><\/h3><\/div>\n\n<p><span style=\"font-size: 115%;\"><strong><span style=\"color: #333333;\">Leder und Holz sind wie Ihre Haut, Sie wollen sie nicht mit L\u00f6sungsmitteln und giftigen Chemikalien behandeln!<\/span><\/strong><\/span><\/p>\n<p><span style=\"color: #333333;\">Valfrids Alles begann im Jahr 2008, als der Gr\u00fcnder Jens einen Teakholztisch \u00f6len wollte &#8211; mit einem Holz\u00f6l auf L\u00f6sungsmittelbasis. Es wurde drinnen gemacht, der Geruch war unertr\u00e4glich und verursachte Kopfschmerzen. Dies f\u00fchrte zu der Erkenntnis, dass l\u00f6sungsmittelbasierte und chemische Produkte nicht so gut sind, weder f\u00fcr das Holz noch f\u00fcr die Menschen, die sie verwenden.<\/span><\/p>\n<p><span style=\"color: #663423;\"><em>&#8222;Mit einer gro\u00dfen Sammlung von Vintage-Stiefeln aus den 70er Jahren stellte sich nat\u00fcrlich die Frage, was man f\u00fcr sie verwenden sollte, wenn man nicht die billigen und d\u00fcnner riechenden Cremes aus den Schuhgesch\u00e4ften verwenden m\u00f6chte. Da ich wenig Erfahrung mit solchen Chemikalien habe und eine wachsende Sammlung von 50 Jahre alten Stiefeln aus wirklich hochwertigem Leder besitze, war es nur eine Frage der Wahl des richtigen Mittels.  <\/em><\/span><\/p>\n<p><span style=\"color: #663423;\"><em>Die Suche nach dem ultimativen Qualit\u00e4tsprodukt f\u00fcr Schuhe f\u00fchrte zu Tapir in Deutschland. Leder ist ein Naturprodukt, f\u00fcr das Sie keine petrochemischen L\u00f6sungsmittel <span style=\"color: #663423;\">verwenden<\/span> sollten. Nachdem ich Tapir viele Jahre lang privat f\u00fcr meine Sammlung von Vintage-Stiefeln und Lederjacken verwendet habe, habe ich sie schlie\u00dflich in Skandinavien verkauft und diese erstaunlichen Produkte anderen vorgestellt.<\/em><\/span><\/p>\n<p><span style=\"color: #663423;\">Au\u00dferdem f\u00fchrte ich die Taschenmarke <strong><em><a style=\"color: #663423;\" href=\"https:\/\/hildestahl-leathergoods.com\/\" target=\"_blank\" rel=\"noopener\">Hildest\u00e5hl<\/a><\/em><\/strong> mit einer Kollektion handgefertigter Ledertaschen, f\u00fcr die ich Leder aus europ\u00e4ischen Gerbereien von h\u00f6chster Qualit\u00e4t verwendete. Dort wurde die Wertsch\u00e4tzung f\u00fcr Handwerkskunst, nat\u00fcrliche Materialien und handwerkliche, traditionelle Produktion geweckt. Und nat\u00fcrlich auch f\u00fcr die richtige Pflege. &#8222;<\/span><\/p>\n<p><span style=\"color: #333333;\">Valfrids Seitdem ist das Sortiment gewachsen und umfasst Produkte f\u00fcr M\u00f6bel, Antiquit\u00e4ten, Haus, Auto und Outdoor.<br><\/span><span style=\"color: #333333;\">Valfrids begann mit Tapir. Lesen Sie <a href=\"https:\/\/valfrids.com\/de\/ueber-tapir\/\">hier<\/a> mehr \u00fcber die Geschichte von Tapir <a href=\"https:\/\/valfrids.com\/de\/ueber-tapir\/\">.<\/a><br><\/span><\/p>\n<div class=\"slider-wrapper relative\" id=\"slider-1063022220\" >\n    <div class=\"slider slider-nav-circle slider-nav-normal slider-nav-light slider-style-normal slider-show-nav\"\n        data-flickity-options='{\n            \"cellAlign\": \"center\",\n            \"imagesLoaded\": true,\n            \"lazyLoad\": 1,\n            \"freeScroll\": false,\n            \"wrapAround\": true,\n            \"autoPlay\": 1000,\n            \"pauseAutoPlayOnHover\" : true,\n            \"prevNextButtons\": true,\n            \"contain\" : true,\n            \"adaptiveHeight\" : true,\n            \"dragThreshold\" : 10,\n            \"percentPosition\": true,\n            \"pageDots\": true,\n            \"rightToLeft\": false,\n            \"draggable\": true,\n            \"selectedAttraction\": 0.1,\n            \"parallax\" : 0,\n            \"friction\": 0.6        }'\n        >\n        \n\n\t<div class=\"img has-hover x md-x lg-x y md-y lg-y\" id=\"image_1737035491\">\n\t\t\t\t\t\t\t\t<div class=\"img-inner dark\" >\n\t\t\t<img loading=\"lazy\" decoding=\"async\" width=\"550\" height=\"594\" src=\"https:\/\/valfrids.com\/wp-content\/uploads\/2024\/10\/Hildestahl_Weekend2.jpg\" class=\"attachment-large size-large\" alt=\"\" srcset=\"https:\/\/valfrids.com\/wp-content\/uploads\/2024\/10\/Hildestahl_Weekend2.jpg 550w, https:\/\/valfrids.com\/wp-content\/uploads\/2024\/10\/Hildestahl_Weekend2-370x400.jpg 370w\" sizes=\"auto, (max-width: 550px) 100vw, 550px\" \/>\t\t\t\t\t\t\n\t\t\t\t\t<\/div>\n\t\t\t\t\t\t\t\t\n<style>\n#image_1737035491 {\n  width: 100%;\n}\n<\/style>\n\t<\/div>\n\t\n\n\t<div class=\"img has-hover x md-x lg-x y md-y lg-y\" id=\"image_773647243\">\n\t\t\t\t\t\t\t\t<div class=\"img-inner dark\" >\n\t\t\t<img loading=\"lazy\" decoding=\"async\" width=\"550\" height=\"594\" src=\"https:\/\/valfrids.com\/wp-content\/uploads\/2024\/10\/Hildestahl_Valfrid_Tote6.jpg\" class=\"attachment-large size-large\" alt=\"\" srcset=\"https:\/\/valfrids.com\/wp-content\/uploads\/2024\/10\/Hildestahl_Valfrid_Tote6.jpg 550w, https:\/\/valfrids.com\/wp-content\/uploads\/2024\/10\/Hildestahl_Valfrid_Tote6-370x400.jpg 370w\" sizes=\"auto, (max-width: 550px) 100vw, 550px\" \/>\t\t\t\t\t\t\n\t\t\t\t\t<\/div>\n\t\t\t\t\t\t\t\t\n<style>\n#image_773647243 {\n  width: 100%;\n}\n<\/style>\n\t<\/div>\n\t\n\n\t<div class=\"img has-hover x md-x lg-x y md-y lg-y\" id=\"image_336242922\">\n\t\t\t\t\t\t\t\t<div class=\"img-inner dark\" >\n\t\t\t<img loading=\"lazy\" decoding=\"async\" width=\"550\" height=\"594\" src=\"https:\/\/valfrids.com\/wp-content\/uploads\/2024\/10\/Hildestahl_Weekend1.jpg\" class=\"attachment-large size-large\" alt=\"\" srcset=\"https:\/\/valfrids.com\/wp-content\/uploads\/2024\/10\/Hildestahl_Weekend1.jpg 550w, https:\/\/valfrids.com\/wp-content\/uploads\/2024\/10\/Hildestahl_Weekend1-370x400.jpg 370w\" sizes=\"auto, (max-width: 550px) 100vw, 550px\" \/>\t\t\t\t\t\t\n\t\t\t\t\t<\/div>\n\t\t\t\t\t\t\t\t\n<style>\n#image_336242922 {\n  width: 100%;\n}\n<\/style>\n\t<\/div>\n\t\n\n\t<div class=\"img has-hover x md-x lg-x y md-y lg-y\" id=\"image_176766798\">\n\t\t\t\t\t\t\t\t<div class=\"img-inner dark\" >\n\t\t\t<img loading=\"lazy\" decoding=\"async\" width=\"550\" height=\"594\" src=\"https:\/\/valfrids.com\/wp-content\/uploads\/2024\/10\/Hildestahl_Medium1_Duffel5.jpg\" class=\"attachment-large size-large\" alt=\"\" srcset=\"https:\/\/valfrids.com\/wp-content\/uploads\/2024\/10\/Hildestahl_Medium1_Duffel5.jpg 550w, https:\/\/valfrids.com\/wp-content\/uploads\/2024\/10\/Hildestahl_Medium1_Duffel5-370x400.jpg 370w\" sizes=\"auto, (max-width: 550px) 100vw, 550px\" \/>\t\t\t\t\t\t\n\t\t\t\t\t<\/div>\n\t\t\t\t\t\t\t\t\n<style>\n#image_176766798 {\n  width: 100%;\n}\n<\/style>\n\t<\/div>\n\t\n\n\t<div class=\"img has-hover x md-x lg-x y md-y lg-y\" id=\"image_1240917785\">\n\t\t\t\t\t\t\t\t<div class=\"img-inner dark\" >\n\t\t\t<img loading=\"lazy\" decoding=\"async\" width=\"550\" height=\"594\" src=\"https:\/\/valfrids.com\/wp-content\/uploads\/2024\/10\/Hildestahl_Valfrid_Tote2.jpg\" class=\"attachment-large size-large\" alt=\"\" srcset=\"https:\/\/valfrids.com\/wp-content\/uploads\/2024\/10\/Hildestahl_Valfrid_Tote2.jpg 550w, https:\/\/valfrids.com\/wp-content\/uploads\/2024\/10\/Hildestahl_Valfrid_Tote2-370x400.jpg 370w\" sizes=\"auto, (max-width: 550px) 100vw, 550px\" \/>\t\t\t\t\t\t\n\t\t\t\t\t<\/div>\n\t\t\t\t\t\t\t\t\n<style>\n#image_1240917785 {\n  width: 100%;\n}\n<\/style>\n\t<\/div>\n\t\n\n\t<div class=\"img has-hover x md-x lg-x y md-y lg-y\" id=\"image_648850912\">\n\t\t\t\t\t\t\t\t<div class=\"img-inner dark\" >\n\t\t\t<img loading=\"lazy\" decoding=\"async\" width=\"550\" height=\"594\" src=\"https:\/\/valfrids.com\/wp-content\/uploads\/2024\/10\/Hildestahl_Medium2_Duffel1.jpg\" class=\"attachment-large size-large\" alt=\"\" srcset=\"https:\/\/valfrids.com\/wp-content\/uploads\/2024\/10\/Hildestahl_Medium2_Duffel1.jpg 550w, https:\/\/valfrids.com\/wp-content\/uploads\/2024\/10\/Hildestahl_Medium2_Duffel1-370x400.jpg 370w\" sizes=\"auto, (max-width: 550px) 100vw, 550px\" \/>\t\t\t\t\t\t\n\t\t\t\t\t<\/div>\n\t\t\t\t\t\t\t\t\n<style>\n#image_648850912 {\n  width: 100%;\n}\n<\/style>\n\t<\/div>\n\t\n\n\t<div class=\"img has-hover x md-x lg-x y md-y lg-y\" id=\"image_1913096358\">\n\t\t\t\t\t\t\t\t<div class=\"img-inner dark\" >\n\t\t\t<img loading=\"lazy\" decoding=\"async\" width=\"550\" height=\"594\" src=\"https:\/\/valfrids.com\/wp-content\/uploads\/2024\/10\/Hildestahl_Medium1_Duffel1.jpg\" class=\"attachment-large size-large\" alt=\"\" srcset=\"https:\/\/valfrids.com\/wp-content\/uploads\/2024\/10\/Hildestahl_Medium1_Duffel1.jpg 550w, https:\/\/valfrids.com\/wp-content\/uploads\/2024\/10\/Hildestahl_Medium1_Duffel1-370x400.jpg 370w\" sizes=\"auto, (max-width: 550px) 100vw, 550px\" \/>\t\t\t\t\t\t\n\t\t\t\t\t<\/div>\n\t\t\t\t\t\t\t\t\n<style>\n#image_1913096358 {\n  width: 100%;\n}\n<\/style>\n\t<\/div>\n\t\n\n\t<div class=\"img has-hover x md-x lg-x y md-y lg-y\" id=\"image_246852131\">\n\t\t\t\t\t\t\t\t<div class=\"img-inner dark\" >\n\t\t\t<img loading=\"lazy\" decoding=\"async\" width=\"550\" height=\"594\" src=\"https:\/\/valfrids.com\/wp-content\/uploads\/2024\/10\/Hildestahl_Medium1_Duffel3.jpg\" class=\"attachment-large size-large\" alt=\"\" srcset=\"https:\/\/valfrids.com\/wp-content\/uploads\/2024\/10\/Hildestahl_Medium1_Duffel3.jpg 550w, https:\/\/valfrids.com\/wp-content\/uploads\/2024\/10\/Hildestahl_Medium1_Duffel3-370x400.jpg 370w\" sizes=\"auto, (max-width: 550px) 100vw, 550px\" \/>\t\t\t\t\t\t\n\t\t\t\t\t<\/div>\n\t\t\t\t\t\t\t\t\n<style>\n#image_246852131 {\n  width: 100%;\n}\n<\/style>\n\t<\/div>\n\t\n\n\t<div class=\"img has-hover x md-x lg-x y md-y lg-y\" id=\"image_383963167\">\n\t\t\t\t\t\t\t\t<div class=\"img-inner dark\" >\n\t\t\t<img loading=\"lazy\" decoding=\"async\" width=\"550\" height=\"594\" src=\"https:\/\/valfrids.com\/wp-content\/uploads\/2024\/10\/Hildestahl_Medium1_Duffel4.jpg\" class=\"attachment-large size-large\" alt=\"\" srcset=\"https:\/\/valfrids.com\/wp-content\/uploads\/2024\/10\/Hildestahl_Medium1_Duffel4.jpg 550w, https:\/\/valfrids.com\/wp-content\/uploads\/2024\/10\/Hildestahl_Medium1_Duffel4-370x400.jpg 370w\" sizes=\"auto, (max-width: 550px) 100vw, 550px\" \/>\t\t\t\t\t\t\n\t\t\t\t\t<\/div>\n\t\t\t\t\t\t\t\t\n<style>\n#image_383963167 {\n  width: 100%;\n}\n<\/style>\n\t<\/div>\n\t\n\n\t<div class=\"img has-hover x md-x lg-x y md-y lg-y\" id=\"image_769732213\">\n\t\t\t\t\t\t\t\t<div class=\"img-inner dark\" >\n\t\t\t<img loading=\"lazy\" decoding=\"async\" width=\"550\" height=\"594\" src=\"https:\/\/valfrids.com\/wp-content\/uploads\/2024\/10\/Hildestahl_Medium1_Duffel2.jpg\" class=\"attachment-large size-large\" alt=\"\" srcset=\"https:\/\/valfrids.com\/wp-content\/uploads\/2024\/10\/Hildestahl_Medium1_Duffel2.jpg 550w, https:\/\/valfrids.com\/wp-content\/uploads\/2024\/10\/Hildestahl_Medium1_Duffel2-370x400.jpg 370w\" sizes=\"auto, (max-width: 550px) 100vw, 550px\" \/>\t\t\t\t\t\t\n\t\t\t\t\t<\/div>\n\t\t\t\t\t\t\t\t\n<style>\n#image_769732213 {\n  width: 100%;\n}\n<\/style>\n\t<\/div>\n\t\n\n\t<div class=\"img has-hover x md-x lg-x y md-y lg-y\" id=\"image_70726980\">\n\t\t\t\t\t\t\t\t<div class=\"img-inner dark\" >\n\t\t\t<img loading=\"lazy\" decoding=\"async\" width=\"550\" height=\"594\" src=\"https:\/\/valfrids.com\/wp-content\/uploads\/2024\/10\/Hildestahl_Laholm_Duffel1.jpg\" class=\"attachment-large size-large\" alt=\"\" srcset=\"https:\/\/valfrids.com\/wp-content\/uploads\/2024\/10\/Hildestahl_Laholm_Duffel1.jpg 550w, https:\/\/valfrids.com\/wp-content\/uploads\/2024\/10\/Hildestahl_Laholm_Duffel1-370x400.jpg 370w\" sizes=\"auto, (max-width: 550px) 100vw, 550px\" \/>\t\t\t\t\t\t\n\t\t\t\t\t<\/div>\n\t\t\t\t\t\t\t\t\n<style>\n#image_70726980 {\n  width: 100%;\n}\n<\/style>\n\t<\/div>\n\t\n\n\t<div class=\"img has-hover x md-x lg-x y md-y lg-y\" id=\"image_1592912622\">\n\t\t\t\t\t\t\t\t<div class=\"img-inner dark\" >\n\t\t\t<img loading=\"lazy\" decoding=\"async\" width=\"550\" height=\"594\" src=\"https:\/\/valfrids.com\/wp-content\/uploads\/2024\/10\/Hildestahl_Laholm_Duffel2.jpg\" class=\"attachment-large size-large\" alt=\"\" srcset=\"https:\/\/valfrids.com\/wp-content\/uploads\/2024\/10\/Hildestahl_Laholm_Duffel2.jpg 550w, https:\/\/valfrids.com\/wp-content\/uploads\/2024\/10\/Hildestahl_Laholm_Duffel2-370x400.jpg 370w\" sizes=\"auto, (max-width: 550px) 100vw, 550px\" \/>\t\t\t\t\t\t\n\t\t\t\t\t<\/div>\n\t\t\t\t\t\t\t\t\n<style>\n#image_1592912622 {\n  width: 100%;\n}\n<\/style>\n\t<\/div>\n\t\n\n\n     <\/div>\n\n     <div class=\"loading-spin dark large centered\"><\/div>\n\n\t\n<style>\n#slider-1063022220 .flickity-slider > * {\n  max-width: 348px!important;\n}\n<\/style>\n<\/div>\n\n\n\t<section class=\"section\" id=\"section_274129700\">\n\t\t<div class=\"bg section-bg fill bg-fill  bg-loaded\" >\n\n\t\t\t\n\t\t\t\n\t\t\t\n\n\t\t<\/div>\n\n\t\t\n\n\t\t<div class=\"section-content relative\">\n\t\t\t\n\n<p><span style=\"color: #333333;\"><strong><span style=\"font-size: 130%;\">Valfrids Philosophie<\/span><\/strong><\/span><\/p>\n<p><span style=\"color: #333333;\">&#8222;Kaufe billig und kaufe zweimal&#8220;, sagt man. Valfrids bef\u00fcrwortet stattdessen &#8211; kaufen Sie Qualit\u00e4t, kaufen Sie weniger Dinge und k\u00fcmmern Sie sich um sie.  <br>Die Pflege eines Qualit\u00e4tsartikels gibt Ihnen auch ein Gef\u00fchl der Zufriedenheit.  <br>Es ist auch ein &#8222;Stiefel&#8220; f\u00fcr die Wegwerfgesellschaft, in der vieles von dem, was verkauft wird, eigentlich nur M\u00fcll ist.<br><\/span><\/p>\n\n\t\t<\/div>\n\n\t\t\n<style>\n#section_274129700 {\n  padding-top: 28px;\n  padding-bottom: 28px;\n}\n<\/style>\n\t<\/section>\n\t\n\t<div class=\"img has-hover x md-x lg-x y md-y lg-y\" id=\"image_1484787397\">\n\t\t\t\t\t\t\t\t<div class=\"img-inner dark\" style=\"margin:0px 0px 0px 0px;\">\n\t\t\t<img loading=\"lazy\" decoding=\"async\" width=\"999\" height=\"527\" src=\"https:\/\/valfrids.com\/wp-content\/uploads\/2024\/07\/jia-ye-_D7x0SJjiSs-unsplash-rs-c2.jpg\" class=\"attachment-large size-large\" alt=\"L\u00e4derboots av chelsea boots typ, v\u00e4l anv\u00e4nda, st\u00e5r placerade p\u00e5 ett golv\" srcset=\"https:\/\/valfrids.com\/wp-content\/uploads\/2024\/07\/jia-ye-_D7x0SJjiSs-unsplash-rs-c2.jpg 999w, https:\/\/valfrids.com\/wp-content\/uploads\/2024\/07\/jia-ye-_D7x0SJjiSs-unsplash-rs-c2-758x400.jpg 758w, https:\/\/valfrids.com\/wp-content\/uploads\/2024\/07\/jia-ye-_D7x0SJjiSs-unsplash-rs-c2-768x405.jpg 768w, https:\/\/valfrids.com\/wp-content\/uploads\/2024\/07\/jia-ye-_D7x0SJjiSs-unsplash-rs-c2-600x317.jpg 600w\" sizes=\"auto, (max-width: 999px) 100vw, 999px\" \/>\t\t\t\t\t\t\n\t\t\t\t\t<\/div>\n\t\t\t\t\t\t\t\t\n<style>\n#image_1484787397 {\n  width: 100%;\n}\n<\/style>\n\t<\/div>\n\t\n\n\n","protected":false},"excerpt":{"rendered":"","protected":false},"author":1,"featured_media":0,"parent":0,"menu_order":0,"comment_status":"closed","ping_status":"closed","template":"","meta":{"footnotes":""},"class_list":["post-1071","page","type-page","status-publish","hentry"],"_links":{"self":[{"href":"https:\/\/valfrids.com\/de\/wp-json\/wp\/v2\/pages\/1071","targetHints":{"allow":["GET"]}}],"collection":[{"href":"https:\/\/valfrids.com\/de\/wp-json\/wp\/v2\/pages"}],"about":[{"href":"https:\/\/valfrids.com\/de\/wp-json\/wp\/v2\/types\/page"}],"author":[{"embeddable":true,"href":"https:\/\/valfrids.com\/de\/wp-json\/wp\/v2\/users\/1"}],"replies":[{"embeddable":true,"href":"https:\/\/valfrids.com\/de\/wp-json\/wp\/v2\/comments?post=1071"}],"version-history":[{"count":16,"href":"https:\/\/valfrids.com\/de\/wp-json\/wp\/v2\/pages\/1071\/revisions"}],"predecessor-version":[{"id":1743,"href":"https:\/\/valfrids.com\/de\/wp-json\/wp\/v2\/pages\/1071\/revisions\/1743"}],"wp:attachment":[{"href":"https:\/\/valfrids.com\/de\/wp-json\/wp\/v2\/media?parent=1071"}],"curies":[{"name":"wp","href":"https:\/\/api.w.org\/{rel}","templated":true}]}}